{"id":2873,"date":"2022-02-02T03:17:07","date_gmt":"2022-02-02T03:17:07","guid":{"rendered":"http:\/\/invisbu.gov.co\/contenido\/?page_id=2873"},"modified":"2022-12-19T16:30:31","modified_gmt":"2022-12-19T16:30:31","slug":"procesos-contratacion","status":"publish","type":"page","link":"https:\/\/invisbu.gov.co\/contenido\/procesos-contratacion\/","title":{"rendered":"Licitaciones y Procesos de Contrataci\u00f3n"},"content":{"rendered":"<p><div class=\"fusion-fullwidth fullwidth-box fusion-builder-row-1 nonhundred-percent-fullwidth non-hundred-percent-height-scrolling\" style=\"--awb-border-radius-top-left:0px;--awb-border-radius-top-right:0px;--awb-border-radius-bottom-right:0px;--awb-border-radius-bottom-left:0px;--awb-padding-top:5px;--awb-padding-bottom:5px;--awb-background-color:rgba(255,255,255,0);--awb-flex-wrap:wrap;\" ><div class=\"fusion-builder-row fusion-row\"><div class=\"fusion-layout-column fusion_builder_column fusion-builder-column-0 fusion_builder_column_1_1 1_1 fusion-one-full fusion-column-first fusion-column-last\" style=\"--awb-bg-color:rgba(255,255,255,0);--awb-bg-color-hover:rgba(255,255,255,0);--awb-bg-size:cover;--awb-margin-bottom:10px;\"><div class=\"fusion-column-wrapper fusion-flex-column-wrapper-legacy\"><div class=\"fusion-text fusion-text-1\"><h1 style=\"text-align: center;\">Licitaciones y Procesos de Contrataci\u00f3n<\/h1>\n<\/div><div class=\"fusion-text fusion-text-2\"><p align=\"justify\">Puede consultar el historico de todos los procesos de contrataci\u00f3n del INVISBU, accediendo directamente al <a href=\"https:\/\/community.secop.gov.co\/Public\/Tendering\/ContractNoticeManagement\/Index?currentLanguage=es-CO&amp;Page=login&amp;Country=CO&amp;SkinName=CCE\">SECOP II<\/a> haciendo <a href=\"https:\/\/community.secop.gov.co\/Public\/Tendering\/ContractNoticeManagement\/Index?currentLanguage=es-CO&amp;Page=login&amp;Country=CO&amp;SkinName=CCE\">Clic Aqu\u00ed<\/a> y colocando el NIT de la entidad (804001897) en el primer campo denominado &#8220;Datos de la entidad&#8221;.<\/p>\n<\/div><div class=\"fusion-text fusion-text-3\"><p align=\"justify\">Cumpliendo con los principios de transparencia y con el fin de promover la participaci\u00f3n de varios oferentes en nuestros procesos, a\u00a0continuaci\u00f3n encontrar\u00e1 el conjunto de Licitaciones y procesos de contrataci\u00f3n de la Entidad, de los cuales podr\u00e1 leer el documento legal correspondiente asi como acceder directamente al enlace del SECOP II :<\/p>\n<\/div>\n<div class=\"table-1\">\n<table width=\"100%\">\n<thead>\n<tr>\n<th style=\"text-align: center;\" align=\"left\">Nombre del Proceso<\/th>\n<th style=\"text-align: center;\" align=\"left\">Objeto del proceso<\/th>\n<th style=\"text-align: center;\" align=\"left\">Documento del proceso<\/th>\n<th style=\"text-align: center;\" align=\"left\">V\u00ednculo SECOP II<\/th>\n<\/tr>\n<\/thead>\n<tbody>\n<tr>\n<td>MC-018-2022<\/td>\n<td style=\"text-align: center;\" align=\"left\">SUMINISTRO E INSTALACI\u00d3N DE EQUIPO DESFIBRILADOR EXTERNO AUTOMATICO<\/td>\n<td style=\"text-align: center;\" align=\"left\"><a href=\"http:\/\/invisbu.gov.co\/contenido\/wp-content\/uploads\/2022\/12\/SuministroInstalacionEquipoDesfibrilador.jpeg\" target=\"_blank\" rel=\"noopener\"><img decoding=\"async\" class=\"alignnone wp-image-2510\" src=\"https:\/\/invisbu.gov.co\/contenido\/wp-content\/uploads\/2019\/08\/icono-PDF-200x232.png\" alt=\"icono-excel\" width=\"50\" height=\"50\" \/><\/a><\/td>\n<td style=\"text-align: center;\" align=\"left\"><a href=\"https:\/\/community.secop.gov.co\/Public\/Tendering\/ContractNoticePhases\/View?PPI=CO1.PPI.22031429&amp;isFromPublicArea=True&amp;isModal=False\" target=\"_blank\" rel=\"noopener\"><img decoding=\"async\" class=\"alignnone wp-image-2509\" src=\"http:\/\/invisbu.gov.co\/contenido\/wp-content\/uploads\/2019\/08\/kisspng-computer-icons-hyperlink-link-150x150.jpg\" alt=\"Enlace\" width=\"47\" height=\"47\" srcset=\"https:\/\/invisbu.gov.co\/contenido\/wp-content\/uploads\/2019\/08\/kisspng-computer-icons-hyperlink-link-66x66.jpg 66w, https:\/\/invisbu.gov.co\/contenido\/wp-content\/uploads\/2019\/08\/kisspng-computer-icons-hyperlink-link-150x150.jpg 150w, https:\/\/invisbu.gov.co\/contenido\/wp-content\/uploads\/2019\/08\/kisspng-computer-icons-hyperlink-link-200x200.jpg 200w, https:\/\/invisbu.gov.co\/contenido\/wp-content\/uploads\/2019\/08\/kisspng-computer-icons-hyperlink-link-300x300.jpg 300w, https:\/\/invisbu.gov.co\/contenido\/wp-content\/uploads\/2019\/08\/kisspng-computer-icons-hyperlink-link-400x400.jpg 400w, https:\/\/invisbu.gov.co\/contenido\/wp-content\/uploads\/2019\/08\/kisspng-computer-icons-hyperlink-link-600x600.jpg 600w, https:\/\/invisbu.gov.co\/contenido\/wp-content\/uploads\/2019\/08\/kisspng-computer-icons-hyperlink-link-768x768.jpg 768w, https:\/\/invisbu.gov.co\/contenido\/wp-content\/uploads\/2019\/08\/kisspng-computer-icons-hyperlink-link-800x800.jpg 800w, https:\/\/invisbu.gov.co\/contenido\/wp-content\/uploads\/2019\/08\/kisspng-computer-icons-hyperlink-link.jpg 900w\" sizes=\"(max-width: 47px) 100vw, 47px\" \/><\/a><\/td>\n<\/tr>\n<tr>\n<td>MC-017-2022<\/td>\n<td style=\"text-align: center;\" align=\"left\">SUMINISTRO E INSTALACI\u00d3N DE EQUIPOS DE AIRE ACONDICIONADO<\/td>\n<td style=\"text-align: center;\" align=\"left\"><a href=\"http:\/\/invisbu.gov.co\/contenido\/wp-content\/uploads\/2022\/12\/SuministroInstalacionEquiposAireAcondicionado.jpeg\" target=\"_blank\" rel=\"noopener\"><img decoding=\"async\" class=\"alignnone wp-image-2510\" src=\"https:\/\/invisbu.gov.co\/contenido\/wp-content\/uploads\/2019\/08\/icono-PDF-200x232.png\" alt=\"icono-excel\" width=\"50\" height=\"50\" \/><\/a><\/td>\n<td style=\"text-align: center;\" align=\"left\"><a href=\"https:\/\/community.secop.gov.co\/Public\/Tendering\/ContractNoticePhases\/View?PPI=CO1.PPI.22030972&amp;isFromPublicArea=True&amp;isModal=False\" target=\"_blank\" rel=\"noopener\"><img decoding=\"async\" class=\"alignnone wp-image-2509\" src=\"http:\/\/invisbu.gov.co\/contenido\/wp-content\/uploads\/2019\/08\/kisspng-computer-icons-hyperlink-link-150x150.jpg\" alt=\"Enlace\" width=\"47\" height=\"47\" srcset=\"https:\/\/invisbu.gov.co\/contenido\/wp-content\/uploads\/2019\/08\/kisspng-computer-icons-hyperlink-link-66x66.jpg 66w, https:\/\/invisbu.gov.co\/contenido\/wp-content\/uploads\/2019\/08\/kisspng-computer-icons-hyperlink-link-150x150.jpg 150w, https:\/\/invisbu.gov.co\/contenido\/wp-content\/uploads\/2019\/08\/kisspng-computer-icons-hyperlink-link-200x200.jpg 200w, https:\/\/invisbu.gov.co\/contenido\/wp-content\/uploads\/2019\/08\/kisspng-computer-icons-hyperlink-link-300x300.jpg 300w, https:\/\/invisbu.gov.co\/contenido\/wp-content\/uploads\/2019\/08\/kisspng-computer-icons-hyperlink-link-400x400.jpg 400w, https:\/\/invisbu.gov.co\/contenido\/wp-content\/uploads\/2019\/08\/kisspng-computer-icons-hyperlink-link-600x600.jpg 600w, https:\/\/invisbu.gov.co\/contenido\/wp-content\/uploads\/2019\/08\/kisspng-computer-icons-hyperlink-link-768x768.jpg 768w, https:\/\/invisbu.gov.co\/contenido\/wp-content\/uploads\/2019\/08\/kisspng-computer-icons-hyperlink-link-800x800.jpg 800w, https:\/\/invisbu.gov.co\/contenido\/wp-content\/uploads\/2019\/08\/kisspng-computer-icons-hyperlink-link.jpg 900w\" sizes=\"(max-width: 47px) 100vw, 47px\" \/><\/a><\/td>\n<\/tr>\n<tr>\n<td>MC-016-2022<\/td>\n<td style=\"text-align: center;\" align=\"left\">SUMINISTRO DE ELEMENTOS DE PAPELERIA Y UTILES DE OFICINA<\/td>\n<td style=\"text-align: center;\" align=\"left\"><a href=\"http:\/\/invisbu.gov.co\/contenido\/wp-content\/uploads\/2022\/12\/convocatoria.pdf\" target=\"_blank\" rel=\"noopener\"><img decoding=\"async\" class=\"alignnone wp-image-2510\" src=\"https:\/\/invisbu.gov.co\/contenido\/wp-content\/uploads\/2019\/08\/icono-PDF-200x232.png\" alt=\"icono-excel\" width=\"50\" height=\"50\" \/><\/a><\/td>\n<td style=\"text-align: center;\" align=\"left\"><a href=\"https:\/\/community.secop.gov.co\/Public\/Tendering\/ContractNoticePhases\/View?PPI=CO1.PPI.22146748&amp;isFromPublicArea=True&amp;isModal=False\" target=\"_blank\" rel=\"noopener\"><img decoding=\"async\" class=\"alignnone wp-image-2509\" src=\"http:\/\/invisbu.gov.co\/contenido\/wp-content\/uploads\/2019\/08\/kisspng-computer-icons-hyperlink-link-150x150.jpg\" alt=\"Enlace\" width=\"47\" height=\"47\" srcset=\"https:\/\/invisbu.gov.co\/contenido\/wp-content\/uploads\/2019\/08\/kisspng-computer-icons-hyperlink-link-66x66.jpg 66w, https:\/\/invisbu.gov.co\/contenido\/wp-content\/uploads\/2019\/08\/kisspng-computer-icons-hyperlink-link-150x150.jpg 150w, https:\/\/invisbu.gov.co\/contenido\/wp-content\/uploads\/2019\/08\/kisspng-computer-icons-hyperlink-link-200x200.jpg 200w, https:\/\/invisbu.gov.co\/contenido\/wp-content\/uploads\/2019\/08\/kisspng-computer-icons-hyperlink-link-300x300.jpg 300w, https:\/\/invisbu.gov.co\/contenido\/wp-content\/uploads\/2019\/08\/kisspng-computer-icons-hyperlink-link-400x400.jpg 400w, https:\/\/invisbu.gov.co\/contenido\/wp-content\/uploads\/2019\/08\/kisspng-computer-icons-hyperlink-link-600x600.jpg 600w, https:\/\/invisbu.gov.co\/contenido\/wp-content\/uploads\/2019\/08\/kisspng-computer-icons-hyperlink-link-768x768.jpg 768w, https:\/\/invisbu.gov.co\/contenido\/wp-content\/uploads\/2019\/08\/kisspng-computer-icons-hyperlink-link-800x800.jpg 800w, https:\/\/invisbu.gov.co\/contenido\/wp-content\/uploads\/2019\/08\/kisspng-computer-icons-hyperlink-link.jpg 900w\" sizes=\"(max-width: 47px) 100vw, 47px\" \/><\/a><\/td>\n<\/tr>\n<tr>\n<td>MC-015-2022<\/td>\n<td style=\"text-align: center;\" align=\"left\">SUMINISTRO DE ELEMENTOS DE PAPELERIA<\/td>\n<td style=\"text-align: center;\" align=\"left\"><a href=\"http:\/\/invisbu.gov.co\/contenido\/wp-content\/uploads\/2022\/12\/SuministroElementosPapeleria.jpeg\" target=\"_blank\" rel=\"noopener\"><img decoding=\"async\" class=\"alignnone wp-image-2510\" src=\"https:\/\/invisbu.gov.co\/contenido\/wp-content\/uploads\/2019\/08\/icono-PDF-200x232.png\" alt=\"icono-excel\" width=\"50\" height=\"50\" \/><\/a><\/td>\n<\/tr>\n<tr>\n<td>MC-015-2022<\/td>\n<td style=\"text-align: center;\" align=\"left\">COMPRA DE CINCUENTA Y CINCO(55) LICENCIAS ANTIIVIRUS<\/td>\n<td style=\"text-align: center;\" align=\"left\"><a href=\"http:\/\/invisbu.gov.co\/contenido\/wp-content\/uploads\/2022\/12\/Compra55LicenciasAntivirus.jpeg\" target=\"_blank\" rel=\"noopener\"><img decoding=\"async\" class=\"alignnone wp-image-2510\" src=\"https:\/\/invisbu.gov.co\/contenido\/wp-content\/uploads\/2019\/08\/icono-PDF-200x232.png\" alt=\"icono-excel\" width=\"50\" height=\"50\" \/><\/a><\/td>\n<td style=\"text-align: center;\" align=\"left\"><a href=\"https:\/\/community.secop.gov.co\/Public\/Tendering\/ContractNoticePhases\/View?PPI=CO1.PPI.22029253&amp;isFromPublicArea=True&amp;isModal=False\" target=\"_blank\" rel=\"noopener\"><img decoding=\"async\" class=\"alignnone wp-image-2509\" src=\"http:\/\/invisbu.gov.co\/contenido\/wp-content\/uploads\/2019\/08\/kisspng-computer-icons-hyperlink-link-150x150.jpg\" alt=\"Enlace\" width=\"47\" height=\"47\" srcset=\"https:\/\/invisbu.gov.co\/contenido\/wp-content\/uploads\/2019\/08\/kisspng-computer-icons-hyperlink-link-66x66.jpg 66w, https:\/\/invisbu.gov.co\/contenido\/wp-content\/uploads\/2019\/08\/kisspng-computer-icons-hyperlink-link-150x150.jpg 150w, https:\/\/invisbu.gov.co\/contenido\/wp-content\/uploads\/2019\/08\/kisspng-computer-icons-hyperlink-link-200x200.jpg 200w, https:\/\/invisbu.gov.co\/contenido\/wp-content\/uploads\/2019\/08\/kisspng-computer-icons-hyperlink-link-300x300.jpg 300w, https:\/\/invisbu.gov.co\/contenido\/wp-content\/uploads\/2019\/08\/kisspng-computer-icons-hyperlink-link-400x400.jpg 400w, https:\/\/invisbu.gov.co\/contenido\/wp-content\/uploads\/2019\/08\/kisspng-computer-icons-hyperlink-link-600x600.jpg 600w, https:\/\/invisbu.gov.co\/contenido\/wp-content\/uploads\/2019\/08\/kisspng-computer-icons-hyperlink-link-768x768.jpg 768w, https:\/\/invisbu.gov.co\/contenido\/wp-content\/uploads\/2019\/08\/kisspng-computer-icons-hyperlink-link-800x800.jpg 800w, https:\/\/invisbu.gov.co\/contenido\/wp-content\/uploads\/2019\/08\/kisspng-computer-icons-hyperlink-link.jpg 900w\" sizes=\"(max-width: 47px) 100vw, 47px\" \/><\/a><\/td>\n<\/tr>\n<tr>\n<td>MC-014-2022<\/td>\n<td style=\"text-align: center;\" align=\"left\">PRESTACI\u00d3N DE SERVICIO DE SIEMBRA DE MATERIAL VEGETAL<\/td>\n<td style=\"text-align: center;\" align=\"left\"><a href=\"http:\/\/invisbu.gov.co\/contenido\/wp-content\/uploads\/2022\/11\/convocatoria-nov-2022.pdf\" target=\"_blank\" rel=\"noopener\"><img decoding=\"async\" class=\"alignnone wp-image-2510\" src=\"https:\/\/invisbu.gov.co\/contenido\/wp-content\/uploads\/2019\/08\/icono-PDF-200x232.png\" alt=\"icono-excel\" width=\"50\" height=\"50\" \/><\/a><\/td>\n<\/tr>\n<tr>\n<td><\/td>\n<td style=\"text-align: center;\" align=\"left\">RESUMEN CONVOCATORIAS 2022<\/td>\n<td style=\"text-align: center;\" align=\"left\"><a href=\"https:\/\/invisbu.gov.co\/documentos\/publicaciones\/coonvocatorias_PagWeb_1er_Sem2022.pdf\" target=\"_blank\" rel=\"noopener\"><img decoding=\"async\" class=\"alignnone wp-image-2510\" src=\"https:\/\/invisbu.gov.co\/contenido\/wp-content\/uploads\/2019\/08\/icono-PDF-200x232.png\" alt=\"icono-excel\" width=\"50\" height=\"50\" \/><\/a><\/td>\n<\/tr>\n<tr>\n<td>LP 002-2022<\/td>\n<td style=\"text-align: center;\" align=\"left\">MEJORAMIENTO URBANO Y RURAL EN EL MARCO DE LOS 400 A\u00d1OS DEL MUNICIPIO DE<br \/>\nBUCARAMANGA<\/td>\n<td style=\"text-align: center;\" align=\"left\"><a href=\"https:\/\/invisbu.gov.co\/documentos\/publicaciones\/Aviso_Licitacion_LP-002-2022.pdf\" target=\"_blank\" rel=\"noopener\"><img decoding=\"async\" class=\"alignnone wp-image-2510\" src=\"https:\/\/invisbu.gov.co\/contenido\/wp-content\/uploads\/2019\/08\/icono-PDF-200x232.png\" alt=\"icono-excel\" width=\"50\" height=\"50\" \/><\/a><\/td>\n<td style=\"text-align: center;\" align=\"left\"><a href=\"https:\/\/community.secop.gov.co\/Public\/Tendering\/ContractNoticePhases\/View?PPI=CO1.PPI.18442741&amp;isFromPublicArea=True&amp;isModal=False\" target=\"_blank\" rel=\"noopener\"><img decoding=\"async\" class=\"alignnone wp-image-2509\" src=\"http:\/\/invisbu.gov.co\/contenido\/wp-content\/uploads\/2019\/08\/kisspng-computer-icons-hyperlink-link-150x150.jpg\" alt=\"Enlace\" width=\"47\" height=\"47\" srcset=\"https:\/\/invisbu.gov.co\/contenido\/wp-content\/uploads\/2019\/08\/kisspng-computer-icons-hyperlink-link-66x66.jpg 66w, https:\/\/invisbu.gov.co\/contenido\/wp-content\/uploads\/2019\/08\/kisspng-computer-icons-hyperlink-link-150x150.jpg 150w, https:\/\/invisbu.gov.co\/contenido\/wp-content\/uploads\/2019\/08\/kisspng-computer-icons-hyperlink-link-200x200.jpg 200w, https:\/\/invisbu.gov.co\/contenido\/wp-content\/uploads\/2019\/08\/kisspng-computer-icons-hyperlink-link-300x300.jpg 300w, https:\/\/invisbu.gov.co\/contenido\/wp-content\/uploads\/2019\/08\/kisspng-computer-icons-hyperlink-link-400x400.jpg 400w, https:\/\/invisbu.gov.co\/contenido\/wp-content\/uploads\/2019\/08\/kisspng-computer-icons-hyperlink-link-600x600.jpg 600w, https:\/\/invisbu.gov.co\/contenido\/wp-content\/uploads\/2019\/08\/kisspng-computer-icons-hyperlink-link-768x768.jpg 768w, https:\/\/invisbu.gov.co\/contenido\/wp-content\/uploads\/2019\/08\/kisspng-computer-icons-hyperlink-link-800x800.jpg 800w, https:\/\/invisbu.gov.co\/contenido\/wp-content\/uploads\/2019\/08\/kisspng-computer-icons-hyperlink-link.jpg 900w\" sizes=\"(max-width: 47px) 100vw, 47px\" \/><\/a><\/td>\n<\/tr>\n<tr>\n<td>LP 001-2022<\/td>\n<td style=\"text-align: center;\" align=\"left\">SELECCiON DE UNA PERSONA NATURAL O JURiDICA CON EL PROPOSITO DE FORMULAR\uff0c<br \/>\nDISE\u00d1AR, CONSTRUIR Y COMERCIALiZAR UN PROYECTO DE VIViENDA DE INTERES PRIORITARIO EN EL PREDIO LOTE 3 PROYECTO LA ESTACiON FASE 2 Y FASE 3 CAFE MADRID DE LA CIUDAD DE BUCARAMANGA DIRIGIDO A LOS BENEFICIARIOS DE SUBSIDIOS DE VIVIENDA<\/td>\n<td style=\"text-align: center;\" align=\"left\"><a href=\"https:\/\/invisbu.gov.co\/documentos\/publicaciones\/Procesos_Contratacion\/LP_001-2022_CAFE_MADRID.pdf\" target=\"_blank\" rel=\"noopener\"><img decoding=\"async\" class=\"alignnone wp-image-2510\" src=\"https:\/\/invisbu.gov.co\/contenido\/wp-content\/uploads\/2019\/08\/icono-PDF-200x232.png\" alt=\"icono-excel\" width=\"50\" height=\"50\" \/><\/a><\/td>\n<td style=\"text-align: center;\" align=\"left\"><a href=\"https:\/\/community.secop.gov.co\/Public\/Tendering\/OpportunityDetail\/Index?noticeUID=CO1.NTC.2759492&amp;isFromPublicArea=True&amp;isModal=False\" target=\"_blank\" rel=\"noopener\"><img decoding=\"async\" class=\"alignnone wp-image-2509\" src=\"http:\/\/invisbu.gov.co\/contenido\/wp-content\/uploads\/2019\/08\/kisspng-computer-icons-hyperlink-link-150x150.jpg\" alt=\"Enlace\" width=\"47\" height=\"47\" srcset=\"https:\/\/invisbu.gov.co\/contenido\/wp-content\/uploads\/2019\/08\/kisspng-computer-icons-hyperlink-link-66x66.jpg 66w, https:\/\/invisbu.gov.co\/contenido\/wp-content\/uploads\/2019\/08\/kisspng-computer-icons-hyperlink-link-150x150.jpg 150w, https:\/\/invisbu.gov.co\/contenido\/wp-content\/uploads\/2019\/08\/kisspng-computer-icons-hyperlink-link-200x200.jpg 200w, https:\/\/invisbu.gov.co\/contenido\/wp-content\/uploads\/2019\/08\/kisspng-computer-icons-hyperlink-link-300x300.jpg 300w, https:\/\/invisbu.gov.co\/contenido\/wp-content\/uploads\/2019\/08\/kisspng-computer-icons-hyperlink-link-400x400.jpg 400w, https:\/\/invisbu.gov.co\/contenido\/wp-content\/uploads\/2019\/08\/kisspng-computer-icons-hyperlink-link-600x600.jpg 600w, https:\/\/invisbu.gov.co\/contenido\/wp-content\/uploads\/2019\/08\/kisspng-computer-icons-hyperlink-link-768x768.jpg 768w, https:\/\/invisbu.gov.co\/contenido\/wp-content\/uploads\/2019\/08\/kisspng-computer-icons-hyperlink-link-800x800.jpg 800w, https:\/\/invisbu.gov.co\/contenido\/wp-content\/uploads\/2019\/08\/kisspng-computer-icons-hyperlink-link.jpg 900w\" sizes=\"(max-width: 47px) 100vw, 47px\" \/><\/a><\/td>\n<\/tr>\n<tr>\n<td><\/td>\n<td style=\"text-align: center;\" align=\"left\">INFORME CONTRATACI\u00d3N 2021<\/td>\n<td style=\"text-align: center;\" align=\"left\"><a href=\"https:\/\/invisbu.gov.co\/documentos\/publicaciones\/Informe_Contratacion_2021.pdf\" target=\"_blank\" rel=\"noopener\"><img decoding=\"async\" class=\"alignnone wp-image-2510\" src=\"https:\/\/invisbu.gov.co\/contenido\/wp-content\/uploads\/2019\/08\/icono-PDF-200x232.png\" alt=\"icono-excel\" width=\"50\" height=\"50\" \/><\/a><\/td>\n<\/tr>\n<\/tbody>\n<\/table>\n<\/div>\n<div class=\"fusion-clearfix\"><\/div><\/div><\/div><\/div><\/div><div class=\"fusion-fullwidth fullwidth-box fusion-builder-row-2 nonhundred-percent-fullwidth non-hundred-percent-height-scrolling\" style=\"--awb-border-radius-top-left:0px;--awb-border-radius-top-right:0px;--awb-border-radius-bottom-right:0px;--awb-border-radius-bottom-left:0px;--awb-padding-top:15px;--awb-padding-bottom:5px;--awb-flex-wrap:wrap;\" ><div class=\"fusion-builder-row fusion-row\"><div class=\"fusion-layout-column fusion_builder_column fusion-builder-column-1 fusion_builder_column_1_1 1_1 fusion-one-full fusion-column-first fusion-column-last\" style=\"--awb-bg-size:cover;\"><div class=\"fusion-column-wrapper fusion-flex-column-wrapper-legacy\"><div class=\"fusion-section-separator section-separator triangle fusion-section-separator-1\" style=\"--awb-border-bottom:1px solid #f6f6f6;--awb-spacer-height:1px;--awb-svg-margin-left:0;--awb-svg-margin-right:0;--awb-icon-color:#ffffff;\"><div class=\"fusion-section-separator-svg\"><div class=\"divider-candy-arrow bottom\" style=\"top:0px;border-top-color: #53c1f4;\"><\/div><div class=\"divider-candy bottom\" style=\"bottom:-21px;border-bottom:1px solid #f6f6f6;border-left:1px solid #f6f6f6;\"><\/div><\/div><div class=\"fusion-section-separator-spacer\"><div class=\"fusion-section-separator-spacer-height\"><\/div><\/div><\/div><div class=\"fusion-clearfix\"><\/div><\/div><\/div><\/div><\/div><\/p>\n","protected":false},"excerpt":{"rendered":"","protected":false},"author":1,"featured_media":0,"parent":0,"menu_order":0,"comment_status":"closed","ping_status":"closed","template":"","meta":{"footnotes":""},"class_list":["post-2873","page","type-page","status-publish","hentry"],"_links":{"self":[{"href":"https:\/\/invisbu.gov.co\/contenido\/wp-json\/wp\/v2\/pages\/2873","targetHints":{"allow":["GET"]}}],"collection":[{"href":"https:\/\/invisbu.gov.co\/contenido\/wp-json\/wp\/v2\/pages"}],"about":[{"href":"https:\/\/invisbu.gov.co\/contenido\/wp-json\/wp\/v2\/types\/page"}],"author":[{"embeddable":true,"href":"https:\/\/invisbu.gov.co\/contenido\/wp-json\/wp\/v2\/users\/1"}],"replies":[{"embeddable":true,"href":"https:\/\/invisbu.gov.co\/contenido\/wp-json\/wp\/v2\/comments?post=2873"}],"version-history":[{"count":20,"href":"https:\/\/invisbu.gov.co\/contenido\/wp-json\/wp\/v2\/pages\/2873\/revisions"}],"predecessor-version":[{"id":3098,"href":"https:\/\/invisbu.gov.co\/contenido\/wp-json\/wp\/v2\/pages\/2873\/revisions\/3098"}],"wp:attachment":[{"href":"https:\/\/invisbu.gov.co\/contenido\/wp-json\/wp\/v2\/media?parent=2873"}],"curies":[{"name":"wp","href":"https:\/\/api.w.org\/{rel}","templated":true}]}}