{"id":2777,"date":"2021-08-30T03:52:43","date_gmt":"2021-08-30T03:52:43","guid":{"rendered":"http:\/\/invisbu.gov.co\/contenido\/?page_id=2777"},"modified":"2022-11-24T21:42:24","modified_gmt":"2022-11-24T21:42:24","slug":"informate-conectate","status":"publish","type":"page","link":"https:\/\/invisbu.gov.co\/contenido\/informate-conectate\/","title":{"rendered":"Informat\u00e9 y conectat\u00e9 con el INVISBU"},"content":{"rendered":"<p><div class=\"fusion-fullwidth fullwidth-box fusion-builder-row-1 nonhundred-percent-fullwidth non-hundred-percent-height-scrolling\" style=\"--awb-background-position:left top;--awb-border-radius-top-left:0px;--awb-border-radius-top-right:0px;--awb-border-radius-bottom-right:0px;--awb-border-radius-bottom-left:0px;--awb-padding-top:30px;--awb-padding-bottom:30px;--awb-background-color:#f5f5f5;--awb-border-sizes-top:0px;--awb-border-sizes-bottom:0px;--awb-flex-wrap:wrap;\" ><div class=\"fusion-builder-row fusion-row\"><div class=\"fusion-layout-column fusion_builder_column fusion-builder-column-0 fusion_builder_column_1_1 1_1 fusion-one-full fusion-column-first fusion-column-last fusion-column-no-min-height\" style=\"--awb-bg-size:cover;--awb-margin-bottom:0px;\"><div class=\"fusion-column-wrapper fusion-flex-column-wrapper-legacy\"><div class=\"fusion-sep-clear\"><\/div><div class=\"fusion-separator fusion-full-width-sep\" style=\"margin-left: auto;margin-right: auto;width:100%;\"><div class=\"fusion-separator-border sep-single sep-solid\" style=\"--awb-height:20px;--awb-amount:20px;--awb-sep-color:#55a098;border-color:#55a098;border-top-width:5px;\"><\/div><\/div><div class=\"fusion-sep-clear\"><\/div><div class=\"fusion-clearfix\"><\/div><\/div><\/div><\/div><\/div><div class=\"fusion-fullwidth fullwidth-box fusion-builder-row-2 nonhundred-percent-fullwidth non-hundred-percent-height-scrolling\" style=\"--awb-background-position:left top;--awb-background-repeat:repeat;--awb-border-radius-top-left:0px;--awb-border-radius-top-right:0px;--awb-border-radius-bottom-right:0px;--awb-border-radius-bottom-left:0px;--awb-padding-top:0px;--awb-padding-bottom:0px;--awb-margin-top:0px;--awb-margin-bottom:0px;--awb-background-color:rgba(255,255,255,0.5);--awb-border-sizes-top:0px;--awb-border-sizes-bottom:0px;--awb-flex-wrap:wrap;\" ><div class=\"fusion-builder-row fusion-row\"><div class=\"fusion-layout-column fusion_builder_column fusion-builder-column-1 fusion_builder_column_1_1 1_1 fusion-one-full fusion-column-first fusion-column-last fusion-column-no-min-height\" style=\"--awb-bg-size:cover;--awb-margin-bottom:0px;\"><div class=\"fusion-column-wrapper fusion-flex-column-wrapper-legacy\"><div class=\"fusion-text fusion-text-1\"><h2 style=\"text-align: center;\">INFORMACI\u00d3N IMPORTANTE SOBRE LOS PROGRAMAS Y SUBSIDIOS DE VIVIENDA<\/h2>\n<\/div><div class=\"fusion-sep-clear\"><\/div><div class=\"fusion-separator\" style=\"margin-left: auto;margin-right: auto;margin-top:5px;margin-bottom:20px;width:100%;max-width:170px;\"><div class=\"fusion-separator-border sep-single sep-solid\" style=\"--awb-height:20px;--awb-amount:20px;--awb-sep-color:#dfdddd;border-color:#dfdddd;border-top-width:1px;\"><\/div><\/div><div class=\"fusion-sep-clear\"><\/div><div class=\"fusion-clearfix\"><\/div><\/div><\/div><\/div><\/div><div class=\"fusion-fullwidth fullwidth-box fusion-builder-row-3 nonhundred-percent-fullwidth non-hundred-percent-height-scrolling fusion-equal-height-columns\" style=\"--awb-background-position:left top;--awb-background-repeat:repeat;--awb-border-radius-top-left:0px;--awb-border-radius-top-right:0px;--awb-border-radius-bottom-right:0px;--awb-border-radius-bottom-left:0px;--awb-padding-top:0px;--awb-padding-bottom:10px;--awb-background-color:rgba(255,255,255,0.5);--awb-border-sizes-top:0px;--awb-border-sizes-bottom:0px;--awb-flex-wrap:wrap;\" ><div class=\"fusion-builder-row fusion-row\"><div class=\"fusion-layout-column fusion_builder_column fusion-builder-column-2 fusion_builder_column_1_1 1_1 fusion-one-full fusion-column-first fusion-column-last\" style=\"--awb-bg-size:cover;\"><div class=\"fusion-column-wrapper fusion-flex-column-wrapper-legacy\"><div class=\"accordian fusion-accordian\" style=\"--awb-border-size:1px;--awb-icon-size:16px;--awb-content-font-size:14px;--awb-icon-alignment:left;--awb-hover-color:var(--awb-color2);--awb-border-color:var(--awb-color3);--awb-background-color:var(--awb-color1);--awb-divider-color:#e0dede;--awb-divider-hover-color:#e0dede;--awb-icon-color:var(--awb-color1);--awb-title-color:#549f97;--awb-content-color:#666666;--awb-icon-box-color:#333333;--awb-toggle-hover-accent-color:#549f97;--awb-title-font-family:&quot;Raleway&quot;;--awb-title-font-weight:700;--awb-title-font-style:normal;--awb-title-font-size:16px;--awb-title-letter-spacing:0px;--awb-title-line-height:1.43;--awb-content-font-family:&quot;Open Sans&quot;;--awb-content-font-style:normal;--awb-content-font-weight:400;\"><div class=\"panel-group fusion-toggle-icon-boxed\" id=\"accordion-2777-1\"><div class=\"fusion-panel panel-default panel-3cec6de59f08ef696 fusion-toggle-has-divider\"><div class=\"panel-heading\"><h4 class=\"panel-title toggle\" id=\"toggle_3cec6de59f08ef696\"><a class=\"active\" aria-expanded=\"true\" aria-controls=\"3cec6de59f08ef696\" role=\"button\" data-toggle=\"collapse\" data-parent=\"#accordion-2777-1\" data-target=\"#3cec6de59f08ef696\" href=\"#3cec6de59f08ef696\"><span class=\"fusion-toggle-icon-wrapper\" aria-hidden=\"true\"><i class=\"fa-fusion-box active-icon awb-icon-minus\" aria-hidden=\"true\"><\/i><i class=\"fa-fusion-box inactive-icon awb-icon-plus\" aria-hidden=\"true\"><\/i><\/span><span class=\"fusion-toggle-heading\">INVISBU TE CONECTA: PRINCIPALES FACEBOOK LIVE<\/span><\/a><\/h4><\/div><div id=\"3cec6de59f08ef696\" class=\"panel-collapse collapse in\" aria-labelledby=\"toggle_3cec6de59f08ef696\"><div class=\"panel-body toggle-content fusion-clearfix\">\n<p>A continuaci\u00f3n les dejamos un resumen de los principales Facebook Live realizados por el INVISBU para que puedan ver la respectiva grabaci\u00f3n, resolver sus inquietudes y estar m\u00e1s informado de la adquisici\u00f3n de una vivienda.<\/p>\n<ul>\n<li><a href=\"https:\/\/www.facebook.com\/alcaldiadebucaramanga\/videos\/961544624605526\/\">Jovenes Propietarios:<\/a> FB Live realizado el 22 de Julio de 2021, con la participaci\u00f3n del Fondo Nacional de Ahorro, MINVIVIENDA, INVISBU y Puntos Vive Digital Bucaramanga.\u00a0 <a href=\"https:\/\/www.facebook.com\/alcaldiadebucaramanga\/videos\/961544624605526\/\">Ver grabaci\u00f3n<\/a><\/li>\n<li><a href=\"https:\/\/www.facebook.com\/alcaldiadebucaramanga\/videos\/402690627648271\">Jovenes Propietarios:<\/a> FB Live realizado el 24 de Junio de 2021, con la participaci\u00f3n del MINVIVIENDA, INVISBU y Puntos Vive Digital Bucaramanga.\u00a0 <a href=\"https:\/\/www.facebook.com\/alcaldiadebucaramanga\/videos\/402690627648271\">Ver grabaci\u00f3n<\/a><\/li>\n<li><a href=\"https:\/\/www.facebook.com\/alcaldiadebucaramanga\/videos\/180423070740811\/\">Subsidios Complementarios &#8211; Caja de Compensaci\u00f3n: <\/a>FB Live realizado el 29 de Julio de 2021 sobre los Subsidios Complementarios, con la participaci\u00f3n de la Caja de Compensaci\u00f3n CAJASAN y el INVISBU.\u00a0 <a href=\"https:\/\/www.facebook.com\/alcaldiadebucaramanga\/videos\/180423070740811\/\">Ver grabaci\u00f3n<\/a><\/li>\n<li><a href=\"https:\/\/www.facebook.com\/invisbubga\/videos\/257451002787447\/\">Informaci\u00f3n general sobre subsidios de Vivienda:<\/a> FB Live realizado el 22 de Abril de 2021, sobre los subsidios y programas de vivienda del orden municipal y nacional, con la partici\u00e1ci\u00f3n del Fondo Nacional del Ahorro, INVISBU y lenguaje de se\u00f1as. <a href=\"https:\/\/www.facebook.com\/invisbubga\/videos\/257451002787447\/\">Ver Grabaci\u00f3n\u00a0<\/a><\/li>\n<\/ul>\n<\/div><\/div><\/div><div class=\"fusion-panel panel-default panel-dd79008e5f09e600f fusion-toggle-has-divider\"><div class=\"panel-heading\"><h4 class=\"panel-title toggle\" id=\"toggle_dd79008e5f09e600f\"><a aria-expanded=\"false\" aria-controls=\"dd79008e5f09e600f\" role=\"button\" data-toggle=\"collapse\" data-parent=\"#accordion-2777-1\" data-target=\"#dd79008e5f09e600f\" href=\"#dd79008e5f09e600f\"><span class=\"fusion-toggle-icon-wrapper\" aria-hidden=\"true\"><i class=\"fa-fusion-box active-icon awb-icon-minus\" aria-hidden=\"true\"><\/i><i class=\"fa-fusion-box inactive-icon awb-icon-plus\" aria-hidden=\"true\"><\/i><\/span><span class=\"fusion-toggle-heading\">JOVENES PROPIETARIOS<\/span><\/a><\/h4><\/div><div id=\"dd79008e5f09e600f\" class=\"panel-collapse collapse \" aria-labelledby=\"toggle_dd79008e5f09e600f\"><div class=\"panel-body toggle-content fusion-clearfix\">\n<p>Es la nueva apuesta del Gobierno Nacional para facilitar el acceso a una vivienda por parte de la poblaci\u00f3n entre 18 y 28 a\u00f1os. Consta de tres componentes: condiciones preferenciales en el cr\u00e9dito de vivienda de inter\u00e9s social (VIS), garant\u00edas para el cr\u00e9dito hipotecario 100% subsidiadas por el Gobierno Nacional y acompa\u00f1amiento personalizado durante todo el proceso. Aplica para la compra de vivienda nueva, en el segmento de inter\u00e9s social, es decir, Vivienda de Inter\u00e9s Social (VIS). Para mayor informaci\u00f3n por favor visitar el enlace <a href=\"https:\/\/www.minvivienda.gov.co\/abece-jovenes-propietarios\">https:\/\/www.minvivienda.gov.co\/abece-jovenes-propietarios\u00a0<\/a>\u00a0y ver las grabaciones de nuestros Facebook Live, adem\u00e1s recuerden que pueden escribirnos a nuestro WhatsApp 317 643 24 59 para darles una mayor orientaci\u00f3n.<\/p>\n<\/div><\/div><\/div><div class=\"fusion-panel panel-default panel-18d2bc17769f90a68 fusion-toggle-has-divider\"><div class=\"panel-heading\"><h4 class=\"panel-title toggle\" id=\"toggle_18d2bc17769f90a68\"><a aria-expanded=\"false\" aria-controls=\"18d2bc17769f90a68\" role=\"button\" data-toggle=\"collapse\" data-parent=\"#accordion-2777-1\" data-target=\"#18d2bc17769f90a68\" href=\"#18d2bc17769f90a68\"><span class=\"fusion-toggle-icon-wrapper\" aria-hidden=\"true\"><i class=\"fa-fusion-box active-icon awb-icon-minus\" aria-hidden=\"true\"><\/i><i class=\"fa-fusion-box inactive-icon awb-icon-plus\" aria-hidden=\"true\"><\/i><\/span><span class=\"fusion-toggle-heading\">MI CASA YA<\/span><\/a><\/h4><\/div><div id=\"18d2bc17769f90a68\" class=\"panel-collapse collapse \" aria-labelledby=\"toggle_18d2bc17769f90a68\"><div class=\"panel-body toggle-content fusion-clearfix\">\n<p>Mi Casa Ya busca beneficiar a hogares que tengan ingresos menores a 4 SMMLV ($3.634.104). Estos hogares podr\u00e1n obtener un subsidio monetario de 30 ($27.255.780 ) SMMLV \u00f3 de 20 ($18.170.520) SMMLV, dependiendo de sus ingresos, para compra de su vivienda y una cobertura a la tasa de inter\u00e9s de 5 puntos porcentuales, para viviendas de inter\u00e9s prioritario que no superen los 90 SMMLV ($81.767.340) y de 4 puntos porcentuales, para viviendas de inter\u00e9s social de hasta 135 SMMLV ($122.651.010) y de hasta 150 SMMLV ($136.278.900) para aglomeraciones urbanas cuya poblaci\u00f3n supere un mill\u00f3n de habitantes.<\/p>\n<p><strong>Complementariedad y Concurrencia<\/strong>. El subsidio familiar de vivienda en el marco de este programa de vivienda se aplicar\u00e1 de manera concurrente con el asignado por las Cajas de Compensaci\u00f3n Familiar siempre y cuando se trate de postulaciones nuevas en los t\u00e9rminos del Decreto 1533 de 2019.<\/p>\n<p>De esta forma, los hogares podr\u00e1n comprar la vivienda nueva urbana que deseen, cuyo valor no exceda los 135 salarios m\u00ednimos ($118.503.405) y para las viviendas ubicadas en los municipios y distritos definidos en el art\u00edculo 2.1.9.1 del Decreto 1077 de 2015, hasta 150 salarios m\u00ednimos ($131.670.450).<\/p>\n<p>Si desea mayor informaci\u00f3n los invitamos ingresar al enlace\u00a0\u00a0<a href=\"http:\/\/micasaya.minvivienda.gov.co\/abc-mi-casa-ya\/\">http:\/\/micasaya.minvivienda.gov.co\/abc-mi-casa-ya\/<\/a>\u00a0\u00a0o ver las grabaciones de nuestros Facebook Live, adem\u00e1s recuerden que pueden escribirnos a nuestro WhatsApp 317 643 24 59 para darles una mayor orientaci\u00f3n.<\/p>\n<\/div><\/div><\/div><div class=\"fusion-panel panel-default panel-261a99154b6151972 fusion-toggle-has-divider\"><div class=\"panel-heading\"><h4 class=\"panel-title toggle\" id=\"toggle_261a99154b6151972\"><a aria-expanded=\"false\" aria-controls=\"261a99154b6151972\" role=\"button\" data-toggle=\"collapse\" data-parent=\"#accordion-2777-1\" data-target=\"#261a99154b6151972\" href=\"#261a99154b6151972\"><span class=\"fusion-toggle-icon-wrapper\" aria-hidden=\"true\"><i class=\"fa-fusion-box active-icon awb-icon-minus\" aria-hidden=\"true\"><\/i><i class=\"fa-fusion-box inactive-icon awb-icon-plus\" aria-hidden=\"true\"><\/i><\/span><span class=\"fusion-toggle-heading\">SEMILLERO DE PROPIETARIOS<\/span><\/a><\/h4><\/div><div id=\"261a99154b6151972\" class=\"panel-collapse collapse \" aria-labelledby=\"toggle_261a99154b6151972\"><div class=\"panel-body toggle-content fusion-clearfix\">\n<p>Semillero de Propietarios es una caja de herramientas que promueve el ahorro como instrumento para que m\u00e1s familias cumplan su sue\u00f1o de tener vivienda, incentivando la bancarizaci\u00f3n de los beneficiarios.<\/p>\n<p><strong>El programa ofrece dos modalidades de subsidio que responden a dos realidades diferentes de los hogares.<\/strong><\/p>\n<p>La primera modalidad subsidia el arriendo y busca atender a los hogares que viven en arriendos informales y en viviendas no dignas.<br \/>\nLa segunda modalidad, premia el ahorro y pretende fomentar el ahorro de los hogares colombianos a trav\u00e9s del dep\u00f3sito en una cuenta especial, hasta llegar a la suma de 4.5 SMMLV ($4.088.367), la meta es que en m\u00e1ximo 18 meses se alcance esta cifra, y con ello el beneficiario podr\u00e1 aplicar al subsidio.<\/p>\n<p>Para mayor informaci\u00f3n, los invitamos visitar el enlace:\u00a0<a href=\"https:\/\/minvivienda.gov.co\/viceministerio-de-vivienda\/semillero-de-propietarios\">https:\/\/minvivienda.gov.co\/viceministerio-de-vivienda\/semillero-de-propietarios<\/a>\u00a0\u00a0y\/o ver las grabaciones de nuestros Facebook Live, adem\u00e1s recuerden que pueden escribirnos a nuestro WhatsApp 317 643 24 59 para darles una mayor orientaci\u00f3n.<\/p>\n<\/div><\/div><\/div><div class=\"fusion-panel panel-default panel-e4213e333f8aabc9f fusion-toggle-has-divider\"><div class=\"panel-heading\"><h4 class=\"panel-title toggle\" id=\"toggle_e4213e333f8aabc9f\"><a aria-expanded=\"false\" aria-controls=\"e4213e333f8aabc9f\" role=\"button\" data-toggle=\"collapse\" data-parent=\"#accordion-2777-1\" data-target=\"#e4213e333f8aabc9f\" href=\"#e4213e333f8aabc9f\"><span class=\"fusion-toggle-icon-wrapper\" aria-hidden=\"true\"><i class=\"fa-fusion-box active-icon awb-icon-minus\" aria-hidden=\"true\"><\/i><i class=\"fa-fusion-box inactive-icon awb-icon-plus\" aria-hidden=\"true\"><\/i><\/span><span class=\"fusion-toggle-heading\">CASA DIGNA VIDA DIGNA<\/span><\/a><\/h4><\/div><div id=\"e4213e333f8aabc9f\" class=\"panel-collapse collapse \" aria-labelledby=\"toggle_e4213e333f8aabc9f\"><div class=\"panel-body toggle-content fusion-clearfix\">\n<p>Casa Digna Vida Digna es una iniciativa para mejorar la calidad de vida de los colombianos a trav\u00e9s del mejoramiento de sus viviendas.<\/p>\n<p class=\"cdvd-font cdvd-text\">Esta iniciativa busca intervenir asentamientos humanos mediante tres l\u00edneas de acci\u00f3n: (1) el mejoramiento de las condiciones del entorno y la construcci\u00f3n de equipamientos sociales y obras de urbanismo, (2) la titulaci\u00f3n de las viviendas y (3) el mejoramiento al interior de las viviendas, incluyendo la construcci\u00f3n de ba\u00f1os, cocinas, pisos, estructuras, entre otros. Una de las virtudes de este programa es que se ajusta a las necesidades particulares de cada hogar.<\/p>\n<p class=\"cdvd-font cdvd-text\">Con \u201cCasa Digna, Vida Digna\u201d queremos cambiarle la realidad a miles de colombianos que hoy habitan viviendas con condiciones inadecuadas de habitabilidad. Esta es una poderosa herramienta para la superaci\u00f3n de la pobreza y la consolidaci\u00f3n de un pa\u00eds con equidad y justicia social.<\/p>\n<p>Para mayor informaci\u00f3n visitar el enlace:\u00a0<a href=\"https:\/\/casadignavidadigna.minvivienda.gov.co\/informacion\">https:\/\/casadignavidadigna.minvivienda.gov.co\/informacion\u00a0<\/a>\u00a0, adem\u00e1s recuerden que pueden escribirnos a nuestro WhatsApp 317 643 24 59 para darles una mayor orientaci\u00f3n.<\/p>\n<\/div><\/div><\/div><div class=\"fusion-panel panel-default panel-33f4e193c7d33b65f fusion-toggle-has-divider\"><div class=\"panel-heading\"><h4 class=\"panel-title toggle\" id=\"toggle_33f4e193c7d33b65f\"><a aria-expanded=\"false\" aria-controls=\"33f4e193c7d33b65f\" role=\"button\" data-toggle=\"collapse\" data-parent=\"#accordion-2777-1\" data-target=\"#33f4e193c7d33b65f\" href=\"#33f4e193c7d33b65f\"><span class=\"fusion-toggle-icon-wrapper\" aria-hidden=\"true\"><i class=\"fa-fusion-box active-icon awb-icon-minus\" aria-hidden=\"true\"><\/i><i class=\"fa-fusion-box inactive-icon awb-icon-plus\" aria-hidden=\"true\"><\/i><\/span><span class=\"fusion-toggle-heading\">MEJORAMIENTOS 400 A\u00d1OS<\/span><\/a><\/h4><\/div><div id=\"33f4e193c7d33b65f\" class=\"panel-collapse collapse \" aria-labelledby=\"toggle_33f4e193c7d33b65f\"><div class=\"panel-body toggle-content fusion-clearfix\">\n<p><a href=\"http:\/\/invisbu.gov.co\/contenido\/wp-content\/uploads\/2021\/08\/Grupo1-Habilitados-Programa-Mejoramientos-de-Vivienda-400-a\u00f1os-Bucaramanga.pdf\" target=\"_blank\" rel=\"noopener\">Descargar pdf<\/a><\/p>\n[pdf-embedder url=&#8221;http:\/\/invisbu.gov.co\/contenido\/wp-content\/uploads\/2021\/08\/Grupo1-Habilitados-Programa-Mejoramientos-de-Vivienda-400-a\u00f1os-Bucaramanga.pdf&#8221; title=&#8221;Grupo1 Habilitados Programa Mejoramientos de Vivienda 400 a\u00f1os Bucaramanga&#8221;]\n<\/div><\/div><\/div><div class=\"fusion-panel panel-default panel-4bcc29ed0f2d65739 fusion-toggle-has-divider\"><div class=\"panel-heading\"><h4 class=\"panel-title toggle\" id=\"toggle_4bcc29ed0f2d65739\"><a aria-expanded=\"false\" aria-controls=\"4bcc29ed0f2d65739\" role=\"button\" data-toggle=\"collapse\" data-parent=\"#accordion-2777-1\" data-target=\"#4bcc29ed0f2d65739\" href=\"#4bcc29ed0f2d65739\"><span class=\"fusion-toggle-icon-wrapper\" aria-hidden=\"true\"><i class=\"fa-fusion-box active-icon awb-icon-minus\" aria-hidden=\"true\"><\/i><i class=\"fa-fusion-box inactive-icon awb-icon-plus\" aria-hidden=\"true\"><\/i><\/span><span class=\"fusion-toggle-heading\">PREGUNTAS FRECUENTES EN MATERIA DE SUBSIDIO DE VIVIENDA<\/span><\/a><\/h4><\/div><div id=\"4bcc29ed0f2d65739\" class=\"panel-collapse collapse \" aria-labelledby=\"toggle_4bcc29ed0f2d65739\"><div class=\"panel-body toggle-content fusion-clearfix\">\n<p>Conoce las principales preguntas frecuentes realizadas en relaci\u00f3n a las definiciones\u00a0 sobre subsidios y programas de vivienda.\u00a0 Haz <a href=\"https:\/\/invisbu.gov.co\/contenido\/informate\/\">clic aqu\u00ed <\/a>para ver el listado de preguntas frecuentes.<\/p>\n<\/div><\/div><\/div><\/div><\/div><div class=\"fusion-section-separator section-separator triangle fusion-section-separator-1\" style=\"--awb-border-bottom:1px solid #f6f6f6;--awb-spacer-height:1px;--awb-svg-margin-left:0;--awb-svg-margin-right:0;--awb-icon-color:#ffffff;\"><div class=\"fusion-section-separator-svg\"><div class=\"divider-candy-arrow bottom\" style=\"top:0px;border-top-color: #53c1f4;\"><\/div><div class=\"divider-candy bottom\" style=\"bottom:-21px;border-bottom:1px solid #f6f6f6;border-left:1px solid #f6f6f6;\"><\/div><\/div><div class=\"fusion-section-separator-spacer\"><div class=\"fusion-section-separator-spacer-height\"><\/div><\/div><\/div><div class=\"fusion-sep-clear\"><\/div><div class=\"fusion-separator fusion-full-width-sep\" style=\"margin-left: auto;margin-right: auto;margin-top:50px;margin-bottom:25px;width:100%;\"><div class=\"fusion-separator-border sep-double sep-dashed\" style=\"--awb-height:20px;--awb-amount:20px;border-color:#e0dede;border-top-width:1px;border-bottom-width:1px;\"><\/div><\/div><div class=\"fusion-sep-clear\"><\/div><div class=\"fusion-text fusion-text-2\"><p><strong>Video Mi Casa Ya &#8211; INVISBU (2019)<\/strong><\/p>\n<\/div><div class=\"fusion-video fusion-youtube\" style=\"--awb-max-width:600px;--awb-max-height:360px;\"><div class=\"video-shortcode\"><div class=\"fluid-width-video-wrapper\" style=\"padding-top:60%;\" ><iframe title=\"YouTube video player 1\" src=\"https:\/\/www.youtube.com\/embed\/r005wskK4kQ?wmode=transparent&autoplay=0\" width=\"600\" height=\"360\" allowfullscreen allow=\"autoplay; clipboard-write; encrypted-media; gyroscope; picture-in-picture;\"><\/iframe><\/div><\/div><\/div><div class=\"fusion-clearfix\"><\/div><\/div><\/div><\/div><\/div><\/p>\n","protected":false},"excerpt":{"rendered":"","protected":false},"author":1,"featured_media":0,"parent":0,"menu_order":0,"comment_status":"open","ping_status":"open","template":"100-width.php","meta":{"footnotes":""},"class_list":["post-2777","page","type-page","status-publish","hentry"],"_links":{"self":[{"href":"https:\/\/invisbu.gov.co\/contenido\/wp-json\/wp\/v2\/pages\/2777","targetHints":{"allow":["GET"]}}],"collection":[{"href":"https:\/\/invisbu.gov.co\/contenido\/wp-json\/wp\/v2\/pages"}],"about":[{"href":"https:\/\/invisbu.gov.co\/contenido\/wp-json\/wp\/v2\/types\/page"}],"author":[{"embeddable":true,"href":"https:\/\/invisbu.gov.co\/contenido\/wp-json\/wp\/v2\/users\/1"}],"replies":[{"embeddable":true,"href":"https:\/\/invisbu.gov.co\/contenido\/wp-json\/wp\/v2\/comments?post=2777"}],"version-history":[{"count":10,"href":"https:\/\/invisbu.gov.co\/contenido\/wp-json\/wp\/v2\/pages\/2777\/revisions"}],"predecessor-version":[{"id":3078,"href":"https:\/\/invisbu.gov.co\/contenido\/wp-json\/wp\/v2\/pages\/2777\/revisions\/3078"}],"wp:attachment":[{"href":"https:\/\/invisbu.gov.co\/contenido\/wp-json\/wp\/v2\/media?parent=2777"}],"curies":[{"name":"wp","href":"https:\/\/api.w.org\/{rel}","templated":true}]}}