{"id":2275,"date":"2020-02-24T19:47:10","date_gmt":"2020-02-24T19:47:10","guid":{"rendered":"http:\/\/invisbu.gov.co\/contenido\/?page_id=2275"},"modified":"2022-03-22T14:33:33","modified_gmt":"2022-03-22T14:33:33","slug":"informacion-presupuestal","status":"publish","type":"page","link":"https:\/\/invisbu.gov.co\/contenido\/informacion-presupuestal\/","title":{"rendered":"Informaci\u00f3n Presupuestal"},"content":{"rendered":"<p><div class=\"fusion-fullwidth fullwidth-box fusion-builder-row-1 nonhundred-percent-fullwidth non-hundred-percent-height-scrolling\" style=\"--awb-border-radius-top-left:0px;--awb-border-radius-top-right:0px;--awb-border-radius-bottom-right:0px;--awb-border-radius-bottom-left:0px;--awb-padding-top:20px;--awb-padding-bottom:20px;--awb-flex-wrap:wrap;\" ><div class=\"fusion-builder-row fusion-row\"><div class=\"fusion-layout-column fusion_builder_column fusion-builder-column-0 fusion_builder_column_1_1 1_1 fusion-one-full fusion-column-first fusion-column-last\" style=\"--awb-bg-size:cover;\"><div class=\"fusion-column-wrapper fusion-flex-column-wrapper-legacy\">\n<div class=\"table-1\">\n<table width=\"100%\" align=\"center\">\n<thead>\n<tr>\n<th style=\"text-align: center;\" colspan=\"3\" bgcolor=\"#49C883\"><strong>INFORMACI\u00d3N PRESUPUESTAL<\/strong><\/th>\n<\/tr>\n<tr>\n<th style=\"text-align: center;\">A\u00f1o<\/th>\n<th style=\"text-align: center;\">Nombre del Documento<\/th>\n<th style=\"text-align: center;\">Documento<\/th>\n<\/tr>\n<\/thead>\n<tbody>\n<tr>\n<td style=\"height: 30px; width: 80px;\" align=\"center\">2022<\/td>\n<td align=\"center\" height=\"30\">Presupuesto General de Ingresos y Gastos Vigencia 2022<\/td>\n<td align=\"center\" height=\"30\"><strong><a style=\"font-size: 11px; line-height: normal; text-align: -webkit-center;\" href=\"\/documentos\/finanzas_presupuesto\/Informacion_presupuestal\/presupuesto2022.pdf\" target=\"_blank\" rel=\"noopener\"><img decoding=\"async\" class=\"alignnone\" src=\"\/web_anterior\/images\/varias\/pdf.jpg\" alt=\"pdf\" width=\"54\" height=\"50\" border=\"0\" \/><\/a><\/strong><\/td>\n<\/tr>\n<tr>\n<td style=\"height: 30px; width: 80px;\" align=\"center\">2021<\/td>\n<td align=\"center\" height=\"30\">Presupuesto General de Ingresos y Gastos Vigencia 2021<\/td>\n<td align=\"center\" height=\"30\"><strong><a style=\"font-size: 11px; line-height: normal; text-align: -webkit-center;\" href=\"\/documentos\/finanzas_presupuesto\/Informacion_presupuestal\/Res302_2020.pdf\" target=\"_blank\" rel=\"noopener\"><img decoding=\"async\" class=\"alignnone\" src=\"\/web_anterior\/images\/varias\/pdf.jpg\" alt=\"pdf\" width=\"54\" height=\"50\" border=\"0\" \/><\/a><\/strong><\/td>\n<\/tr>\n<tr>\n<td style=\"height: 30px; width: 80px;\" align=\"center\">2020<\/td>\n<td align=\"center\" height=\"30\">Presupuesto General de Ingresos y Gastos Vigencia 2020<\/td>\n<td align=\"center\" height=\"30\"><strong><a style=\"font-size: 11px; line-height: normal; text-align: -webkit-center;\" href=\"\/documentos\/finanzas_presupuesto\/Informacion_presupuestal\/Res528_2019.pdf\" target=\"_blank\" rel=\"noopener\"><img decoding=\"async\" class=\"alignnone\" src=\"\/web_anterior\/images\/varias\/pdf.jpg\" alt=\"pdf\" width=\"54\" height=\"50\" border=\"0\" \/><\/a><\/strong><\/td>\n<\/tr>\n<tr>\n<td style=\"height: 30px; width: 80px;\" align=\"center\">2019<\/td>\n<td align=\"center\" height=\"30\">Traslados Presupuestales<\/td>\n<td align=\"center\" height=\"30\"><strong><a style=\"font-size: 11px; line-height: normal; text-align: -webkit-center;\" href=\"\/documentos\/finanzas_presupuesto\/Informacion_presupuestal\/formato_202001_f08a_agr_ANEXO1_MODIFICACIONES_PRESUPUESTO.pdf\" target=\"_blank\" rel=\"noopener\"><img decoding=\"async\" class=\"alignnone\" src=\"\/web_anterior\/images\/varias\/pdf.jpg\" alt=\"pdf\" width=\"54\" height=\"50\" border=\"0\" \/><\/a><\/strong><\/td>\n<\/tr>\n<tr>\n<td style=\"height: 30px; width: 80px;\" align=\"center\">2019<\/td>\n<td align=\"center\" height=\"30\">Presupuesto General de Ingresos y Gastos Vigencia 2019<\/td>\n<td align=\"center\" height=\"30\"><strong><a style=\"font-size: 11px; line-height: normal; text-align: -webkit-center;\" href=\"\/documentos\/finanzas_presupuesto\/Informacion_presupuestal\/formato_202001_f06_agr_ANEXO1_APROBACION_PRESU_2019.pdf\" target=\"_blank\" rel=\"noopener\"><img decoding=\"async\" class=\"alignnone\" src=\"\/web_anterior\/images\/varias\/pdf.jpg\" alt=\"pdf\" width=\"54\" height=\"50\" border=\"0\" \/><\/a><\/strong><\/td>\n<\/tr>\n<tr>\n<td style=\"height: 30px; width: 80px;\" align=\"center\">2018<\/td>\n<td align=\"center\" height=\"30\">Traslados Presupuestales<\/td>\n<td align=\"center\" height=\"30\"><strong><a style=\"font-size: 11px; line-height: normal; text-align: -webkit-center;\" href=\"\/documentos\/finanzas_presupuesto\/Informacion_presupuestal\/formato_201901_f08a_agr_ANEXO1_MODIFICACIONES_PRESUPUESTO.pdf\" target=\"_blank\" rel=\"noopener\"><img decoding=\"async\" class=\"alignnone\" src=\"\/web_anterior\/images\/varias\/pdf.jpg\" alt=\"pdf\" width=\"54\" height=\"50\" border=\"0\" \/><\/a><\/strong><\/td>\n<\/tr>\n<tr>\n<td style=\"height: 30px; width: 80px;\" align=\"center\">2018<\/td>\n<td align=\"center\" height=\"30\">Presupuesto General de Ingresos y Gastos Vigencia 2018<\/td>\n<td align=\"center\" height=\"30\"><strong><a style=\"font-size: 11px; line-height: normal; text-align: -webkit-center;\" href=\"\/documentos\/finanzas_presupuesto\/Informacion_presupuestal\/formato_201901_f06_agr_ANEXO1_APROBACION_PRESU_2018.pdf\" target=\"_blank\" rel=\"noopener\"><img decoding=\"async\" class=\"alignnone\" src=\"\/web_anterior\/images\/varias\/pdf.jpg\" alt=\"pdf\" width=\"54\" height=\"50\" border=\"0\" \/><\/a><\/strong><\/td>\n<\/tr>\n<tr>\n<td style=\"height: 30px; width: 80px;\" align=\"center\">2017<\/td>\n<td align=\"center\" height=\"30\">Presupuesto General de Ingresos y Gastos Vigencia 2017<\/td>\n<td align=\"center\" height=\"30\"><strong><a style=\"font-size: 11px; line-height: normal; text-align: -webkit-center;\" href=\"\/documentos\/finanzas_presupuesto\/Informacion_presupuestal\/formato_201801_f06_agr_ANEXO1_APROBACION_PRESUPUESTO.pdf\" target=\"_blank\" rel=\"noopener\"><img decoding=\"async\" class=\"alignnone\" src=\"\/web_anterior\/images\/varias\/pdf.jpg\" alt=\"pdf\" width=\"54\" height=\"50\" border=\"0\" \/><\/a><\/strong><\/td>\n<\/tr>\n<tr>\n<td style=\"height: 30px; width: 80px;\" align=\"center\">2017<\/td>\n<td align=\"center\" height=\"30\">Por el cual se crean unos rubros y se adiciona el presupuesto general de rentas y gastos, para el a\u00f1o 2017.<\/td>\n<td align=\"center\" height=\"30\"><strong><a style=\"font-size: 11px; line-height: normal; text-align: -webkit-center;\" href=\"\/documentos\/finanzas_presupuesto\/Informacion_presupuestal\/Anexo a F08_agr Acuerdo 016 del 2017. Modificacion presupuesto.pdf\" target=\"_blank\" rel=\"noopener\"><img decoding=\"async\" class=\"alignnone\" src=\"\/web_anterior\/images\/varias\/pdf.jpg\" alt=\"pdf\" width=\"54\" height=\"50\" border=\"0\" \/><\/a><\/strong><\/td>\n<\/tr>\n<tr>\n<td style=\"height: 30px; width: 80px;\" align=\"center\">2017<\/td>\n<td align=\"center\" height=\"30\">Resoluci\u00f3n 014 de 2017. Incorporaci\u00f3n al Presupuesto General del INSTITUTO DE VIVIENDA DE INTER\u00c9S SOCIAL Y REFORMA URBANA DEL MUNICIPIO DE BUCARAMANGA, &#8220;INVISBU&#8221; para la vigencia Fiscal de 2017<\/td>\n<td align=\"center\" height=\"30\"><strong><a style=\"font-size: 11px; line-height: normal; text-align: -webkit-center;\" href=\"\/documentos\/finanzas_presupuesto\/Informacion_presupuestal\/Anexo a F08_agr RESOLUCION 014_2017 Modificacion Ppto.pdf\" target=\"_blank\" rel=\"noopener\"><img decoding=\"async\" class=\"alignnone\" src=\"\/web_anterior\/images\/varias\/pdf.jpg\" alt=\"pdf\" width=\"54\" height=\"50\" border=\"0\" \/><\/a><\/strong><\/td>\n<\/tr>\n<\/tbody>\n<\/table>\n<\/div>\n<div class=\"fusion-clearfix\"><\/div><\/div><\/div><\/div><\/div><div class=\"fusion-fullwidth fullwidth-box fusion-builder-row-2 nonhundred-percent-fullwidth non-hundred-percent-height-scrolling\" style=\"--awb-border-radius-top-left:0px;--awb-border-radius-top-right:0px;--awb-border-radius-bottom-right:0px;--awb-border-radius-bottom-left:0px;--awb-padding-top:10px;--awb-padding-bottom:10px;--awb-flex-wrap:wrap;\" ><div class=\"fusion-builder-row fusion-row\"><div class=\"fusion-layout-column fusion_builder_column fusion-builder-column-1 fusion_builder_column_1_1 1_1 fusion-one-full fusion-column-first fusion-column-last\" style=\"--awb-bg-size:cover;\"><div class=\"fusion-column-wrapper fusion-flex-column-wrapper-legacy\"><div class=\"fusion-section-separator section-separator triangle fusion-section-separator-1\" style=\"--awb-border-bottom:1px solid #f6f6f6;--awb-spacer-height:1px;--awb-svg-margin-left:0;--awb-svg-margin-right:0;--awb-icon-color:#ffffff;\"><div class=\"fusion-section-separator-svg\"><div class=\"divider-candy-arrow bottom\" style=\"top:0px;border-top-color: #53c1f4;\"><\/div><div class=\"divider-candy bottom\" style=\"bottom:-21px;border-bottom:1px solid #f6f6f6;border-left:1px solid #f6f6f6;\"><\/div><\/div><div class=\"fusion-section-separator-spacer\"><div class=\"fusion-section-separator-spacer-height\"><\/div><\/div><\/div><div class=\"fusion-clearfix\"><\/div><\/div><\/div><\/div><\/div><\/p>\n","protected":false},"excerpt":{"rendered":"","protected":false},"author":1,"featured_media":0,"parent":0,"menu_order":0,"comment_status":"closed","ping_status":"closed","template":"","meta":{"footnotes":""},"class_list":["post-2275","page","type-page","status-publish","hentry"],"_links":{"self":[{"href":"https:\/\/invisbu.gov.co\/contenido\/wp-json\/wp\/v2\/pages\/2275","targetHints":{"allow":["GET"]}}],"collection":[{"href":"https:\/\/invisbu.gov.co\/contenido\/wp-json\/wp\/v2\/pages"}],"about":[{"href":"https:\/\/invisbu.gov.co\/contenido\/wp-json\/wp\/v2\/types\/page"}],"author":[{"embeddable":true,"href":"https:\/\/invisbu.gov.co\/contenido\/wp-json\/wp\/v2\/users\/1"}],"replies":[{"embeddable":true,"href":"https:\/\/invisbu.gov.co\/contenido\/wp-json\/wp\/v2\/comments?post=2275"}],"version-history":[{"count":9,"href":"https:\/\/invisbu.gov.co\/contenido\/wp-json\/wp\/v2\/pages\/2275\/revisions"}],"predecessor-version":[{"id":2922,"href":"https:\/\/invisbu.gov.co\/contenido\/wp-json\/wp\/v2\/pages\/2275\/revisions\/2922"}],"wp:attachment":[{"href":"https:\/\/invisbu.gov.co\/contenido\/wp-json\/wp\/v2\/media?parent=2275"}],"curies":[{"name":"wp","href":"https:\/\/api.w.org\/{rel}","templated":true}]}}