{"id":2220,"date":"2020-02-21T20:33:48","date_gmt":"2020-02-21T20:33:48","guid":{"rendered":"http:\/\/invisbu.gov.co\/contenido\/?page_id=2220"},"modified":"2020-02-21T22:26:04","modified_gmt":"2020-02-21T22:26:04","slug":"entes-de-control","status":"publish","type":"page","link":"https:\/\/invisbu.gov.co\/contenido\/entes-de-control\/","title":{"rendered":"Entes de Control"},"content":{"rendered":"<p><div class=\"fusion-fullwidth fullwidth-box fusion-builder-row-1 nonhundred-percent-fullwidth non-hundred-percent-height-scrolling\" style=\"--awb-border-radius-top-left:0px;--awb-border-radius-top-right:0px;--awb-border-radius-bottom-right:0px;--awb-border-radius-bottom-left:0px;--awb-padding-top:20px;--awb-padding-bottom:20px;--awb-flex-wrap:wrap;\" ><div class=\"fusion-builder-row fusion-row\"><div class=\"fusion-layout-column fusion_builder_column fusion-builder-column-0 fusion_builder_column_1_1 1_1 fusion-one-full fusion-column-first fusion-column-last\" style=\"--awb-padding-top:0px;--awb-padding-right:0px;--awb-padding-bottom:0px;--awb-padding-left:0px;--awb-bg-color:rgba(255,255,255,0);--awb-bg-color-hover:rgba(255,255,255,0);--awb-bg-size:cover;--awb-margin-bottom:0px;\"><div class=\"fusion-column-wrapper fusion-flex-column-wrapper-legacy\"><div class=\"fusion-text fusion-text-1\"><h2 style=\"text-align: center;\">ENTIDADES DE CONTROL<\/h2>\n<\/div><div class=\"fusion-clearfix\"><\/div><\/div><\/div><\/div><\/div><div class=\"fusion-fullwidth fullwidth-box fusion-builder-row-2 nonhundred-percent-fullwidth non-hundred-percent-height-scrolling\" style=\"--awb-border-radius-top-left:0px;--awb-border-radius-top-right:0px;--awb-border-radius-bottom-right:0px;--awb-border-radius-bottom-left:0px;--awb-padding-top:20px;--awb-padding-bottom:20px;--awb-background-color:rgba(124,70,28,0);--awb-flex-wrap:wrap;\" ><div class=\"fusion-builder-row fusion-row\"><div class=\"fusion-layout-column fusion_builder_column fusion-builder-column-1 fusion_builder_column_1_3 1_3 fusion-one-third fusion-column-first\" style=\"--awb-bg-size:cover;width:33.333333333333%;width:calc(33.333333333333% - ( ( 4% + 4% ) * 0.33333333333333 ) );margin-right: 4%;\"><div class=\"fusion-column-wrapper fusion-flex-column-wrapper-legacy\"><div class=\"fusion-image-element fusion-image-align-center in-legacy-container\" style=\"text-align:center;--awb-caption-title-font-family:var(--h2_typography-font-family);--awb-caption-title-font-weight:var(--h2_typography-font-weight);--awb-caption-title-font-style:var(--h2_typography-font-style);--awb-caption-title-size:var(--h2_typography-font-size);--awb-caption-title-transform:var(--h2_typography-text-transform);--awb-caption-title-line-height:var(--h2_typography-line-height);--awb-caption-title-letter-spacing:var(--h2_typography-letter-spacing);\"><div class=\"imageframe-align-center\"><span class=\" fusion-imageframe imageframe-none imageframe-1 hover-type-none\"><img decoding=\"async\" width=\"370\" height=\"240\" alt=\"Contraloria\" title=\"ContraloriaBGA\" src=\"http:\/\/invisbu.gov.co\/contenido\/wp-content\/uploads\/2020\/02\/ContraloriaBGA.jpg\" class=\"img-responsive wp-image-2231\" srcset=\"https:\/\/invisbu.gov.co\/contenido\/wp-content\/uploads\/2020\/02\/ContraloriaBGA-200x130.jpg 200w, https:\/\/invisbu.gov.co\/contenido\/wp-content\/uploads\/2020\/02\/ContraloriaBGA.jpg 370w\" sizes=\"(max-width: 850px) 100vw, 370px\" \/><\/span><\/div><\/div><div class=\"fusion-text fusion-text-2\"><h3 style=\"text-align: center;\">CONTRALORIA DE BUCARAMANGA<\/h3>\n<\/div><div class=\"fusion-text fusion-text-3\"><h5 style=\"text-align: center;\"><span style=\"color: #55a098;\">CONTROL FISCAL<\/span><\/h5>\n<p>Es un organismo de Control Fiscal Territorial que ejerce la vigilancia de los recursos p\u00fablicos y naturales del Municipio de Bucaramanga con transparencia, eficacia, eficiencia y la garant\u00eda del ejercicio de la participaci\u00f3n ciudadana.<\/p>\n<\/div><div class=\"fusion-sep-clear\"><\/div><div class=\"fusion-separator fusion-full-width-sep\" style=\"margin-left: auto;margin-right: auto;width:100%;\"><\/div><div class=\"fusion-sep-clear\"><\/div><div class=\"fusion-text fusion-text-4\"><p style=\"text-align: center;\"><strong>Informaci\u00f3n de la Entidad<\/strong><\/p>\n<\/div><div class=\"fusion-text fusion-text-5\"><ul>\n<li><b>Tel\u00e9fono:<\/b> 6522777 extensiones: 101-104<\/li>\n<li><strong>Email:<\/strong> contactenos@contraloriabga.gov.co<\/li>\n<li><strong>Punto de Atenci\u00f3n:<\/strong>\u00a0Alcald\u00eda de Bucaramanga Fase II Piso 4.<\/li>\n<li><strong>Horario de Atenci\u00f3n:<\/strong>\u00a0lunes a viernes en el horario de 8 am a 12 m y 2 pm a 6pm<\/li>\n<li><strong>Web:\u00a0<\/strong><a href=\"http:\/\/www.contraloriabga.gov.co\/\">http:\/\/www.contraloriabga.gov.co<\/a><\/li>\n<\/ul>\n<\/div><div class=\"fusion-clearfix\"><\/div><\/div><\/div><div class=\"fusion-layout-column fusion_builder_column fusion-builder-column-2 fusion_builder_column_1_3 1_3 fusion-one-third\" style=\"--awb-bg-size:cover;width:33.333333333333%;width:calc(33.333333333333% - ( ( 4% + 4% ) * 0.33333333333333 ) );margin-right: 4%;\"><div class=\"fusion-column-wrapper fusion-flex-column-wrapper-legacy\"><div class=\"fusion-image-element fusion-image-align-center in-legacy-container\" style=\"text-align:center;--awb-caption-title-font-family:var(--h2_typography-font-family);--awb-caption-title-font-weight:var(--h2_typography-font-weight);--awb-caption-title-font-style:var(--h2_typography-font-style);--awb-caption-title-size:var(--h2_typography-font-size);--awb-caption-title-transform:var(--h2_typography-text-transform);--awb-caption-title-line-height:var(--h2_typography-line-height);--awb-caption-title-letter-spacing:var(--h2_typography-letter-spacing);\"><div class=\"imageframe-align-center\"><span class=\" fusion-imageframe imageframe-none imageframe-2 hover-type-none\"><img decoding=\"async\" width=\"370\" height=\"240\" alt=\"Contraloria\" title=\"Procuraduria\" src=\"http:\/\/invisbu.gov.co\/contenido\/wp-content\/uploads\/2020\/02\/Procuraduria.jpg\" class=\"img-responsive wp-image-2239\" srcset=\"https:\/\/invisbu.gov.co\/contenido\/wp-content\/uploads\/2020\/02\/Procuraduria-200x130.jpg 200w, https:\/\/invisbu.gov.co\/contenido\/wp-content\/uploads\/2020\/02\/Procuraduria.jpg 370w\" sizes=\"(max-width: 850px) 100vw, 370px\" \/><\/span><\/div><\/div><div class=\"fusion-text fusion-text-6\"><h3 style=\"text-align: center;\">PROCURADURIA GENERAL DE LA NACI\u00d3N<\/h3>\n<\/div><div class=\"fusion-text fusion-text-7\"><h5 style=\"text-align: center;\"><span style=\"color: #55a098;\">CONTROL FISCAL<\/span><\/h5>\n<p align=\"justify\">La Procuradur\u00eda General de la Naci\u00f3n es la Entidad que representa a los ciudadanos ante el Estado. Es el m\u00e1ximo organismo del Ministerio P\u00fablico, conformado adem\u00e1s por la Defensor\u00eda del Pueblo y las personer\u00edas. Es su obligaci\u00f3n velar por el correcto ejercicio de las funciones encomendadas en la Constituci\u00f3n y la Ley a servidores p\u00fablicos<\/p>\n<\/div><div class=\"fusion-sep-clear\"><\/div><div class=\"fusion-separator fusion-full-width-sep\" style=\"margin-left: auto;margin-right: auto;width:100%;\"><\/div><div class=\"fusion-sep-clear\"><\/div><div class=\"fusion-text fusion-text-8\"><p style=\"text-align: center;\"><strong>Informaci\u00f3n de la Entidad<\/strong><\/p>\n<\/div><div class=\"fusion-text fusion-text-9\"><ul>\n<li><strong>Tel\u00e9fono:<\/strong>\u00a06522777 extensiones: 101-104<\/li>\n<li><strong>E-Mail:<\/strong>\u00a0<span id=\"cloak65\"><a href=\"mailto:provincial.bmanga@procuraduria.gov.co\">provincial.bmanga@procuraduria.gov.co<\/a><\/span><\/li>\n<li><span id=\"cloak65\"><\/span><strong>Punto de Atenci\u00f3n:<\/strong>\u00a0Calle 37 N\u00ba 12-08 &#8211; &#8216;La Casona&#8217;.<\/li>\n<li><strong>Horario de Atenci\u00f3n:<\/strong>\u00a0lunes a viernes en el horario de 8 am a 5pm, jornada continua<\/li>\n<li><strong>Web:\u00a0<\/strong><a href=\"https:\/\/www.procuraduria.gov.co\/\">https:\/\/www.procuraduria.gov.co<\/a><\/li>\n<\/ul>\n<\/div><div class=\"fusion-clearfix\"><\/div><\/div><\/div><div class=\"fusion-layout-column fusion_builder_column fusion-builder-column-3 fusion_builder_column_1_3 1_3 fusion-one-third fusion-column-last\" style=\"--awb-bg-size:cover;width:33.333333333333%;width:calc(33.333333333333% - ( ( 4% + 4% ) * 0.33333333333333 ) );\"><div class=\"fusion-column-wrapper fusion-flex-column-wrapper-legacy\"><div class=\"fusion-image-element fusion-image-align-center in-legacy-container\" style=\"text-align:center;--awb-caption-title-font-family:var(--h2_typography-font-family);--awb-caption-title-font-weight:var(--h2_typography-font-weight);--awb-caption-title-font-style:var(--h2_typography-font-style);--awb-caption-title-size:var(--h2_typography-font-size);--awb-caption-title-transform:var(--h2_typography-text-transform);--awb-caption-title-line-height:var(--h2_typography-line-height);--awb-caption-title-letter-spacing:var(--h2_typography-letter-spacing);\"><div class=\"imageframe-align-center\"><span class=\" fusion-imageframe imageframe-none imageframe-3 hover-type-none\"><img decoding=\"async\" width=\"370\" height=\"240\" alt=\"Contraloria\" title=\"DIAN\" src=\"http:\/\/invisbu.gov.co\/contenido\/wp-content\/uploads\/2020\/02\/DIAN.jpg\" class=\"img-responsive wp-image-2240\" srcset=\"https:\/\/invisbu.gov.co\/contenido\/wp-content\/uploads\/2020\/02\/DIAN-200x130.jpg 200w, https:\/\/invisbu.gov.co\/contenido\/wp-content\/uploads\/2020\/02\/DIAN.jpg 370w\" sizes=\"(max-width: 850px) 100vw, 370px\" \/><\/span><\/div><\/div><div class=\"fusion-text fusion-text-10\"><h3 style=\"text-align: center;\">DIAN<\/h3>\n<\/div><div class=\"fusion-text fusion-text-11\"><h5 style=\"text-align: center;\"><span style=\"color: #55a098;\">CONTROL FISCAL<\/span><\/h5>\n<p align=\"justify\">El objetivo de la Direcci\u00f3n de Impuestos y Aduanas Nacionales (DIAN) es ayudar a garantizar la seguridad fiscal del Estado colombiano y proteger el orden econ\u00f3mico p\u00fablico nacional, para lo cual se encarga de administrar y controlar las obligaciones tributarias, aduaneras, cambiarias, los derechos de explotaci\u00f3n y gastos de administraci\u00f3n sobre los juegos de suerte y azar.<\/p>\n<\/div><div class=\"fusion-sep-clear\"><\/div><div class=\"fusion-separator fusion-full-width-sep\" style=\"margin-left: auto;margin-right: auto;width:100%;\"><\/div><div class=\"fusion-sep-clear\"><\/div><div class=\"fusion-text fusion-text-12\"><p style=\"text-align: center;\"><strong>Informaci\u00f3n de la Entidad<\/strong><\/p>\n<\/div><div class=\"fusion-text fusion-text-13\"><ul>\n<li><strong>Sede Bucaramanga:<\/strong>Calle 36 No. 14 \u2013 05<\/li>\n<li><strong>Tel\u00e9fono:<\/strong>\u00a0057(7) 630 9444<\/li>\n<li><strong>Horario de Atenci\u00f3n:<\/strong>\u00a0de 7.00 am a 4 pm jornada contin\u00faa en la Seccional de lunes a viernes de 8:12 am a 5:00 pm jornada continua.<\/li>\n<li><strong>E-Mail:<\/strong>\u00a0<span id=\"cloak82291\"><a href=\"mailto:dian@dian.gov.co\">dian@dian.gov.co<\/a><\/span><\/li>\n<li><span id=\"cloak82291\"><\/span><strong>Web:\u00a0<\/strong><a href=\"http:\/\/www.dian.gov.co\/\">http:\/\/www.dian.gov.co\/<\/a><\/li>\n<\/ul>\n<\/div><div class=\"fusion-clearfix\"><\/div><\/div><\/div><\/div><\/div><\/p>\n","protected":false},"excerpt":{"rendered":"","protected":false},"author":1,"featured_media":0,"parent":0,"menu_order":0,"comment_status":"closed","ping_status":"closed","template":"","meta":{"footnotes":""},"class_list":["post-2220","page","type-page","status-publish","hentry"],"_links":{"self":[{"href":"https:\/\/invisbu.gov.co\/contenido\/wp-json\/wp\/v2\/pages\/2220","targetHints":{"allow":["GET"]}}],"collection":[{"href":"https:\/\/invisbu.gov.co\/contenido\/wp-json\/wp\/v2\/pages"}],"about":[{"href":"https:\/\/invisbu.gov.co\/contenido\/wp-json\/wp\/v2\/types\/page"}],"author":[{"embeddable":true,"href":"https:\/\/invisbu.gov.co\/contenido\/wp-json\/wp\/v2\/users\/1"}],"replies":[{"embeddable":true,"href":"https:\/\/invisbu.gov.co\/contenido\/wp-json\/wp\/v2\/comments?post=2220"}],"version-history":[{"count":23,"href":"https:\/\/invisbu.gov.co\/contenido\/wp-json\/wp\/v2\/pages\/2220\/revisions"}],"predecessor-version":[{"id":2245,"href":"https:\/\/invisbu.gov.co\/contenido\/wp-json\/wp\/v2\/pages\/2220\/revisions\/2245"}],"wp:attachment":[{"href":"https:\/\/invisbu.gov.co\/contenido\/wp-json\/wp\/v2\/media?parent=2220"}],"curies":[{"name":"wp","href":"https:\/\/api.w.org\/{rel}","templated":true}]}}