{"id":1703,"date":"2018-11-28T21:23:27","date_gmt":"2018-11-28T21:23:27","guid":{"rendered":"http:\/\/invisbu.gov.co\/contenido\/?page_id=1703"},"modified":"2022-09-19T21:49:17","modified_gmt":"2022-09-19T21:49:17","slug":"preguntas-frecuentes","status":"publish","type":"page","link":"https:\/\/invisbu.gov.co\/contenido\/preguntas-frecuentes\/","title":{"rendered":"Preguntas Frecuentes"},"content":{"rendered":"<p><div class=\"fusion-fullwidth fullwidth-box fusion-builder-row-1 nonhundred-percent-fullwidth non-hundred-percent-height-scrolling\" style=\"--awb-background-position:left top;--awb-border-radius-top-left:0px;--awb-border-radius-top-right:0px;--awb-border-radius-bottom-right:0px;--awb-border-radius-bottom-left:0px;--awb-padding-top:50px;--awb-padding-bottom:10px;--awb-border-sizes-top:0px;--awb-border-sizes-bottom:0px;--awb-flex-wrap:wrap;\" ><div class=\"fusion-builder-row fusion-row\"><div class=\"fusion-layout-column fusion_builder_column fusion-builder-column-0 fusion_builder_column_1_1 1_1 fusion-one-full fusion-column-first fusion-column-last fusion-column-no-min-height\" style=\"--awb-bg-size:cover;--awb-margin-bottom:0px;\"><div class=\"fusion-column-wrapper fusion-flex-column-wrapper-legacy\"><div class=\"fusion-text fusion-text-1\"><h2 style=\"text-align: center; line-height: 10px;\">PREGUNTAS FRECUENTES<\/h2>\n<h4 style=\"text-align: center; line-height: 20px;\">Listado de Preguntas Frecuentes<\/h4>\n<\/div><div class=\"fusion-clearfix\"><\/div><\/div><\/div><div class=\"fusion-layout-column fusion_builder_column fusion-builder-column-1 fusion_builder_column_1_1 1_1 fusion-one-full fusion-column-first fusion-column-last rounded-border\" style=\"--awb-padding-top:60px;--awb-padding-right:60px;--awb-padding-bottom:45px;--awb-padding-left:60px;--awb-bg-color:#ffffff;--awb-bg-color-hover:#ffffff;--awb-bg-size:cover;--awb-border-color:#e2e2e2;--awb-border-top:1px;--awb-border-right:1px;--awb-border-bottom:1px;--awb-border-left:1px;--awb-border-style:solid;\"><div class=\"fusion-column-wrapper fusion-flex-column-wrapper-legacy\"><div class=\"fusion-text fusion-text-2\"><p style=\"text-align: justify;\"><img decoding=\"async\" class=\"wp-image-1705 alignleft\" style=\"margin-right: 20px;\" src=\"http:\/\/invisbu.gov.co\/contenido\/wp-content\/uploads\/2018\/11\/monigote-lupa-gigante-simbolo-interrogacion_1156-263-225x300.jpg\" alt=\"\" width=\"276\" height=\"368\" srcset=\"https:\/\/invisbu.gov.co\/contenido\/wp-content\/uploads\/2018\/11\/monigote-lupa-gigante-simbolo-interrogacion_1156-263-200x266.jpg 200w, https:\/\/invisbu.gov.co\/contenido\/wp-content\/uploads\/2018\/11\/monigote-lupa-gigante-simbolo-interrogacion_1156-263-225x300.jpg 225w, https:\/\/invisbu.gov.co\/contenido\/wp-content\/uploads\/2018\/11\/monigote-lupa-gigante-simbolo-interrogacion_1156-263-400x533.jpg 400w, https:\/\/invisbu.gov.co\/contenido\/wp-content\/uploads\/2018\/11\/monigote-lupa-gigante-simbolo-interrogacion_1156-263-600x799.jpg 600w, https:\/\/invisbu.gov.co\/contenido\/wp-content\/uploads\/2018\/11\/monigote-lupa-gigante-simbolo-interrogacion_1156-263.jpg 626w\" sizes=\"(max-width: 276px) 100vw, 276px\" \/><\/p>\n<p><strong>\u00bfQU\u00c9 ES UN SUBSIDIO DE VIVIENDA?<\/strong><\/p>\n<p>Es un aporte estatal en dinero, que se otorga por una sola vez al beneficiario, sin cargo de restituci\u00f3n, que constituye un complemento del ahorro y\/o los recursos que le permitan adquirir, construir en sitio propio, o mejorar una vivienda de inter\u00e9s social.<\/p>\n<p><strong>\u00bfEN QUE CONSISTE EL PROGRAMA \u201cMI CASA YA\u201d?<\/strong><\/p>\n<p>Mi Casa Ya busca beneficiar a hogares que tengan ingresos inferiores a 4 Salarios M\u00ednimos Mensuales Legales Vigentes ($4.000.000), programa del Gobierno Nacional que facilita la adquisici\u00f3n de una vivienda nueva en zona urbana de cualquier municipio del pa\u00eds a trav\u00e9s de un subsidio familiar de vivienda y\/o cobertura a la tasa de inter\u00e9s.<\/p>\n<p><strong>\u00bfQUIENES SE PUEDEN POSTULAR AL PROGRAMA MI CASA YA?<\/strong><\/p>\n<p>Hogares que deseen adquirir una vivienda urbana nueva en Colombia y que cumplan con las siguientes caracter\u00edsticas:<\/p>\n<p>Para el subsidio de vivienda.<\/p>\n<ul>\n<li>Tener ingresos totales menores a 4 SMMLV ($4.00.000).<\/li>\n<li>No ser propietarios de una vivienda en el territorio nacional.<\/li>\n<li>No haber sido beneficiarios de un subsidio familiar de vivienda otorgado por una Caja de Compensaci\u00f3n Familiar. (A excepci\u00f3n de los hogares con ingresos totales menores a 2 SMMLV ($2.000.000), podr\u00e1n concurrir con el asignado por las Cajas de Compensaci\u00f3n Familiar y el de Mi Casa Ya (esta informaci\u00f3n ser\u00e1 reportada por las Cajas de Compensaci\u00f3n Familiar).<\/li>\n<li>No haber sido beneficiarios de un subsidio otorgado por el Gobierno Nacional que haya sido efectivamente aplicado.<\/li>\n<li>No haber sido beneficiarios a cualquier t\u00edtulo de las coberturas de tasa de inter\u00e9s.<\/li>\n<li>Contar con un cr\u00e9dito aprobado para la adquisici\u00f3n de una soluci\u00f3n de vivienda, o contar con una carta de aprobaci\u00f3n de un leasing habitacional emitida por un establecimiento de cr\u00e9dito o el Fondo Nacional del Ahorro.<\/li>\n<\/ul>\n<p><strong>\u00a0<\/strong><\/p>\n<p><strong>\u00bfDONDE SE SOLICITA EL SUBSIDIO DE MI CASA YA?<\/strong><\/p>\n<p><strong>\u00a0<\/strong>El hogar debe identificar una vivienda de inter\u00e9s social que no supere los 135 SMMLV ($135.000.000) y hasta 150 SMMLV ($150.000.000) para aglomeraciones urbanas con m\u00e1s de 1 mill\u00f3n de habitantes, luego acercarse al establecimiento de cr\u00e9dito (entidad bancaria) de su preferencia o al Fondo Nacional del Ahorro a solicitar un cr\u00e9dito hipotecario y\/o leasing habitacional con subsidio de Mi Casa Ya.<\/p>\n<p>El establecimiento de cr\u00e9dito valida las condiciones del hogar y el valor de la vivienda, para acceder al subsidio familiar de vivienda de Mi Casa Ya.<\/p>\n<p><strong>CUAL ES EL VALOR DEL SUBSIDIO OTORGADO:<\/strong><\/p>\n<p>Los hogares beneficiarios del programa recibir\u00e1n un subsidio familiar de vivienda as\u00ed:<\/p>\n<p><strong>INGRESOS\u00a0\u00a0\u00a0\u00a0\u00a0\u00a0\u00a0\u00a0\u00a0\u00a0\u00a0\u00a0\u00a0\u00a0\u00a0\u00a0\u00a0\u00a0\u00a0\u00a0\u00a0\u00a0\u00a0\u00a0\u00a0\u00a0\u00a0\u00a0\u00a0\u00a0\u00a0\u00a0\u00a0\u00a0\u00a0\u00a0\u00a0 30 SMMLV\u00a0\u00a0\u00a0\u00a0\u00a0\u00a0\u00a0\u00a0\u00a0\u00a0\u00a0\u00a0\u00a0\u00a0\u00a0\u00a0\u00a0\u00a0\u00a0\u00a0\u00a0\u00a0\u00a0 <\/strong><\/p>\n<p><strong>DE 0 a 2 SMMLV\u00a0\u00a0\u00a0\u00a0 <\/strong><strong>\u00a0 \u00a0 \u00a0 \u00a0 \u00a0 \u00a0 \u00a0 \u00a0 \u00a0 \u00a0<\/strong>$30\u2019000.000<\/p>\n<p><strong>INGRESOS\u00a0\u00a0\u00a0\u00a0\u00a0\u00a0\u00a0\u00a0\u00a0\u00a0\u00a0\u00a0\u00a0\u00a0\u00a0\u00a0\u00a0\u00a0\u00a0\u00a0\u00a0\u00a0\u00a0\u00a0\u00a0\u00a0\u00a0\u00a0\u00a0\u00a0\u00a0\u00a0\u00a0\u00a0\u00a0\u00a0\u00a0 20 SMMLV\u00a0\u00a0\u00a0\u00a0\u00a0\u00a0\u00a0\u00a0\u00a0\u00a0\u00a0\u00a0\u00a0\u00a0\u00a0\u00a0\u00a0\u00a0\u00a0\u00a0\u00a0\u00a0\u00a0 <\/strong><\/p>\n<p><strong>DE 2 a 4 SMMLV\u00a0\u00a0\u00a0\u00a0 <\/strong><strong>\u00a0 \u00a0 \u00a0 \u00a0 \u00a0 \u00a0 \u00a0 \u00a0 \u00a0\u00a0<\/strong>$20\u2019000.000<\/p>\n<p><b>\u00bfEN QUE CONSISTE EL SUBSIDIO\u00a0DE LAS CAJAS DE COMPENSACI\u00d3N\u00a0FAMILIAR?<\/b><\/p>\n<p>Las personas afiliadas a las cajas de compensaci\u00f3n y que devenguen ingresos entre un (1) SMMLV, hasta dos (2) SMMLV, son potenciales beneficiarios de la aplicaci\u00f3n de la concurrencia y\/o complementariedad del subsidio familiar de vivienda, en el marco del programa de promoci\u00f3n de acceso a la vivienda de inter\u00e9s social \u201cmi casa ya\u201d, con fundamento legal en el decreto 1533 de 2019.<\/p>\n<ul>\n<li><strong>Requisitos y Condiciones Generales para Asignaci\u00f3n en Concurrencia:<\/strong><\/li>\n<\/ul>\n<ol>\n<li>Aplica para los hogares que tengan ingresos de hasta 2 SMMLV.<\/li>\n<li>Los hogares deben tener asignado, vigente y sin aplicar el Subsidio Familiar de Vivienda, otorgado por las Cajas de Compensaci\u00f3n Familiar.\u00a0 En caso de no contar con un subsidio asignado, el hogar deber\u00e1 tramitarlo primero en la respectiva Caja.<\/li>\n<li>No ser\u00e1 procedente la aplicaci\u00f3n del subsidio en concurrencia, para aquellos hogares que ya cuenten con una asignaci\u00f3n realizada por FONVIVIENDA, anterior a la de la Caja de Compensaci\u00f3n Familiar<\/li>\n<li>El hogar debe inscribirse al Programa \u201cMI CASA YA\u201d, con los mismos miembros de su grupo familiar, beneficiados por el Subsidio otorgado por la respectiva Caja de Compensaci\u00f3n Familiar.<\/li>\n<\/ol>\n<ol start=\"5\">\n<li>Los miembros del grupo familiar deben cumplir requisitos para acceder al Cr\u00e9dito Hipotecario.<\/li>\n<li>Los hogares interesados deben adquirir una vivienda de inter\u00e9s social nueva en suelo urbano, cuyo valor no superes el m\u00e1ximo establecido \u2026<\/li>\n<li>Los hogares interesados en aplicar la concurrencia de subsidios deben cumplir los dem\u00e1s requisitos del Programa \u201cMI CASA YA\u201d.<\/li>\n<\/ol>\n<p><strong>\u00bfEN QUE CONSISTE EL PROGRAMA \u201cSEMILLERO DE PROPIETARIOS\u201d?<\/strong><\/p>\n<p>Es un programa de ahorro social que busca ayudar a los colombianos que ganen hasta 2 SMMLV para obtener una vivienda digna mediante el ahorro constante en una cuenta especial hasta alcanzar un monto m\u00ednimo de 4.5 SMMLV $4.500.000, y as\u00ed recibir un subsidio complementario a Mi Casa Ya y a las cajas de compensaci\u00f3n.<\/p>\n<p><strong>Proceso de Inscripci\u00f3n a Semillero de Propietarios Paso a Paso<\/strong><\/p>\n<ol>\n<li>Registre al jefe de hogar haciendo clic en\u00a0<strong>Inscripci\u00f3n al programa<\/strong><\/li>\n<li>Despu\u00e9s de finalizar el proceso de registro, en el transcurso del d\u00eda recibir\u00e1 un correo electr\u00f3nico informando usuario y contrase\u00f1a<\/li>\n<li>D\u00e9 clic en\u00a0<strong>Inscripci\u00f3n al programa<\/strong>y luego clic en\u00a0<strong>Iniciar sesi\u00f3n<\/strong><\/li>\n<li>Digite el usuario y contrase\u00f1a asignados (no deje espacios antes ni despu\u00e9s del texto de usuario y contrase\u00f1a)<\/li>\n<li>Llene el formulario con la informaci\u00f3n de todos los integrantes del hogar<\/li>\n<li>Adjunte la documentaci\u00f3n requerida: certificado de ingresos (para trabajadores formales),\u00a0<a href=\"http:\/\/www.minvivienda.gov.co\/Documents\/ViceministerioVivienda\/Semillero%20de%20Propietarios\/Declaraci%C3%B3n%20Juramentada%20de%20ingresos.pdf\">declaraci\u00f3n juramentada de ingresos<\/a>(para trabajadores informales), certificado\u00a0 m\u00e9dico (para personas discapacitadas)<\/li>\n<li>Env\u00ede el formulario<\/li>\n<li>Espere respuesta a la habilitaci\u00f3n al programa Semillero de Propietarios<\/li>\n<\/ol>\n<p>Para obtener m\u00e1s informaci\u00f3n y realizar su inscripci\u00f3n ingresar a la p\u00e1gina: w.w.w.minvivienda.gov.co<\/p>\n<p><b>\u00bfEN QUE CONSISTE PROGRAMA J\u00d3VENES\u00a0PROPIETARIOS?<\/b><\/p>\n<p>Programa del Gobierno Nacional que facilita el acceso a una vivienda VIS dirigido a j\u00f3venes entre 18 y 28 a\u00f1os donde se podr\u00e1 financiar hasta el 90 % del valor de la vivienda, el programa otorga una cobertura a la tasa de inter\u00e9s durante los primeros 7 a\u00f1os del cr\u00e9dito hipotecario de 5 puntos porcentuales para VIP o de 4 puntos porcentuales para VIS.<\/p>\n<p>Asimismo, el Fondo Nacional del Ahorro ofrecer\u00e1 cr\u00e9ditos con tasas de inter\u00e9s hist\u00f3ricamente bajas desde 6,8 % efectivo anual. Adicionalmente, el Gobierno Nacional servir\u00e1 como fiador, a trav\u00e9s de una garant\u00eda 100 % subsidiada para el cr\u00e9dito de la vivienda de inter\u00e9s social, que aplica para j\u00f3venes con ingresos inferiores a 2 salarios m\u00ednimos.<\/p>\n<ul>\n<li><strong>Requisitos: <\/strong><\/li>\n<\/ul>\n<ol>\n<li>Tener entre 18 y 28 a\u00f1os<\/li>\n<li>Estar interesado en comprar una Vivienda de Inter\u00e9s Social (VIS) nueva<\/li>\n<li>Tener ingresos inferiores a los 4 SMMLV para acceder al subsidio de vivienda<\/li>\n<li>No ser propietario de vivienda<\/li>\n<li>No haber recibido un subsidio de vivienda del Gobierno Nacional anteriormente<\/li>\n<\/ol>\n<p>Para acceder a la garant\u00eda 100 % subsidiada, debes tener ingresos inferiores a los 2 SMMLV.<\/p>\n<p><strong>\u00bfCUAL ES EL SUBSIDIO QUE OTORGA EL INVISBU?<\/strong><\/p>\n<p>Instituto de Vivienda de Inter\u00e9s Social y Reforma Urbana del Municipio de Bucaramanga \u2013 INVISBU, tiene su propio Programa Social; que consiste en el <strong>Subsidio Familiar de Vivienda Complementario de Orden Municipal<\/strong>, para la adquisici\u00f3n de Vivienda Nueva o Usada, para poblaciones especialmente vulnerables con enfoque diferencial.<\/p>\n<p><strong>\u00bfQUE DEBO HACER PARA RECIBIR EL SUBSIDIO DEL INVISBU?<\/strong><\/p>\n<p>Una vez la entidad financiera te asigne el subsidio de Mi Casa Ya o el Subsidio a la Concurrencia y si haces parte de alguna de las siguientes poblaciones vulnerables con enfoque diferencial: <strong>Poblaci\u00f3n desplazada, Poblaci\u00f3n V\u00edctima del conflicto, Poblaci\u00f3n en Reincorporaci\u00f3n y Reintegraci\u00f3n, Padre o madre cabeza de familia, Personas con discapacidad, Poblaci\u00f3n Ind\u00edgenas, Negros, Afrocolombianos, Raizales, Palenqueros y Pueblos Rom, Adulto mayor, J\u00f3venes, LTBGIQ+, <\/strong>podr\u00e1s acercarte a nuestra oficina en la Calle 36 N\u00b0 15-32 Edificio Colseguros 4to piso y radicar la respectiva solicitud.<\/p>\n<p><strong>\u00bfDEBO TENER CUENTA DE AHORRO PROGRAMADO?<\/strong><\/p>\n<p><strong>\u00a0<\/strong>Esto depender\u00e1 de la entidad financiera donde usted desee solicitar el cr\u00e9dito hipotecario.<\/p>\n<\/div><div class=\"fusion-clearfix\"><\/div><\/div><\/div><\/div><\/div><div class=\"fusion-fullwidth fullwidth-box fusion-builder-row-2 nonhundred-percent-fullwidth non-hundred-percent-height-scrolling\" style=\"--awb-border-radius-top-left:0px;--awb-border-radius-top-right:0px;--awb-border-radius-bottom-right:0px;--awb-border-radius-bottom-left:0px;--awb-padding-top:0px;--awb-padding-bottom:20px;--awb-flex-wrap:wrap;\" ><div class=\"fusion-builder-row fusion-row\"><div class=\"fusion-layout-column fusion_builder_column fusion-builder-column-2 fusion_builder_column_1_1 1_1 fusion-one-full fusion-column-first fusion-column-last\" style=\"--awb-bg-size:cover;\"><div class=\"fusion-column-wrapper fusion-flex-column-wrapper-legacy\"><div class=\"fusion-section-separator section-separator triangle fusion-section-separator-1\" style=\"--awb-border-bottom:1px solid #f6f6f6;--awb-spacer-height:1px;--awb-svg-margin-left:0;--awb-svg-margin-right:0;--awb-icon-color:#ffffff;\"><div class=\"fusion-section-separator-svg\"><div class=\"divider-candy-arrow bottom\" style=\"top:0px;border-top-color: #53c1f4;\"><\/div><div class=\"divider-candy bottom\" style=\"bottom:-21px;border-bottom:1px solid #f6f6f6;border-left:1px solid #f6f6f6;\"><\/div><\/div><div class=\"fusion-section-separator-spacer\"><div class=\"fusion-section-separator-spacer-height\"><\/div><\/div><\/div><div class=\"fusion-clearfix\"><\/div><\/div><\/div><\/div><\/div><\/p>\n","protected":false},"excerpt":{"rendered":"","protected":false},"author":1,"featured_media":0,"parent":0,"menu_order":0,"comment_status":"open","ping_status":"open","template":"100-width.php","meta":{"footnotes":""},"class_list":["post-1703","page","type-page","status-publish","hentry"],"_links":{"self":[{"href":"https:\/\/invisbu.gov.co\/contenido\/wp-json\/wp\/v2\/pages\/1703","targetHints":{"allow":["GET"]}}],"collection":[{"href":"https:\/\/invisbu.gov.co\/contenido\/wp-json\/wp\/v2\/pages"}],"about":[{"href":"https:\/\/invisbu.gov.co\/contenido\/wp-json\/wp\/v2\/types\/page"}],"author":[{"embeddable":true,"href":"https:\/\/invisbu.gov.co\/contenido\/wp-json\/wp\/v2\/users\/1"}],"replies":[{"embeddable":true,"href":"https:\/\/invisbu.gov.co\/contenido\/wp-json\/wp\/v2\/comments?post=1703"}],"version-history":[{"count":6,"href":"https:\/\/invisbu.gov.co\/contenido\/wp-json\/wp\/v2\/pages\/1703\/revisions"}],"predecessor-version":[{"id":3021,"href":"https:\/\/invisbu.gov.co\/contenido\/wp-json\/wp\/v2\/pages\/1703\/revisions\/3021"}],"wp:attachment":[{"href":"https:\/\/invisbu.gov.co\/contenido\/wp-json\/wp\/v2\/media?parent=1703"}],"curies":[{"name":"wp","href":"https:\/\/api.w.org\/{rel}","templated":true}]}}