{"id":1345,"date":"2018-01-11T19:58:14","date_gmt":"2018-01-11T19:58:14","guid":{"rendered":"http:\/\/invisbu.gov.co\/contenido\/?page_id=1345"},"modified":"2018-01-11T20:54:39","modified_gmt":"2018-01-11T20:54:39","slug":"principios-valores","status":"publish","type":"page","link":"https:\/\/invisbu.gov.co\/contenido\/principios-valores\/","title":{"rendered":"Principios y Valores"},"content":{"rendered":"<p><div class=\"fusion-fullwidth fullwidth-box fusion-builder-row-1 nonhundred-percent-fullwidth non-hundred-percent-height-scrolling\" style=\"--awb-background-position:left top;--awb-border-radius-top-left:0px;--awb-border-radius-top-right:0px;--awb-border-radius-bottom-right:0px;--awb-border-radius-bottom-left:0px;--awb-padding-top:30px;--awb-padding-bottom:30px;--awb-background-color:#f5f5f5;--awb-border-sizes-top:0px;--awb-border-sizes-bottom:0px;--awb-flex-wrap:wrap;\" ><div class=\"fusion-builder-row fusion-row\"><div class=\"fusion-layout-column fusion_builder_column fusion-builder-column-0 fusion_builder_column_1_1 1_1 fusion-one-full fusion-column-first fusion-column-last fusion-column-no-min-height\" style=\"--awb-bg-size:cover;--awb-margin-bottom:0px;\"><div class=\"fusion-column-wrapper fusion-flex-column-wrapper-legacy\"><div class=\"fusion-sep-clear\"><\/div><div class=\"fusion-separator fusion-full-width-sep\" style=\"margin-left: auto;margin-right: auto;width:100%;\"><div class=\"fusion-separator-border sep-single sep-solid\" style=\"--awb-height:20px;--awb-amount:20px;--awb-sep-color:#55a098;border-color:#55a098;border-top-width:5px;\"><\/div><\/div><div class=\"fusion-sep-clear\"><\/div><div class=\"fusion-clearfix\"><\/div><\/div><\/div><div class=\"fusion-layout-column fusion_builder_column fusion-builder-column-1 fusion_builder_column_1_1 1_1 fusion-one-full fusion-column-first fusion-column-last green-border rounded-border\" style=\"--awb-padding-top:60px;--awb-padding-right:60px;--awb-padding-bottom:50px;--awb-padding-left:60px;--awb-bg-color:#ffffff;--awb-bg-color-hover:#ffffff;--awb-bg-size:cover;--awb-border-color:#e2e2e2;--awb-border-top:1px;--awb-border-right:1px;--awb-border-bottom:1px;--awb-border-left:1px;--awb-border-style:solid;\"><div class=\"fusion-column-wrapper fusion-flex-column-wrapper-legacy\"><div class=\"fusion-text fusion-text-1\"><p style=\"text-align: left;\"><img decoding=\"async\" class=\"wp-image-1347 alignleft\" style=\"margin-right: 60px;\" src=\"http:\/\/invisbu.gov.co\/contenido\/wp-content\/uploads\/2018\/01\/COMMUNITY-1080x675.jpg\" alt=\"Principios\" width=\"526\" height=\"329\" srcset=\"https:\/\/invisbu.gov.co\/contenido\/wp-content\/uploads\/2018\/01\/COMMUNITY-1080x675-200x125.jpg 200w, https:\/\/invisbu.gov.co\/contenido\/wp-content\/uploads\/2018\/01\/COMMUNITY-1080x675-300x188.jpg 300w, https:\/\/invisbu.gov.co\/contenido\/wp-content\/uploads\/2018\/01\/COMMUNITY-1080x675-400x250.jpg 400w, https:\/\/invisbu.gov.co\/contenido\/wp-content\/uploads\/2018\/01\/COMMUNITY-1080x675-600x375.jpg 600w, https:\/\/invisbu.gov.co\/contenido\/wp-content\/uploads\/2018\/01\/COMMUNITY-1080x675-768x480.jpg 768w, https:\/\/invisbu.gov.co\/contenido\/wp-content\/uploads\/2018\/01\/COMMUNITY-1080x675-800x500.jpg 800w, https:\/\/invisbu.gov.co\/contenido\/wp-content\/uploads\/2018\/01\/COMMUNITY-1080x675-1024x640.jpg 1024w, https:\/\/invisbu.gov.co\/contenido\/wp-content\/uploads\/2018\/01\/COMMUNITY-1080x675.jpg 1080w\" sizes=\"(max-width: 526px) 100vw, 526px\" \/><\/p>\n<h3 style=\"margin-top: -20px; text-align: center;\">PRINCIPIOS<\/h3>\n<div align=\"justify\"><strong>TRABAJO EN EQUIPO<\/strong><\/div>\n<div align=\"justify\">Estamos comprometidos con un prop\u00f3sito en com\u00fan, servir a la comunidad complement\u00e1ndonos\u00a0 unos a otros, poniendo al servicio de la entidad nuestras habilidades y competencia, reconociendo las fortalezas y debilidades de cada uno, abiertos al dialogo, sabemos escuchar, entendernos y comunicarnos.<\/div>\n<div align=\"justify\"><strong>SERVICIO<\/strong><\/div>\n<div align=\"justify\">En el INVISBU, es primordial atender las necesidades de nuestros usuarios en forma diligente; buscamos cumplir nuestras actividades con gusto y consideraci\u00f3n, creando un ambiente de confianza y seguridad.<\/div>\n<div align=\"justify\"><strong>SOLIDARIDAD<\/strong><\/div>\n<div align=\"justify\">Asumimos con inter\u00e9s y responsabilidad la labor que se nos ha encomendado, comprendemos las necesidades ajenas y aportamos esfuerzos y recursos para dar las soluciones que requiere la comunidad.<\/div>\n<div align=\"justify\"><strong>CALIDAD<\/strong><\/div>\n<div align=\"justify\">En el ejercicio de nuestras labores buscamos excelencia, a trav\u00e9s de la constancia, mejoras y revisiones permanentes en los procesos de la Instituci\u00f3n. Somos planeadores y cuidamos los detalles, para lograr brindar un servicio cada d\u00eda mejor.<\/div>\n<div align=\"justify\"><strong>COMPETENCIA<\/strong><\/div>\n<div align=\"justify\">Nuestros funcionarios son profesionales capaces, nos desempe\u00f1amos en forma \u00e9tica y responsable, ponemos a disposici\u00f3n del cumplimiento de la misi\u00f3n de la entidad nuestras habilidades y destrezas siendo efectivos y eficaces en la consecuci\u00f3n de las metas.<\/div>\n<div align=\"justify\"><\/div>\n<div align=\"justify\"><strong>SENTIDO DE PERTENENCIA<\/strong><\/div>\n<div align=\"justify\">Nos identificamos plenamente con nuestra entidad, la sentimos parte nuestra, buscamos que a trav\u00e9s del desarrollo de nuestras actividades se consolide como una instituci\u00f3n reconocida y necesaria para el desarrollo de la ciudad.<\/div>\n<div align=\"justify\"><\/div>\n<div align=\"justify\"><strong>EFICIENCIA<\/strong><\/div>\n<div align=\"justify\">Optimizamos nuestros recursos, alcanzando los objetivos institucionales dentro de los tiempos establecidos para el logro de las metas.\u00a0 Ponemos todo el empe\u00f1o y atenci\u00f3n en cada tarea que realizamos.<\/div>\n<div align=\"justify\"><strong>CELERIDAD<\/strong><\/div>\n<div align=\"justify\">Obramos con prontitud y agilidad en el ejercicio de nuestras actividades.<\/div>\n<div align=\"justify\"><strong>ORDEN<\/strong><\/div>\n<div align=\"justify\">Distribuimos adecuadamente las actividades en el tiempo y de acuerdo a la importancia, respetando los horarios establecidos por el INVISBU, y el cumplimiento de las actividades y compromisos.\u00a0 Trazamos planes de trabajo y los cumplimos.<\/div>\n<div align=\"justify\"><strong>CONFIABILIDAD<\/strong><\/div>\n<div align=\"justify\">Nos reconocen por ser rectos en nuestras actuaciones, hacer las cosas bien, cumplir nuestros compromisos, inspirando \u00e1nimo, seguridad, autenticidad y credibilidad en nuestros grupos de inter\u00e9s.<\/div>\n<\/div><div class=\"fusion-sep-clear\"><\/div><div class=\"fusion-separator fusion-full-width-sep\" style=\"margin-left: auto;margin-right: auto;margin-top:1px;margin-bottom:1px;width:100%;\"><\/div><div class=\"fusion-sep-clear\"><\/div><div class=\"fusion-clearfix\"><\/div><\/div><\/div><div class=\"fusion-layout-column fusion_builder_column fusion-builder-column-2 fusion_builder_column_1_1 1_1 fusion-one-full fusion-column-first fusion-column-last green-border rounded-border\" style=\"--awb-padding-top:60px;--awb-padding-right:60px;--awb-padding-bottom:50px;--awb-padding-left:60px;--awb-bg-color:#ffffff;--awb-bg-color-hover:#ffffff;--awb-bg-size:cover;--awb-border-color:#e2e2e2;--awb-border-top:1px;--awb-border-right:1px;--awb-border-bottom:1px;--awb-border-left:1px;--awb-border-style:solid;\"><div class=\"fusion-column-wrapper fusion-flex-column-wrapper-legacy\"><div class=\"fusion-text fusion-text-2\"><h3 style=\"margin-top: -20px; text-align: center;\"><img decoding=\"async\" class=\"wp-image-1348 alignleft\" src=\"http:\/\/invisbu.gov.co\/contenido\/wp-content\/uploads\/2018\/01\/valores.jpg\" alt=\"valores\" width=\"458\" height=\"393\" srcset=\"https:\/\/invisbu.gov.co\/contenido\/wp-content\/uploads\/2018\/01\/valores-200x171.jpg 200w, https:\/\/invisbu.gov.co\/contenido\/wp-content\/uploads\/2018\/01\/valores-300x257.jpg 300w, https:\/\/invisbu.gov.co\/contenido\/wp-content\/uploads\/2018\/01\/valores.jpg 400w\" sizes=\"(max-width: 458px) 100vw, 458px\" \/>VALORES<\/h3>\n<div align=\"justify\"><strong>COMPROMISO<\/strong><\/div>\n<div align=\"justify\">Trabajamos voluntaria y persistentemente en el logro de los objetivos de la entidad, mostrando coherencia entre lo planeado y lo ejecutado, cumpliendo lo acordado con la comunidad y con las personas que nos relacionamos tanto interna como externamente.<\/div>\n<div align=\"justify\"><strong>RESPETO<\/strong><\/div>\n<div align=\"justify\">Nos caracterizamos por un trato considerado, cort\u00e9s\u00a0\u00a0 y\u00a0\u00a0 amable\u00a0\u00a0 con\u00a0 las\u00a0 personas\u00a0 que interactuamos reconociendo en cada uno su dignidad humana, vi\u00e9ndonos como iguales, valorando los m\u00e9ritos de nuestros compa\u00f1eros y el tiempo de los dem\u00e1s.<\/div>\n<div align=\"justify\"><strong>SINCERIDAD<\/strong><\/div>\n<div align=\"justify\">Hablamos la verdad, no ocultamos ni manipulamos la informaci\u00f3n, nos comunicamos en forma clara y precisa.<\/div>\n<div align=\"justify\"><strong>HONRADEZ<\/strong><\/div>\n<div align=\"justify\">Somos \u00edntegros en nuestro actuar, respetamos y cumplimos a cabalidad nuestros compromisos y deberes.<\/div>\n<div style=\"text-align: justify;\"><\/div>\n<\/div><div class=\"fusion-sep-clear\"><\/div><div class=\"fusion-separator fusion-full-width-sep\" style=\"margin-left: auto;margin-right: auto;margin-top:1px;margin-bottom:1px;width:100%;\"><\/div><div class=\"fusion-sep-clear\"><\/div><div class=\"fusion-clearfix\"><\/div><\/div><\/div><\/div><\/div><div class=\"fusion-fullwidth fullwidth-box fusion-builder-row-2 nonhundred-percent-fullwidth non-hundred-percent-height-scrolling\" style=\"--awb-border-radius-top-left:0px;--awb-border-radius-top-right:0px;--awb-border-radius-bottom-right:0px;--awb-border-radius-bottom-left:0px;--awb-padding-top:20px;--awb-padding-bottom:20px;--awb-flex-wrap:wrap;\" ><div class=\"fusion-builder-row fusion-row\"><div class=\"fusion-layout-column fusion_builder_column fusion-builder-column-3 fusion_builder_column_1_1 1_1 fusion-one-full fusion-column-first fusion-column-last\" style=\"--awb-bg-size:cover;\"><div class=\"fusion-column-wrapper fusion-flex-column-wrapper-legacy\"><div class=\"fusion-section-separator section-separator triangle fusion-section-separator-1\" style=\"--awb-border-bottom:1px solid #f6f6f6;--awb-spacer-height:1px;--awb-svg-margin-left:0;--awb-svg-margin-right:0;--awb-icon-color:#ffffff;\"><div class=\"fusion-section-separator-svg\"><div class=\"divider-candy-arrow bottom\" style=\"top:0px;border-top-color: #53c1f4;\"><\/div><div class=\"divider-candy bottom\" style=\"bottom:-21px;border-bottom:1px solid #f6f6f6;border-left:1px solid #f6f6f6;\"><\/div><\/div><div class=\"fusion-section-separator-spacer\"><div class=\"fusion-section-separator-spacer-height\"><\/div><\/div><\/div><div class=\"fusion-clearfix\"><\/div><\/div><\/div><\/div><\/div><\/p>\n","protected":false},"excerpt":{"rendered":"","protected":false},"author":1,"featured_media":0,"parent":0,"menu_order":0,"comment_status":"open","ping_status":"open","template":"100-width.php","meta":{"footnotes":""},"class_list":["post-1345","page","type-page","status-publish","hentry"],"_links":{"self":[{"href":"https:\/\/invisbu.gov.co\/contenido\/wp-json\/wp\/v2\/pages\/1345","targetHints":{"allow":["GET"]}}],"collection":[{"href":"https:\/\/invisbu.gov.co\/contenido\/wp-json\/wp\/v2\/pages"}],"about":[{"href":"https:\/\/invisbu.gov.co\/contenido\/wp-json\/wp\/v2\/types\/page"}],"author":[{"embeddable":true,"href":"https:\/\/invisbu.gov.co\/contenido\/wp-json\/wp\/v2\/users\/1"}],"replies":[{"embeddable":true,"href":"https:\/\/invisbu.gov.co\/contenido\/wp-json\/wp\/v2\/comments?post=1345"}],"version-history":[{"count":13,"href":"https:\/\/invisbu.gov.co\/contenido\/wp-json\/wp\/v2\/pages\/1345\/revisions"}],"predecessor-version":[{"id":1361,"href":"https:\/\/invisbu.gov.co\/contenido\/wp-json\/wp\/v2\/pages\/1345\/revisions\/1361"}],"wp:attachment":[{"href":"https:\/\/invisbu.gov.co\/contenido\/wp-json\/wp\/v2\/media?parent=1345"}],"curies":[{"name":"wp","href":"https:\/\/api.w.org\/{rel}","templated":true}]}}