{"id":2000,"date":"2019-08-30T21:26:05","date_gmt":"2019-08-30T21:26:05","guid":{"rendered":"http:\/\/invisbu.gov.co\/contenido\/?page_id=2000"},"modified":"2022-04-04T16:37:06","modified_gmt":"2022-04-04T16:37:06","slug":"datos-abiertos","status":"publish","type":"page","link":"http:\/\/invisbu.gov.co\/contenido\/datos-abiertos\/","title":{"rendered":"Datos Abiertos"},"content":{"rendered":"<p><div class=\"fusion-fullwidth fullwidth-box fusion-builder-row-1 nonhundred-percent-fullwidth non-hundred-percent-height-scrolling\" style=\"--awb-border-radius-top-left:0px;--awb-border-radius-top-right:0px;--awb-border-radius-bottom-right:0px;--awb-border-radius-bottom-left:0px;--awb-padding-top:5px;--awb-padding-bottom:5px;--awb-background-color:rgba(255,255,255,0);--awb-flex-wrap:wrap;\" ><div class=\"fusion-builder-row fusion-row\"><div class=\"fusion-layout-column fusion_builder_column fusion-builder-column-0 fusion_builder_column_1_1 1_1 fusion-one-full fusion-column-first fusion-column-last\" style=\"--awb-bg-color:rgba(255,255,255,0);--awb-bg-color-hover:rgba(255,255,255,0);--awb-bg-size:cover;--awb-margin-bottom:10px;\"><div class=\"fusion-column-wrapper fusion-flex-column-wrapper-legacy\"><div class=\"fusion-text fusion-text-1\"><h1 style=\"text-align: center;\">\u00a0DATOS ABIERTOS<\/h1>\n<\/div><div class=\"fusion-text fusion-text-2\"><p align=\"justify\">Con el proyecto de Datos Abiertos, el Gobierno Colombiano promueve la transparencia, el acceso a la informaci\u00f3n p\u00fablica, la competitividad, el desarrollo econ\u00f3mico, y la generaci\u00f3n de impacto social a trav\u00e9s de la apertura, la reutilizaci\u00f3n de los datos p\u00fablicos, y el uso y apropiaci\u00f3n de TIC.<\/p>\n<p align=\"justify\">Los Datos Abiertos son aquellos datos primarios o sin procesar, que se encuentran en formatos est\u00e1ndar e interoperables, los cuales facilitan su acceso y permiten su reutilizaci\u00f3n. Est\u00e1n bajo la custodia de las entidades p\u00fablicas o privadas que cumplen con funciones p\u00fablicas, son puestos a disposici\u00f3n de cualquier ciudadano, de forma libre y sin restricciones, con el fin de que terceros puedan reutilizarlos y crear servicios derivados de los mismos (Ley de Transparencia-1712 de 2014, art\u00edculo 6, literal j).<\/p>\n<p align=\"justify\">El Instituto de Vivienda de Inter\u00e9s Social y Reforma Urbana del Municipio de Bucaramanga INVISBU pone a disposici\u00f3n de la ciudadan\u00eda los datos sin ning\u00fan tipo de limitaci\u00f3n o restricci\u00f3n, esto con el fin de ser utilizados en creaci\u00f3n de servicios que beneficien a la comunidad.<\/p>\n<p align=\"justify\">A continuaci\u00f3n encontrar\u00e1 el conjunto de datos abiertos de la Entidad, los cuales podr\u00e1 acceder desde este sitio web o desde el portal de datos abiertos del estado (Datos.gov.co):<\/p>\n<\/div>\n<div class=\"table-1\">\n<table width=\"100%\">\n<thead>\n<tr>\n<th style=\"text-align: center;\" rowspan=\"2\" align=\"left\">Datos del conjunto<\/th>\n<th style=\"text-align: center;\" colspan=\"3\" align=\"left\">Portal INVISBU<\/th>\n<th style=\"text-align: center;\" colspan=\"3\" align=\"left\">Portal de Datos.gov.co<\/th>\n<\/tr>\n<tr>\n<th style=\"text-align: center;\" align=\"left\">V\u00ednculo<\/th>\n<th style=\"text-align: center;\" align=\"left\">Fecha de publicaci\u00f3n<\/th>\n<th style=\"text-align: center;\" align=\"left\">Frecuencia de actualizaci\u00f3n<\/th>\n<th style=\"text-align: center;\" align=\"left\">V\u00ednculo<\/th>\n<th style=\"text-align: center;\" align=\"left\">Fecha de publicaci\u00f3n<\/th>\n<th style=\"text-align: center;\" align=\"left\">Frecuencia de actualizaci\u00f3n<\/th>\n<\/tr>\n<\/thead>\n<tbody>\n<tr>\n<td style=\"text-align: center;\" align=\"left\">Listado de Copropiedades Horizontales del Municipio de Bucaramanga<\/td>\n<td style=\"text-align: center;\" align=\"left\"><img decoding=\"async\" class=\"alignnone wp-image-2510\" src=\"http:\/\/invisbu.gov.co\/contenido\/wp-content\/uploads\/2019\/08\/icono-excel-150x150.png\" alt=\"icono-excel\" width=\"50\" height=\"50\" srcset=\"http:\/\/invisbu.gov.co\/contenido\/wp-content\/uploads\/2019\/08\/icono-excel-66x66.png 66w, http:\/\/invisbu.gov.co\/contenido\/wp-content\/uploads\/2019\/08\/icono-excel-150x150.png 150w\" sizes=\"(max-width: 50px) 100vw, 50px\" \/><\/td>\n<td style=\"text-align: center;\" align=\"left\">02\/15\/2022<\/td>\n<td style=\"text-align: center;\" align=\"left\">No aplica. Es una consulta en l\u00ednea al SIGAPI.<\/td>\n<td style=\"text-align: center;\" align=\"left\"><a href=\"https:\/\/www.datos.gov.co\/Vivienda-Ciudad-y-Territorio\/Listado-de-Propiedades-Horizontales-del-Municipio-\/aqq4-hmf7\"><img decoding=\"async\" class=\"alignnone wp-image-2509\" src=\"http:\/\/invisbu.gov.co\/contenido\/wp-content\/uploads\/2019\/08\/kisspng-computer-icons-hyperlink-link-150x150.jpg\" alt=\"Enlace\" width=\"47\" height=\"47\" srcset=\"http:\/\/invisbu.gov.co\/contenido\/wp-content\/uploads\/2019\/08\/kisspng-computer-icons-hyperlink-link-66x66.jpg 66w, http:\/\/invisbu.gov.co\/contenido\/wp-content\/uploads\/2019\/08\/kisspng-computer-icons-hyperlink-link-150x150.jpg 150w, http:\/\/invisbu.gov.co\/contenido\/wp-content\/uploads\/2019\/08\/kisspng-computer-icons-hyperlink-link-200x200.jpg 200w, http:\/\/invisbu.gov.co\/contenido\/wp-content\/uploads\/2019\/08\/kisspng-computer-icons-hyperlink-link-300x300.jpg 300w, http:\/\/invisbu.gov.co\/contenido\/wp-content\/uploads\/2019\/08\/kisspng-computer-icons-hyperlink-link-400x400.jpg 400w, http:\/\/invisbu.gov.co\/contenido\/wp-content\/uploads\/2019\/08\/kisspng-computer-icons-hyperlink-link-600x600.jpg 600w, http:\/\/invisbu.gov.co\/contenido\/wp-content\/uploads\/2019\/08\/kisspng-computer-icons-hyperlink-link-768x768.jpg 768w, http:\/\/invisbu.gov.co\/contenido\/wp-content\/uploads\/2019\/08\/kisspng-computer-icons-hyperlink-link-800x800.jpg 800w, http:\/\/invisbu.gov.co\/contenido\/wp-content\/uploads\/2019\/08\/kisspng-computer-icons-hyperlink-link.jpg 900w\" sizes=\"(max-width: 47px) 100vw, 47px\" \/><\/a><\/td>\n<td style=\"text-align: center;\" align=\"left\">02\/15\/2022<\/td>\n<td style=\"text-align: center;\" align=\"left\">Semestral<\/td>\n<\/tr>\n<tr>\n<td style=\"text-align: center;\" align=\"left\">Proyectos de Propiedad Horizontal nuevos en\u00a0 el Municipio de Bucaramanga<\/td>\n<td style=\"text-align: center;\" align=\"left\"><img decoding=\"async\" class=\"alignnone wp-image-2510\" src=\"http:\/\/invisbu.gov.co\/contenido\/wp-content\/uploads\/2019\/08\/icono-excel-150x150.png\" alt=\"icono-excel\" width=\"50\" height=\"50\" srcset=\"http:\/\/invisbu.gov.co\/contenido\/wp-content\/uploads\/2019\/08\/icono-excel-66x66.png 66w, http:\/\/invisbu.gov.co\/contenido\/wp-content\/uploads\/2019\/08\/icono-excel-150x150.png 150w\" sizes=\"(max-width: 50px) 100vw, 50px\" \/><\/td>\n<td style=\"text-align: center;\" align=\"left\">02\/15\/2022<\/td>\n<td style=\"text-align: center;\" align=\"left\">No aplica. Es una consulta en l\u00ednea al SIGAPI.<\/td>\n<td style=\"text-align: center;\" align=\"left\"><a href=\"https:\/\/www.datos.gov.co\/Vivienda-Ciudad-y-Territorio\/PROYECTOS-DE-PROPIEDAD-HORIZONTAL-NUEVOS-BUCARAMAN\/gd84-jcth\"><img decoding=\"async\" class=\"alignnone wp-image-2509\" src=\"http:\/\/invisbu.gov.co\/contenido\/wp-content\/uploads\/2019\/08\/kisspng-computer-icons-hyperlink-link-150x150.jpg\" alt=\"Enlace\" width=\"47\" height=\"47\" srcset=\"http:\/\/invisbu.gov.co\/contenido\/wp-content\/uploads\/2019\/08\/kisspng-computer-icons-hyperlink-link-66x66.jpg 66w, http:\/\/invisbu.gov.co\/contenido\/wp-content\/uploads\/2019\/08\/kisspng-computer-icons-hyperlink-link-150x150.jpg 150w, http:\/\/invisbu.gov.co\/contenido\/wp-content\/uploads\/2019\/08\/kisspng-computer-icons-hyperlink-link-200x200.jpg 200w, http:\/\/invisbu.gov.co\/contenido\/wp-content\/uploads\/2019\/08\/kisspng-computer-icons-hyperlink-link-300x300.jpg 300w, http:\/\/invisbu.gov.co\/contenido\/wp-content\/uploads\/2019\/08\/kisspng-computer-icons-hyperlink-link-400x400.jpg 400w, http:\/\/invisbu.gov.co\/contenido\/wp-content\/uploads\/2019\/08\/kisspng-computer-icons-hyperlink-link-600x600.jpg 600w, http:\/\/invisbu.gov.co\/contenido\/wp-content\/uploads\/2019\/08\/kisspng-computer-icons-hyperlink-link-768x768.jpg 768w, http:\/\/invisbu.gov.co\/contenido\/wp-content\/uploads\/2019\/08\/kisspng-computer-icons-hyperlink-link-800x800.jpg 800w, http:\/\/invisbu.gov.co\/contenido\/wp-content\/uploads\/2019\/08\/kisspng-computer-icons-hyperlink-link.jpg 900w\" sizes=\"(max-width: 47px) 100vw, 47px\" \/><\/a><\/td>\n<td style=\"text-align: center;\" align=\"left\">02\/15\/2022<\/td>\n<td style=\"text-align: center;\" align=\"left\">Semestral<\/td>\n<\/tr>\n<\/tbody>\n<\/table>\n<\/div>\n<div class=\"fusion-sep-clear\"><\/div><div class=\"fusion-separator fusion-full-width-sep\" style=\"margin-left: auto;margin-right: auto;margin-top:10px;margin-bottom:10px;width:100%;\"><div class=\"fusion-separator-border sep-double sep-dashed\" style=\"--awb-height:20px;--awb-amount:20px;border-color:#e0dede;border-top-width:1px;border-bottom-width:1px;\"><\/div><\/div><div class=\"fusion-sep-clear\"><\/div><div class=\"fusion-text fusion-text-3\"><p align=\"justify\">De conformidad con el decreto 103 de 2015, el\u00a0<u><strong>\u00cdndice de Informaci\u00f3n Clasificada y Reservada<\/strong><\/u>\u00a0es el inventario de la informaci\u00f3n p\u00fablica generada, obtenida, adquirida o controlada por el sujeto obligado, en este caso por el INVISBU, la cual ha sido calificada como clasificada o reservada. La Calificaci\u00f3n efectuada a la informaci\u00f3n obedece a las definiciones establecidas en la Ley 1712 de 2014 en la cual se indic\u00f3:<\/p>\n<p><u><em>Informaci\u00f3n p\u00fablica clasificada<\/em><\/u>. Es aquella informaci\u00f3n que estando en poder o custodia de un sujeto obligado en su calidad de tal, pertenece al \u00e1mbito propio, particular y privado o semiprivado de una persona natural o jur\u00eddica por lo que su acceso podr\u00e1 ser negado o exceptuado, siempre que se trate de las circunstancias leg\u00edtimas y necesarias y los derechos particulares o privados consagrados en el art\u00edculo 18 de esta ley.<\/p>\n<p><u><em>Informaci\u00f3n p\u00fablica reservada<\/em><\/u>. Es aquella informaci\u00f3n que estando en poder o custodia de un sujeto obligado en su calidad de tal, es exceptuada de acceso a la ciudadan\u00eda por da\u00f1o a intereses p\u00fablicos y bajo cumplimiento de la totalidad de los requisitos consagrados en el art\u00edculo 19 de esta ley.<\/p>\n<p>A continuaci\u00f3n se presenta el documento que contiene el listado de la informaci\u00f3n clasificada como reservada y\/o clasificada en la Procuradur\u00eda General de la Naci\u00f3n de acuerdo a lo estipulado en la ley 1712 del 2014 (Ley de transparencia):<\/p>\n<\/div>\n<div class=\"table-1\">\n<table width=\"100%\">\n<thead>\n<tr>\n<th style=\"text-align: center;\" align=\"left\">\u00a0Descripci\u00f3n<\/th>\n<th style=\"text-align: center;\" align=\"left\">Vinculo<\/th>\n<th style=\"text-align: center;\" align=\"left\">Fecha de Publicaci\u00f3n<\/th>\n<\/tr>\n<\/thead>\n<tbody>\n<tr>\n<td style=\"text-align: center;\" align=\"left\">\u00cdndice de Informaci\u00f3n Clasificada y\/o Reservada<\/td>\n<td style=\"text-align: center;\" align=\"left\"><a href=\"https:\/\/invisbu.gov.co\/documentos\/publicaciones\/F.11.PO.GI_Indice-Informacion-clasificada-y-Reservada_Invisbu.pdf\"><img decoding=\"async\" class=\"wp-image-2508 aligncenter\" src=\"http:\/\/invisbu.gov.co\/contenido\/wp-content\/uploads\/2019\/08\/icono-PDF.png\" alt=\"icono-PDF\" width=\"38\" height=\"44\" srcset=\"http:\/\/invisbu.gov.co\/contenido\/wp-content\/uploads\/2019\/08\/icono-PDF-200x232.png 200w, http:\/\/invisbu.gov.co\/contenido\/wp-content\/uploads\/2019\/08\/icono-PDF-258x300.png 258w, http:\/\/invisbu.gov.co\/contenido\/wp-content\/uploads\/2019\/08\/icono-PDF.png 360w\" sizes=\"(max-width: 38px) 100vw, 38px\" \/><\/a><a href=\"https:\/\/invisbu.gov.co\/documentos\/publicaciones\/ACTIVOS_DE_INFORMACION_2020_INVISBU.xls\"><img decoding=\"async\" class=\"alignnone wp-image-2510\" src=\"http:\/\/invisbu.gov.co\/contenido\/wp-content\/uploads\/2019\/08\/icono-excel-150x150.png\" alt=\"icono-excel\" width=\"50\" height=\"50\" srcset=\"http:\/\/invisbu.gov.co\/contenido\/wp-content\/uploads\/2019\/08\/icono-excel-66x66.png 66w, http:\/\/invisbu.gov.co\/contenido\/wp-content\/uploads\/2019\/08\/icono-excel-150x150.png 150w\" sizes=\"(max-width: 50px) 100vw, 50px\" \/><\/a><\/td>\n<td style=\"text-align: center;\" align=\"left\">29\/08\/2019<\/td>\n<\/tr>\n<tr>\n<td style=\"text-align: center;\" align=\"left\">Registro de Activos de Informaci\u00f3n<\/td>\n<td style=\"text-align: center;\" align=\"left\"><a href=\"https:\/\/invisbu.gov.co\/documentos\/publicaciones\/F.11.PO.GI_Indice-Informacion-clasificada-y-Reservada_Invisbu.pdf\"><img decoding=\"async\" class=\"wp-image-2508 aligncenter\" src=\"http:\/\/invisbu.gov.co\/contenido\/wp-content\/uploads\/2019\/08\/icono-PDF.png\" alt=\"icono-PDF\" width=\"38\" height=\"44\" srcset=\"http:\/\/invisbu.gov.co\/contenido\/wp-content\/uploads\/2019\/08\/icono-PDF-200x232.png 200w, http:\/\/invisbu.gov.co\/contenido\/wp-content\/uploads\/2019\/08\/icono-PDF-258x300.png 258w, http:\/\/invisbu.gov.co\/contenido\/wp-content\/uploads\/2019\/08\/icono-PDF.png 360w\" sizes=\"(max-width: 38px) 100vw, 38px\" \/><\/a><a href=\"https:\/\/invisbu.gov.co\/documentos\/publicaciones\/ACTIVOS_DE_INFORMACION_2020_INVISBU.xls\"><img decoding=\"async\" class=\"alignnone wp-image-2510\" src=\"http:\/\/invisbu.gov.co\/contenido\/wp-content\/uploads\/2019\/08\/icono-excel-150x150.png\" alt=\"icono-excel\" width=\"50\" height=\"50\" srcset=\"http:\/\/invisbu.gov.co\/contenido\/wp-content\/uploads\/2019\/08\/icono-excel-66x66.png 66w, http:\/\/invisbu.gov.co\/contenido\/wp-content\/uploads\/2019\/08\/icono-excel-150x150.png 150w\" sizes=\"(max-width: 50px) 100vw, 50px\" \/><\/a><\/td>\n<td style=\"text-align: center;\" align=\"left\">29\/10\/2020<\/td>\n<\/tr>\n<tr>\n<td style=\"text-align: center;\" align=\"left\">Resoluci\u00f3n 240: \u201cPor la cual se adoptan Instrumentos de Gesti\u00f3n de Informaci\u00f3n P\u00fablica en el Instituto de Vivienda de Inter\u00e9s Social y Reforma Urbana del Municipio de Bucaramanga-INVISBU\u201d<\/td>\n<td style=\"text-align: center;\" align=\"left\"><a href=\"https:\/\/invisbu.gov.co\/documentos\/publicaciones\/RESOLUCION_240_Registro_de_Inventario_de-activos_de_Informacion.pdf\"><img decoding=\"async\" class=\"wp-image-2508 aligncenter\" src=\"http:\/\/invisbu.gov.co\/contenido\/wp-content\/uploads\/2019\/08\/icono-PDF.png\" alt=\"icono-PDF\" width=\"38\" height=\"44\" srcset=\"http:\/\/invisbu.gov.co\/contenido\/wp-content\/uploads\/2019\/08\/icono-PDF-200x232.png 200w, http:\/\/invisbu.gov.co\/contenido\/wp-content\/uploads\/2019\/08\/icono-PDF-258x300.png 258w, http:\/\/invisbu.gov.co\/contenido\/wp-content\/uploads\/2019\/08\/icono-PDF.png 360w\" sizes=\"(max-width: 38px) 100vw, 38px\" \/><\/a><\/td>\n<td style=\"text-align: center;\" align=\"left\">29\/10\/2020<\/td>\n<\/tr>\n<\/tbody>\n<\/table>\n<\/div>\n<div class=\"fusion-sep-clear\"><\/div><div class=\"fusion-separator fusion-full-width-sep\" style=\"margin-left: auto;margin-right: auto;margin-top:10px;margin-bottom:10px;width:100%;\"><div class=\"fusion-separator-border sep-double sep-dashed\" style=\"--awb-height:20px;--awb-amount:20px;border-color:#e0dede;border-top-width:1px;border-bottom-width:1px;\"><\/div><\/div><div class=\"fusion-sep-clear\"><\/div><center><div id=\"sfc17uf3xjp19kk34f5us1gu1kwyrj64bf1\"><\/div>\n<script type=\"text\/javascript\" src=\"https:\/\/counter7.wheredoyoucomefrom.ovh\/private\/counter.js?c=17uf3xjp19kk34f5us1gu1kwyrj64bf1&down=async\" async><\/script>\n<noscript><a href=\"https:\/\/www.contadorvisitasgratis.com\" title=\"contador de visitantes\"><img decoding=\"async\" src=\"https:\/\/counter7.wheredoyoucomefrom.ovh\/private\/contadorvisitasgratis.php?c=17uf3xjp19kk34f5us1gu1kwyrj64bf1\" border=\"0\" title=\"contador de visitantes\" alt=\"contador de visitantes\"><\/a><\/noscript><\/center><div class=\"fusion-clearfix\"><\/div><\/div><\/div><\/div><\/div><div class=\"fusion-fullwidth fullwidth-box fusion-builder-row-2 nonhundred-percent-fullwidth non-hundred-percent-height-scrolling\" style=\"--awb-border-radius-top-left:0px;--awb-border-radius-top-right:0px;--awb-border-radius-bottom-right:0px;--awb-border-radius-bottom-left:0px;--awb-padding-top:15px;--awb-padding-bottom:5px;--awb-flex-wrap:wrap;\" ><div class=\"fusion-builder-row fusion-row\"><div class=\"fusion-layout-column fusion_builder_column fusion-builder-column-1 fusion_builder_column_1_1 1_1 fusion-one-full fusion-column-first fusion-column-last\" style=\"--awb-bg-size:cover;\"><div class=\"fusion-column-wrapper fusion-flex-column-wrapper-legacy\"><div class=\"fusion-section-separator section-separator triangle fusion-section-separator-1\" style=\"--awb-border-bottom:1px solid #f6f6f6;--awb-spacer-height:1px;--awb-svg-margin-left:0;--awb-svg-margin-right:0;--awb-icon-color:#ffffff;\"><div class=\"fusion-section-separator-svg\"><div class=\"divider-candy-arrow bottom\" style=\"top:0px;border-top-color: #53c1f4;\"><\/div><div class=\"divider-candy bottom\" style=\"bottom:-21px;border-bottom:1px solid #f6f6f6;border-left:1px solid #f6f6f6;\"><\/div><\/div><div class=\"fusion-section-separator-spacer\"><div class=\"fusion-section-separator-spacer-height\"><\/div><\/div><\/div><div class=\"fusion-clearfix\"><\/div><\/div><\/div><\/div><\/div><\/p>\n","protected":false},"excerpt":{"rendered":"","protected":false},"author":1,"featured_media":0,"parent":0,"menu_order":0,"comment_status":"closed","ping_status":"closed","template":"","meta":{"footnotes":""},"class_list":["post-2000","page","type-page","status-publish","hentry"],"_links":{"self":[{"href":"http:\/\/invisbu.gov.co\/contenido\/wp-json\/wp\/v2\/pages\/2000","targetHints":{"allow":["GET"]}}],"collection":[{"href":"http:\/\/invisbu.gov.co\/contenido\/wp-json\/wp\/v2\/pages"}],"about":[{"href":"http:\/\/invisbu.gov.co\/contenido\/wp-json\/wp\/v2\/types\/page"}],"author":[{"embeddable":true,"href":"http:\/\/invisbu.gov.co\/contenido\/wp-json\/wp\/v2\/users\/1"}],"replies":[{"embeddable":true,"href":"http:\/\/invisbu.gov.co\/contenido\/wp-json\/wp\/v2\/comments?post=2000"}],"version-history":[{"count":22,"href":"http:\/\/invisbu.gov.co\/contenido\/wp-json\/wp\/v2\/pages\/2000\/revisions"}],"predecessor-version":[{"id":2931,"href":"http:\/\/invisbu.gov.co\/contenido\/wp-json\/wp\/v2\/pages\/2000\/revisions\/2931"}],"wp:attachment":[{"href":"http:\/\/invisbu.gov.co\/contenido\/wp-json\/wp\/v2\/media?parent=2000"}],"curies":[{"name":"wp","href":"https:\/\/api.w.org\/{rel}","templated":true}]}}