{"id":1916,"date":"2019-06-26T15:57:40","date_gmt":"2019-06-26T15:57:40","guid":{"rendered":"http:\/\/invisbu.gov.co\/contenido\/?page_id=1916"},"modified":"2020-01-08T20:32:43","modified_gmt":"2020-01-08T20:32:43","slug":"enajenacion-inmuebles","status":"publish","type":"page","link":"http:\/\/invisbu.gov.co\/contenido\/enajenacion-inmuebles\/","title":{"rendered":"Enajenaci\u00f3n de Inmuebles Destinados a Vivienda"},"content":{"rendered":"<p><div class=\"fusion-fullwidth fullwidth-box fusion-builder-row-1 nonhundred-percent-fullwidth non-hundred-percent-height-scrolling\" style=\"--awb-background-position:left top;--awb-border-radius-top-left:0px;--awb-border-radius-top-right:0px;--awb-border-radius-bottom-right:0px;--awb-border-radius-bottom-left:0px;--awb-padding-top:50px;--awb-padding-bottom:10px;--awb-border-sizes-top:0px;--awb-border-sizes-bottom:0px;--awb-flex-wrap:wrap;\" ><div class=\"fusion-builder-row fusion-row\"><div class=\"fusion-layout-column fusion_builder_column fusion-builder-column-0 fusion_builder_column_1_1 1_1 fusion-one-full fusion-column-first fusion-column-last fusion-column-no-min-height\" style=\"--awb-bg-size:cover;--awb-margin-bottom:0px;\"><div class=\"fusion-column-wrapper fusion-flex-column-wrapper-legacy\"><div class=\"fusion-text fusion-text-1\"><h2 style=\"text-align: center; line-height: 10px;\">Radicaci\u00f3n de Documentos para la Enajenaci\u00f3n de Inmuebles<\/h2>\n<h4 style=\"text-align: center; line-height: 20px;\">Relaci\u00f3n de documentos para la Enajaneaci\u00f3n de Inmuebles Destinados a Vivienda<\/h4>\n<\/div><div class=\"fusion-clearfix\"><\/div><\/div><\/div><div class=\"fusion-layout-column fusion_builder_column fusion-builder-column-1 fusion_builder_column_1_1 1_1 fusion-one-full fusion-column-first fusion-column-last rounded-border\" style=\"--awb-padding-top:60px;--awb-padding-right:60px;--awb-padding-bottom:45px;--awb-padding-left:60px;--awb-bg-color:#ffffff;--awb-bg-color-hover:#ffffff;--awb-bg-size:cover;--awb-border-color:#e2e2e2;--awb-border-top:1px;--awb-border-right:1px;--awb-border-bottom:1px;--awb-border-left:1px;--awb-border-style:solid;\"><div class=\"fusion-column-wrapper fusion-flex-column-wrapper-legacy\"><div class=\"fusion-text fusion-text-2\"><p>De conformidad con el articulo 71 de la Ley 962 de 2005, los interesados en promocionar, anunciar y\/o desarrollar las actividades de enajenaci\u00f3n de inmuebles a que se refiere el articulo 2 del Decreto Ley 2610 de 1979 estar\u00e1n obligadas a radicar quince d\u00edas antes del inicio de dichas actividades los documentos respectivos ante la instancia encargada de ejercer la vigilancia y control sobre las mencionadas actividades.<\/p>\n<p>[pdf-embedder url=&#8221;http:\/\/invisbu.gov.co\/contenido\/wp-content\/uploads\/2019\/06\/F.13.PO.GJFormularioEnajenacionInmuebles.pdf&#8221;]<\/p>\n<p style=\"text-align: center;\">El pago de este tramite puede realizarlo de forma online haciendo <a href=\"http:\/\/www.invisbu.gov.co\/about-us\/\">clic aqui\u00a0<\/a> \u00a0o de forma presencial realizando una consignaci\u00f3n\u00a0 a nuestra cuenta de ahorros Davivienda No. <strong>360537518<\/strong><\/p>\n<p style=\"text-align: center;\"><strong>Horario de Atenci\u00f3n:\u00a0 Lunes y Miercoles de 7:30 am &#8211; 11:45 am \/ 1:00 pm- 4:45 pm\u00a0 \u00a0<\/strong><\/p>\n<p style=\"text-align: center;\"><a href=\"http:\/\/www.invisbu.gov.co\/intranet\/calidad\/documentos\/FORMULARIOPARALAENAJENACIONDEINMUEBLESDESTINADOSAVIVIENDAMEJORA.doc\">Formulario para la Enajenaci\u00f3n de Inmuebles Destinados a Vivienda<\/a><\/p>\n<p style=\"text-align: center;\"><a href=\"http:\/\/www.invisbu.gov.co\/about-us\/\"><img decoding=\"async\" class=\"alignnone wp-image-1663 size-medium\" src=\"http:\/\/invisbu.gov.co\/contenido\/wp-content\/uploads\/2018\/10\/botonPSE-300x114.jpg\" alt=\"\" width=\"300\" height=\"114\" srcset=\"http:\/\/invisbu.gov.co\/contenido\/wp-content\/uploads\/2018\/10\/botonPSE-200x76.jpg 200w, http:\/\/invisbu.gov.co\/contenido\/wp-content\/uploads\/2018\/10\/botonPSE-300x114.jpg 300w, http:\/\/invisbu.gov.co\/contenido\/wp-content\/uploads\/2018\/10\/botonPSE.jpg 359w\" sizes=\"(max-width: 300px) 100vw, 300px\" \/><\/a><\/p>\n<\/div><div class=\"fusion-clearfix\"><\/div><\/div><\/div><\/div><\/div><div class=\"fusion-fullwidth fullwidth-box fusion-builder-row-2 nonhundred-percent-fullwidth non-hundred-percent-height-scrolling\" style=\"--awb-border-radius-top-left:0px;--awb-border-radius-top-right:0px;--awb-border-radius-bottom-right:0px;--awb-border-radius-bottom-left:0px;--awb-padding-top:0px;--awb-padding-bottom:20px;--awb-flex-wrap:wrap;\" ><div class=\"fusion-builder-row fusion-row\"><div class=\"fusion-layout-column fusion_builder_column fusion-builder-column-2 fusion_builder_column_1_1 1_1 fusion-one-full fusion-column-first fusion-column-last\" style=\"--awb-bg-size:cover;\"><div class=\"fusion-column-wrapper fusion-flex-column-wrapper-legacy\"><div class=\"fusion-section-separator section-separator triangle fusion-section-separator-1\" style=\"--awb-border-bottom:1px solid #f6f6f6;--awb-spacer-height:1px;--awb-svg-margin-left:0;--awb-svg-margin-right:0;--awb-icon-color:#ffffff;\"><div class=\"fusion-section-separator-svg\"><div class=\"divider-candy-arrow bottom\" style=\"top:0px;border-top-color: #53c1f4;\"><\/div><div class=\"divider-candy bottom\" style=\"bottom:-21px;border-bottom:1px solid #f6f6f6;border-left:1px solid #f6f6f6;\"><\/div><\/div><div class=\"fusion-section-separator-spacer\"><div class=\"fusion-section-separator-spacer-height\"><\/div><\/div><\/div><div class=\"fusion-clearfix\"><\/div><\/div><\/div><\/div><\/div><\/p>\n","protected":false},"excerpt":{"rendered":"","protected":false},"author":1,"featured_media":0,"parent":0,"menu_order":0,"comment_status":"open","ping_status":"open","template":"100-width.php","meta":{"footnotes":""},"class_list":["post-1916","page","type-page","status-publish","hentry"],"_links":{"self":[{"href":"http:\/\/invisbu.gov.co\/contenido\/wp-json\/wp\/v2\/pages\/1916","targetHints":{"allow":["GET"]}}],"collection":[{"href":"http:\/\/invisbu.gov.co\/contenido\/wp-json\/wp\/v2\/pages"}],"about":[{"href":"http:\/\/invisbu.gov.co\/contenido\/wp-json\/wp\/v2\/types\/page"}],"author":[{"embeddable":true,"href":"http:\/\/invisbu.gov.co\/contenido\/wp-json\/wp\/v2\/users\/1"}],"replies":[{"embeddable":true,"href":"http:\/\/invisbu.gov.co\/contenido\/wp-json\/wp\/v2\/comments?post=1916"}],"version-history":[{"count":16,"href":"http:\/\/invisbu.gov.co\/contenido\/wp-json\/wp\/v2\/pages\/1916\/revisions"}],"predecessor-version":[{"id":2145,"href":"http:\/\/invisbu.gov.co\/contenido\/wp-json\/wp\/v2\/pages\/1916\/revisions\/2145"}],"wp:attachment":[{"href":"http:\/\/invisbu.gov.co\/contenido\/wp-json\/wp\/v2\/media?parent=1916"}],"curies":[{"name":"wp","href":"https:\/\/api.w.org\/{rel}","templated":true}]}}