{"id":1840,"date":"2019-03-27T13:59:28","date_gmt":"2019-03-27T13:59:28","guid":{"rendered":"http:\/\/invisbu.gov.co\/contenido\/?page_id=1840"},"modified":"2019-03-27T14:44:29","modified_gmt":"2019-03-27T14:44:29","slug":"formulario-pqrsd","status":"publish","type":"page","link":"http:\/\/invisbu.gov.co\/contenido\/formulario-pqrsd\/","title":{"rendered":"Formulario PQRSD"},"content":{"rendered":"<h2 style=\"text-align: center;\" align=\"justify\"><strong>Recepci\u00f3n de PQRSD Canal Web<\/strong><\/h2>\n<p align=\"justify\">El INVISBU coloca a disposici\u00f3n de todos sus usuarios el siguiente formulario como canal web para la Recepci\u00f3n de PQRSD, por lo tanto si tiene alguna Petici\u00f3n, Queja, Reclamo, Sugerencia o Denuncia, lo invitamos a completar los siguientes campos teniendo en cuenta que los campos de nombre, email y mensaje son obligatorios.<\/p>\n\n<div class=\"wpcf7 no-js\" id=\"wpcf7-f4-o1\" lang=\"es-CO\" dir=\"ltr\" data-wpcf7-id=\"4\">\n<div class=\"screen-reader-response\"><p role=\"status\" aria-live=\"polite\" aria-atomic=\"true\"><\/p> <ul><\/ul><\/div>\n<form action=\"\/contenido\/wp-json\/wp\/v2\/pages\/1840#wpcf7-f4-o1\" method=\"post\" class=\"wpcf7-form init\" aria-label=\"Formulario de contacto\" enctype=\"multipart\/form-data\" novalidate=\"novalidate\" data-status=\"init\">\n<fieldset class=\"hidden-fields-container\"><input type=\"hidden\" name=\"_wpcf7\" value=\"4\" \/><input type=\"hidden\" name=\"_wpcf7_version\" value=\"6.1.4\" \/><input type=\"hidden\" name=\"_wpcf7_locale\" value=\"es_CO\" \/><input type=\"hidden\" name=\"_wpcf7_unit_tag\" value=\"wpcf7-f4-o1\" \/><input type=\"hidden\" name=\"_wpcf7_container_post\" value=\"0\" \/><input type=\"hidden\" name=\"_wpcf7_posted_data_hash\" value=\"\" \/>\n<\/fieldset>\n<p><label> Nombre (Requerido)<br \/>\n<span class=\"wpcf7-form-control-wrap\" data-name=\"your-name\"><input size=\"40\" maxlength=\"400\" class=\"wpcf7-form-control wpcf7-text wpcf7-validates-as-required\" aria-required=\"true\" aria-invalid=\"false\" value=\"\" type=\"text\" name=\"your-name\" \/><\/span> <\/label>\n<\/p>\n<p><label> Telefono<br \/>\n<span class=\"wpcf7-form-control-wrap\" data-name=\"tel-448\"><input size=\"40\" maxlength=\"400\" class=\"wpcf7-form-control wpcf7-tel wpcf7-text wpcf7-validates-as-tel\" aria-invalid=\"false\" value=\"\" type=\"tel\" name=\"tel-448\" \/><\/span><\/label>\n<\/p>\n<p><label> Email (Requerido)<br \/>\n<span class=\"wpcf7-form-control-wrap\" data-name=\"your-email\"><input size=\"40\" maxlength=\"400\" class=\"wpcf7-form-control wpcf7-email wpcf7-validates-as-required wpcf7-text wpcf7-validates-as-email\" aria-required=\"true\" aria-invalid=\"false\" value=\"\" type=\"email\" name=\"your-email\" \/><\/span> <\/label>\n<\/p>\n<p><label> Asunto<br \/>\n<span class=\"wpcf7-form-control-wrap\" data-name=\"your-subject\"><input size=\"40\" maxlength=\"400\" class=\"wpcf7-form-control wpcf7-text\" aria-invalid=\"false\" value=\"\" type=\"text\" name=\"your-subject\" \/><\/span> <\/label>\n<\/p>\n<p><label> Mensaje (Requerido)<br \/>\n<span class=\"wpcf7-form-control-wrap\" data-name=\"your-message\"><textarea cols=\"40\" rows=\"10\" maxlength=\"2000\" class=\"wpcf7-form-control wpcf7-textarea wpcf7-validates-as-required\" aria-required=\"true\" aria-invalid=\"false\" name=\"your-message\"><\/textarea><\/span> <\/label>\n<\/p>\n<p><label> Documento Adjunto:<br \/>\n<span class=\"wpcf7-form-control-wrap\" data-name=\"file-631\"><input size=\"40\" class=\"wpcf7-form-control wpcf7-file\" accept=\"audio\/*,video\/*,image\/*\" aria-invalid=\"false\" type=\"file\" name=\"file-631\" \/><\/span> <\/label>\n<\/p>\n<p align=\"justify\"> INSTITUTO DE VIVIENDA DE INTERES SOCIAL Y REFORMA URBANA DEL MUNICIPIO DE BUCARAMANGA - INVISBU identificada con NIT 804001897, agradece su colaboraci\u00f3n en el diligenciamiento de los datos personales solicitados en nuestro canal de PQRS, por lo anterior solicita su autorizaci\u00f3n para que, de manera previa, libre, y debidamente informada, permita dar tratamiento a los datos personales de contacto que suministra a trav\u00e9s de la presente plataforma. Estos datos ser\u00e1n utilizados con la finalidad de mantener una comunicaci\u00f3n efectiva orientada a solicitar mayor informaci\u00f3n sobre la petici\u00f3n presentada, agradecer los comentarios y aportes recibidos, ofrecer la atenci\u00f3n y ayuda requerida por el cliente, y verificar posteriormente la percepci\u00f3n de \u00e9stos frente a las soluciones propuestas, las medidas de mejoramiento adoptadas y las novedades de servicios. Nuestra Pol\u00edtica de Tratamiento de Informaci\u00f3n Personal puede ser consultada en las instalaciones de la entidad o a trav\u00e9s de nuestra p\u00e1gina web www.invisbu.gov.co y sus derechos como titular de datos personales podr\u00e1n ser ejercidos a trav\u00e9s del correo electr\u00f3nico contactenos@invisbu.gov.co\n<\/p>\n<p><span class=\"wpcf7-form-control-wrap\" data-name=\"acceptance-252\"><span class=\"wpcf7-form-control wpcf7-acceptance\"><span class=\"wpcf7-list-item\"><input type=\"checkbox\" name=\"acceptance-252\" value=\"1\" checked=\"checked\" aria-invalid=\"false\" \/><\/span><\/span><\/span> Acepto los <a href=\"http:\/\/invisbu.gov.co\/documentos\/publicaciones\/Politicas_privacidad.pdf\" target=\"_blank\">terminos y Condiciones<\/a>.<br \/>\n\t<center><input class=\"wpcf7-form-control wpcf7-submit has-spinner\" type=\"submit\" value=\"Enviar\" \/>\n\t<\/center>\n<\/p><div class=\"fusion-alert alert custom alert-custom fusion-alert-center wpcf7-response-output awb-alert-native-link-color alert-dismissable awb-alert-close-boxed\" style=\"--awb-border-size:1px;--awb-border-top-left-radius:0px;--awb-border-top-right-radius:0px;--awb-border-bottom-left-radius:0px;--awb-border-bottom-right-radius:0px;\" role=\"alert\"><div class=\"fusion-alert-content-wrapper\"><span class=\"fusion-alert-content\"><\/span><\/div><button type=\"button\" class=\"close toggle-alert\" data-dismiss=\"alert\" aria-label=\"Close\">&times;<\/button><\/div>\n<\/form>\n<\/div>\n\n","protected":false},"excerpt":{"rendered":"<p>Recepci\u00f3n de PQRSD Canal Web El INVISBU coloca a disposici\u00f3n de todos sus usuarios el siguiente formulario como canal web para la Recepci\u00f3n de PQRSD, por lo tanto si tiene alguna Petici\u00f3n, Queja, Reclamo, Sugerencia o Denuncia, lo invitamos a completar los siguientes campos teniendo en cuenta que los campos de nombre, email y mensaje  [&#8230;]<\/p>\n","protected":false},"author":1,"featured_media":0,"parent":0,"menu_order":0,"comment_status":"closed","ping_status":"closed","template":"","meta":{"footnotes":""},"class_list":["post-1840","page","type-page","status-publish","hentry"],"_links":{"self":[{"href":"http:\/\/invisbu.gov.co\/contenido\/wp-json\/wp\/v2\/pages\/1840","targetHints":{"allow":["GET"]}}],"collection":[{"href":"http:\/\/invisbu.gov.co\/contenido\/wp-json\/wp\/v2\/pages"}],"about":[{"href":"http:\/\/invisbu.gov.co\/contenido\/wp-json\/wp\/v2\/types\/page"}],"author":[{"embeddable":true,"href":"http:\/\/invisbu.gov.co\/contenido\/wp-json\/wp\/v2\/users\/1"}],"replies":[{"embeddable":true,"href":"http:\/\/invisbu.gov.co\/contenido\/wp-json\/wp\/v2\/comments?post=1840"}],"version-history":[{"count":4,"href":"http:\/\/invisbu.gov.co\/contenido\/wp-json\/wp\/v2\/pages\/1840\/revisions"}],"predecessor-version":[{"id":1846,"href":"http:\/\/invisbu.gov.co\/contenido\/wp-json\/wp\/v2\/pages\/1840\/revisions\/1846"}],"wp:attachment":[{"href":"http:\/\/invisbu.gov.co\/contenido\/wp-json\/wp\/v2\/media?parent=1840"}],"curies":[{"name":"wp","href":"https:\/\/api.w.org\/{rel}","templated":true}]}}