{"id":1720,"date":"2018-11-30T20:02:02","date_gmt":"2018-11-30T20:02:02","guid":{"rendered":"http:\/\/invisbu.gov.co\/contenido\/?page_id=1720"},"modified":"2018-11-30T20:03:27","modified_gmt":"2018-11-30T20:03:27","slug":"directorio-agremiaciones","status":"publish","type":"page","link":"http:\/\/invisbu.gov.co\/contenido\/directorio-agremiaciones\/","title":{"rendered":"Directorio de agremiaciones, asociaciones y otros grupos de inter\u00e9s"},"content":{"rendered":"<p><div class=\"fusion-fullwidth fullwidth-box fusion-builder-row-1 nonhundred-percent-fullwidth non-hundred-percent-height-scrolling\" style=\"--awb-background-position:left top;--awb-border-radius-top-left:0px;--awb-border-radius-top-right:0px;--awb-border-radius-bottom-right:0px;--awb-border-radius-bottom-left:0px;--awb-padding-top:50px;--awb-padding-bottom:10px;--awb-border-sizes-top:0px;--awb-border-sizes-bottom:0px;--awb-flex-wrap:wrap;\" ><div class=\"fusion-builder-row fusion-row\"><div class=\"fusion-layout-column fusion_builder_column fusion-builder-column-0 fusion_builder_column_1_1 1_1 fusion-one-full fusion-column-first fusion-column-last fusion-column-no-min-height\" style=\"--awb-bg-size:cover;--awb-margin-bottom:0px;\"><div class=\"fusion-column-wrapper fusion-flex-column-wrapper-legacy\"><div class=\"fusion-text fusion-text-1\"><h2 style=\"text-align: center; line-height: 10px;\">Directorio de Agremiaciones, Asociaciones y otros grupos de inter\u00e9s.<\/h2>\n<h4 style=\"text-align: center; line-height: 20px;\">Actualizado a 30\/11\/2018<\/h4>\n<div class=\"fusion-layout-column fusion_builder_column fusion_builder_column_1_2 fusion-one-half fusion-column-first 1_2\">\n<div class=\"fusion-column-wrapper\" data-bg-url=\"\">\n<div class=\"fusion-text\">\n<p><strong>ACOPI<\/strong><br \/>\nDirector Ejecutivo: Jos\u00e9 Roberto Alvarez Rueda<br \/>\nCR 35 54-37, Bucaramanga, Santander, Colombia<br \/>\nwww.acopiglobal.com<\/p>\n<p><strong>ASOCABALLOS<\/strong><br \/>\nPresidente: Roque Calder\u00f3n Calder\u00f3n<br \/>\nasocaballos@gmail.com<br \/>\nCalle 36 31-39 L-113, Bucaramanga, Santander, Colombia<br \/>\nTel\u00e9fono 57-7-6350100<br \/>\nhttp:\/\/www.fedequinas.org<\/p>\n<p><strong>Asociaci\u00f3n de Corporaciones Aut\u00f3nomas Regionales y de Desarrollo Sostenible<\/strong><br \/>\nDirector General: Ramon Leal Leal<br \/>\nCalle 70 No. 11 A \u2013 24, Bogot\u00e1 D.C.<br \/>\nTel\u00e9fono 57-1-3172888<br \/>\nwww.asocars.org.co<\/p>\n<p><strong>C\u00e1mara de Comercio de Bucaramanga<\/strong><br \/>\nPresidente Ejecutivo: Juan Camilo Beltr\u00e1n<br \/>\nCarrera 19 36-20, Bucaramanga, Santander, Colombia<br \/>\nTel\u00e9fono 57-7-6330880<br \/>\nwww.camaradirecta.com<\/p>\n<p><strong>COTELCO Bucaramanga<\/strong><br \/>\nPresidente del cap\u00edtulo Cotelco Santander: \u00c1ngela Mar\u00eda Corzo G\u00f3mez<br \/>\ndirectorejecutivo@cotelcosantander.org<br \/>\nCalle 34 18 44 OF 1, Bucaramanga, Santander, Colombia<br \/>\nTel\u00e9fono 57-7-6423554<br \/>\nwww.cotelco.org<\/p>\n<p><strong>Federaci\u00f3n Nacional de Cacaoteros<\/strong><br \/>\nPresidente Ejecutivo: Eduard Vaquero L\u00f3pez<br \/>\ninfo@fedecacao.com.co<br \/>\nCR 23 36-16 OF. 203, Bucaramanga, Santander, Colombia<br \/>\nTel\u00e9fono 57-7-6352265<br \/>\nwww.fedecacao.com.co<\/p>\n<p><strong>Fondo Ganadero de Santander<\/strong><br \/>\nGerente: Luis Eduardo Ortiz<br \/>\nfogasamaster@fondoganaderodesantander.com<br \/>\nCalle 47 No. 29 \u2013 65 Edificio Leo Local 101 , Bucaramanga, Santander, Colombia<br \/>\nTel\u00e9fono 57-7-6432221<br \/>\nwww.fondoganaderodesantander.com<\/p>\n<\/div>\n<div class=\"fusion-clearfix\"><\/div>\n<\/div>\n<\/div>\n<div class=\"fusion-layout-column fusion_builder_column fusion_builder_column_1_2 fusion-one-half fusion-column-last 1_2\">\n<div class=\"fusion-column-wrapper\" data-bg-url=\"\">\n<div class=\"fusion-text\">\n<p><strong>ANDI<\/strong><br \/>\nGerente: Juan Diego Mendez Larra\u00f1aga<br \/>\nIcamargo@andi.com.co<br \/>\nCalle 36 20-28 Of 207, Bucaramanga, Santander, Colombia<br \/>\n57-7-6421217<br \/>\nhttp:\/\/www.andi.com.co<\/p>\n<p><strong>Asociaci\u00f3n Colombiana de Ingenieros ACIEM<\/strong><br \/>\nPresidente: Gustavo Su\u00e1rez D\u00edaz<br \/>\naciemsantander@aciem.org<br \/>\nCR 19 35 02 OF 244, Bucaramanga, Santander, Colombia<br \/>\n57-7-6700543<br \/>\nwww.aciem.org<\/p>\n<p><strong>CAMACOL Santander<\/strong><br \/>\nGerente: Sergio Luna<br \/>\ncamacolsantander@gmail.com<br \/>\nCr.19 36-20 Of.905, Bucaramanga, Santander, Colombia<br \/>\n57-7-6428358<br \/>\nwww.camacolsantander.org.co<\/p>\n<p><strong>Comit\u00e9 Departamental de Cafeteros de Santander<\/strong><br \/>\nDirector Ejecutivo: N\u00e9stor Serrano<br \/>\nCr.33 49-35 Et II Trr N P-4, Bucaramanga, Santander, Colombia<br \/>\n57-7- 6432666<br \/>\nhttp:\/\/santander.federaciondecafeteros.org\/<\/p>\n<p><strong>FENALCE<\/strong><br \/>\nDirector Regional: Carlos Fernando Peluha Castro<br \/>\ncpeluha@fenalceregional.org<br \/>\nCr.37 45-56 P-2, Bucaramanga, Santander, Colombia<br \/>\n57-7-6459707<br \/>\nwww.fenalce.org.co<\/p>\n<\/div>\n<\/div>\n<\/div>\n<\/div><div class=\"fusion-clearfix\"><\/div><\/div><\/div><\/div><\/div><div class=\"fusion-fullwidth fullwidth-box fusion-builder-row-2 nonhundred-percent-fullwidth non-hundred-percent-height-scrolling\" style=\"--awb-border-radius-top-left:0px;--awb-border-radius-top-right:0px;--awb-border-radius-bottom-right:0px;--awb-border-radius-bottom-left:0px;--awb-padding-top:0px;--awb-padding-bottom:20px;--awb-flex-wrap:wrap;\" ><div class=\"fusion-builder-row fusion-row\"><div class=\"fusion-layout-column fusion_builder_column fusion-builder-column-1 fusion_builder_column_1_1 1_1 fusion-one-full fusion-column-first fusion-column-last\" style=\"--awb-bg-size:cover;\"><div class=\"fusion-column-wrapper fusion-flex-column-wrapper-legacy\"><div class=\"fusion-section-separator section-separator triangle fusion-section-separator-1\" style=\"--awb-border-bottom:1px solid #f6f6f6;--awb-spacer-height:1px;--awb-svg-margin-left:0;--awb-svg-margin-right:0;--awb-icon-color:#ffffff;\"><div class=\"fusion-section-separator-svg\"><div class=\"divider-candy-arrow bottom\" style=\"top:0px;border-top-color: #53c1f4;\"><\/div><div class=\"divider-candy bottom\" style=\"bottom:-21px;border-bottom:1px solid #f6f6f6;border-left:1px solid #f6f6f6;\"><\/div><\/div><div class=\"fusion-section-separator-spacer\"><div class=\"fusion-section-separator-spacer-height\"><\/div><\/div><\/div><div class=\"fusion-clearfix\"><\/div><\/div><\/div><\/div><\/div><\/p>\n","protected":false},"excerpt":{"rendered":"","protected":false},"author":1,"featured_media":0,"parent":0,"menu_order":0,"comment_status":"open","ping_status":"open","template":"100-width.php","meta":{"footnotes":""},"class_list":["post-1720","page","type-page","status-publish","hentry"],"_links":{"self":[{"href":"http:\/\/invisbu.gov.co\/contenido\/wp-json\/wp\/v2\/pages\/1720","targetHints":{"allow":["GET"]}}],"collection":[{"href":"http:\/\/invisbu.gov.co\/contenido\/wp-json\/wp\/v2\/pages"}],"about":[{"href":"http:\/\/invisbu.gov.co\/contenido\/wp-json\/wp\/v2\/types\/page"}],"author":[{"embeddable":true,"href":"http:\/\/invisbu.gov.co\/contenido\/wp-json\/wp\/v2\/users\/1"}],"replies":[{"embeddable":true,"href":"http:\/\/invisbu.gov.co\/contenido\/wp-json\/wp\/v2\/comments?post=1720"}],"version-history":[{"count":2,"href":"http:\/\/invisbu.gov.co\/contenido\/wp-json\/wp\/v2\/pages\/1720\/revisions"}],"predecessor-version":[{"id":1723,"href":"http:\/\/invisbu.gov.co\/contenido\/wp-json\/wp\/v2\/pages\/1720\/revisions\/1723"}],"wp:attachment":[{"href":"http:\/\/invisbu.gov.co\/contenido\/wp-json\/wp\/v2\/media?parent=1720"}],"curies":[{"name":"wp","href":"https:\/\/api.w.org\/{rel}","templated":true}]}}