{"id":1712,"date":"2018-11-28T22:25:05","date_gmt":"2018-11-28T22:25:05","guid":{"rendered":"http:\/\/invisbu.gov.co\/contenido\/?page_id=1712"},"modified":"2018-11-28T22:52:47","modified_gmt":"2018-11-28T22:52:47","slug":"glosario","status":"publish","type":"page","link":"http:\/\/invisbu.gov.co\/contenido\/glosario\/","title":{"rendered":"Glosario"},"content":{"rendered":"<p><div class=\"fusion-fullwidth fullwidth-box fusion-builder-row-1 nonhundred-percent-fullwidth non-hundred-percent-height-scrolling\" style=\"--awb-background-position:left top;--awb-border-radius-top-left:0px;--awb-border-radius-top-right:0px;--awb-border-radius-bottom-right:0px;--awb-border-radius-bottom-left:0px;--awb-padding-top:50px;--awb-padding-bottom:10px;--awb-border-sizes-top:0px;--awb-border-sizes-bottom:0px;--awb-flex-wrap:wrap;\" ><div class=\"fusion-builder-row fusion-row\"><div class=\"fusion-layout-column fusion_builder_column fusion-builder-column-0 fusion_builder_column_1_1 1_1 fusion-one-full fusion-column-first fusion-column-last fusion-column-no-min-height\" style=\"--awb-bg-size:cover;--awb-margin-bottom:0px;\"><div class=\"fusion-column-wrapper fusion-flex-column-wrapper-legacy\"><div class=\"fusion-text fusion-text-1\"><h2 style=\"text-align: center; line-height: 10px;\">GLOSARIO<\/h2>\n<h4 style=\"text-align: center; line-height: 20px;\">Listado de terminos y definiciones<\/h4>\n<\/div><div class=\"fusion-clearfix\"><\/div><\/div><\/div><div class=\"fusion-layout-column fusion_builder_column fusion-builder-column-1 fusion_builder_column_1_1 1_1 fusion-one-full fusion-column-first fusion-column-last rounded-border\" style=\"--awb-padding-top:60px;--awb-padding-right:60px;--awb-padding-bottom:45px;--awb-padding-left:60px;--awb-bg-color:#ffffff;--awb-bg-color-hover:#ffffff;--awb-bg-size:cover;--awb-border-color:#e2e2e2;--awb-border-top:1px;--awb-border-right:1px;--awb-border-bottom:1px;--awb-border-left:1px;--awb-border-style:solid;\"><div class=\"fusion-column-wrapper fusion-flex-column-wrapper-legacy\"><div class=\"fusion-text fusion-text-2\"><p><strong>Vivienda:<\/strong>\u00a0es un lugar estructuralmente separado e independiente, ocupado o destinado a ser ocupado por una familia o grupo de personas que viven juntos.<br \/>\n<strong>\u00c1rea total construida:<\/strong>\u00a0construcci\u00f3n, incluidos todos los espacios cubiertos, comunes o privados de todas las viviendas de la obra o etapa.<\/p>\n<p><strong>\u00c1rea total vendible:<\/strong>\u00a0sumatoria de las \u00e1reas de construcci\u00f3n de todos los espacios vendibles que componen la obra o la etapa. Se excluyen las \u00e1reas comunes y \u00e1reas de parqueo exteriores.<br \/>\n<strong>\u00c1rea de zonas comunes:<\/strong>\u00a0\u00e1reas de uso com\u00fan cubiertas y comprende zonas de circulaci\u00f3n, \u00e1reas sociales, \u00e1reas de acceso(escaleras y ascensores)<\/p>\n<p><strong>Destinos para uso propio:<\/strong>\u00a0viviendas que se encuentran en proceso de construcci\u00f3n y cuyo objetivo final no es la venta.<br \/>\n<strong>Cap\u00edtulo:<\/strong>\u00a0diferentes procesos que se tienen que llevar a cabo para construir una edificaci\u00f3n, los m\u00e1s comunes son: excavaci\u00f3n y cimentaci\u00f3n, estructura y cubierta, mamposter\u00eda y pa\u00f1etes y acabados.<\/p>\n<p><strong>Obra nueva:<\/strong>\u00a0construcci\u00f3n de una estructura completamente nueva, sea o no que el sitio sobre el que se construye, estuvo previamente ocupado.<br \/>\n<strong>Ampliaciones:<\/strong>\u00a0es toda adici\u00f3n en \u00e1rea a una edificaci\u00f3n ya sea en forma horizontal o vertical que implica una alteraci\u00f3n en el dise\u00f1o estructural. Se caracteriza porque se conserva el car\u00e1cter y el uso de la edificaci\u00f3n. Los datos solicitados se refieren solo al \u00e1rea adicionada.<br \/>\n<strong>Sistema constructivo:<\/strong>\u00a0proceso mediante el cual se puede ejecutar o construir una obra desde sus cap\u00edtulos preliminares teniendo en cuenta los materiales estructurales de cerramiento y acabados.<br \/>\n<strong>Vivienda de inter\u00e9s social (VIS):<\/strong>\u00a0Son todas aquellas soluciones de vivienda que se clasifica teniendo en cuenta el precio de adquisici\u00f3n.<\/p>\n<p><strong>Mano de obra:<\/strong>\u00a0Corresponde a la cantidad de mano de obra generada en el per\u00edodo intercensal por tipo de contrataci\u00f3n.<\/p>\n<p><strong>Precio de venta:<\/strong>\u00a0corresponde al precio que tienen las viviendas incluyendo el margen de utilidad.<\/p>\n<\/div><div class=\"fusion-clearfix\"><\/div><\/div><\/div><\/div><\/div><div class=\"fusion-fullwidth fullwidth-box fusion-builder-row-2 nonhundred-percent-fullwidth non-hundred-percent-height-scrolling\" style=\"--awb-border-radius-top-left:0px;--awb-border-radius-top-right:0px;--awb-border-radius-bottom-right:0px;--awb-border-radius-bottom-left:0px;--awb-padding-top:0px;--awb-padding-bottom:20px;--awb-flex-wrap:wrap;\" ><div class=\"fusion-builder-row fusion-row\"><div class=\"fusion-layout-column fusion_builder_column fusion-builder-column-2 fusion_builder_column_1_1 1_1 fusion-one-full fusion-column-first fusion-column-last\" style=\"--awb-bg-size:cover;\"><div class=\"fusion-column-wrapper fusion-flex-column-wrapper-legacy\"><div class=\"fusion-section-separator section-separator triangle fusion-section-separator-1\" style=\"--awb-border-bottom:1px solid #f6f6f6;--awb-spacer-height:1px;--awb-svg-margin-left:0;--awb-svg-margin-right:0;--awb-icon-color:#ffffff;\"><div class=\"fusion-section-separator-svg\"><div class=\"divider-candy-arrow bottom\" style=\"top:0px;border-top-color: #53c1f4;\"><\/div><div class=\"divider-candy bottom\" style=\"bottom:-21px;border-bottom:1px solid #f6f6f6;border-left:1px solid #f6f6f6;\"><\/div><\/div><div class=\"fusion-section-separator-spacer\"><div class=\"fusion-section-separator-spacer-height\"><\/div><\/div><\/div><div class=\"fusion-clearfix\"><\/div><\/div><\/div><\/div><\/div><\/p>\n","protected":false},"excerpt":{"rendered":"","protected":false},"author":1,"featured_media":0,"parent":0,"menu_order":0,"comment_status":"open","ping_status":"open","template":"100-width.php","meta":{"footnotes":""},"class_list":["post-1712","page","type-page","status-publish","hentry"],"_links":{"self":[{"href":"http:\/\/invisbu.gov.co\/contenido\/wp-json\/wp\/v2\/pages\/1712","targetHints":{"allow":["GET"]}}],"collection":[{"href":"http:\/\/invisbu.gov.co\/contenido\/wp-json\/wp\/v2\/pages"}],"about":[{"href":"http:\/\/invisbu.gov.co\/contenido\/wp-json\/wp\/v2\/types\/page"}],"author":[{"embeddable":true,"href":"http:\/\/invisbu.gov.co\/contenido\/wp-json\/wp\/v2\/users\/1"}],"replies":[{"embeddable":true,"href":"http:\/\/invisbu.gov.co\/contenido\/wp-json\/wp\/v2\/comments?post=1712"}],"version-history":[{"count":1,"href":"http:\/\/invisbu.gov.co\/contenido\/wp-json\/wp\/v2\/pages\/1712\/revisions"}],"predecessor-version":[{"id":1713,"href":"http:\/\/invisbu.gov.co\/contenido\/wp-json\/wp\/v2\/pages\/1712\/revisions\/1713"}],"wp:attachment":[{"href":"http:\/\/invisbu.gov.co\/contenido\/wp-json\/wp\/v2\/media?parent=1712"}],"curies":[{"name":"wp","href":"https:\/\/api.w.org\/{rel}","templated":true}]}}