{"id":1673,"date":"2018-10-03T16:54:39","date_gmt":"2018-10-03T16:54:39","guid":{"rendered":"http:\/\/invisbu.gov.co\/contenido\/?page_id=1673"},"modified":"2019-10-10T21:34:34","modified_gmt":"2019-10-10T21:34:34","slug":"inscripcion-existencia_legal","status":"publish","type":"page","link":"http:\/\/invisbu.gov.co\/contenido\/inscripcion-existencia_legal\/","title":{"rendered":"Inscripci\u00f3n existencia y representaci\u00f3n legal de Propiedad Horizontal"},"content":{"rendered":"<p><div class=\"fusion-fullwidth fullwidth-box fusion-builder-row-1 nonhundred-percent-fullwidth non-hundred-percent-height-scrolling\" style=\"--awb-background-position:left top;--awb-border-radius-top-left:0px;--awb-border-radius-top-right:0px;--awb-border-radius-bottom-right:0px;--awb-border-radius-bottom-left:0px;--awb-padding-top:50px;--awb-padding-bottom:10px;--awb-border-sizes-top:0px;--awb-border-sizes-bottom:0px;--awb-flex-wrap:wrap;\" ><div class=\"fusion-builder-row fusion-row\"><div class=\"fusion-layout-column fusion_builder_column fusion-builder-column-0 fusion_builder_column_1_1 1_1 fusion-one-full fusion-column-first fusion-column-last fusion-column-no-min-height\" style=\"--awb-bg-size:cover;--awb-margin-bottom:0px;\"><div class=\"fusion-column-wrapper fusion-flex-column-wrapper-legacy\"><div class=\"fusion-text fusion-text-1\"><h2 style=\"text-align: center; line-height: 10px;\">Inscripci\u00f3n existencia y representacion legal de Propiedad Horizontal<\/h2>\n<\/div><div class=\"fusion-clearfix\"><\/div><\/div><\/div><div class=\"fusion-layout-column fusion_builder_column fusion-builder-column-1 fusion_builder_column_1_1 1_1 fusion-one-full fusion-column-first fusion-column-last rounded-border\" style=\"--awb-padding-top:60px;--awb-padding-right:60px;--awb-padding-bottom:45px;--awb-padding-left:60px;--awb-bg-color:#ffffff;--awb-bg-color-hover:#ffffff;--awb-bg-size:cover;--awb-border-color:#e2e2e2;--awb-border-top:1px;--awb-border-right:1px;--awb-border-bottom:1px;--awb-border-left:1px;--awb-border-style:solid;\"><div class=\"fusion-column-wrapper fusion-flex-column-wrapper-legacy\"><div class=\"fusion-text fusion-text-2\"><p align=\"justify\">Para Inscripci\u00f3n y Certificaci\u00f3n sobre la Existencia y Representaci\u00f3n Legal \u00a0el pago puede realizarse de 2 maneras:<\/p>\n<ul>\n<li>Pago Online: Ingresar o dar clic en nuestro<a href=\"http:\/\/www.invisbu.gov.co\/about-us\/\"> boton de pagos PSE <\/a>\u00f3 pagos en linea y escoger el valor que corresponda segun la cantidad de unidades de vivienda.<a href=\"http:\/\/www.invisbu.gov.co\/about-us\/\"><img decoding=\"async\" class=\"size-medium wp-image-1663 aligncenter\" src=\"http:\/\/invisbu.gov.co\/contenido\/wp-content\/uploads\/2018\/10\/botonPSE-300x114.jpg\" alt=\"\" width=\"300\" height=\"114\" srcset=\"http:\/\/invisbu.gov.co\/contenido\/wp-content\/uploads\/2018\/10\/botonPSE-200x76.jpg 200w, http:\/\/invisbu.gov.co\/contenido\/wp-content\/uploads\/2018\/10\/botonPSE-300x114.jpg 300w, http:\/\/invisbu.gov.co\/contenido\/wp-content\/uploads\/2018\/10\/botonPSE.jpg 359w\" sizes=\"(max-width: 300px) 100vw, 300px\" \/><\/a><\/li>\n<li>Pago en banco Davivienda: Realizar una consignaci\u00f3n a la Cuenta de Ahorros\u00a0<strong>Davivienda # 360537518<\/strong>\u00a0seg\u00fan corresponda con los valores asignados para el a\u00f1o en curso:<\/li>\n<\/ul>\n<ol>\n<li>Si tiene hasta 20 unidades de vivienda el valor es de 10 SMLDV<\/li>\n<li>Para m\u00e1s de 20 unidades de vivienda el valor es \u00a0de 15 SMLDV<\/li>\n<\/ol>\n<p align=\"justify\">El Horario de atenci\u00f3n para tramites de Propiedad Horizontal es los d\u00edas Lunes y Miercoles todo el d\u00eda (7:30 am &#8211; 11:45 am \u00a0\/\u00a0 1:00 pm a 4:45 pm).<\/p>\n<p style=\"text-align: center;\" align=\"justify\"><a title=\"Lista-Inscripcion\" href=\"http:\/\/www.invisbu.gov.co\/intranet\/calidad\/documentos\/LISTADECHEQUEOPARAINSCRIPCIONYCERTIFICACIONSOBRELAEXISTENCIAYREPRESENTACI%C3%93NLEGALDELAPERSONAJURIDICA.doc\" target=\"_blank\" rel=\"noopener\">Descargar Lista de Chequeo<\/a><\/p>\n<p>A continuaci\u00f3n una infografia de la documentaci\u00f3n requerida para cada caso especifico:<\/p>\n<p><img decoding=\"async\" class=\"size-full wp-image-1674 aligncenter\" src=\"http:\/\/invisbu.gov.co\/contenido\/wp-content\/uploads\/2018\/10\/Inscripicion_jur_PH.png\" alt=\"\" width=\"800\" height=\"800\" srcset=\"http:\/\/invisbu.gov.co\/contenido\/wp-content\/uploads\/2018\/10\/Inscripicion_jur_PH-66x66.png 66w, http:\/\/invisbu.gov.co\/contenido\/wp-content\/uploads\/2018\/10\/Inscripicion_jur_PH-150x150.png 150w, http:\/\/invisbu.gov.co\/contenido\/wp-content\/uploads\/2018\/10\/Inscripicion_jur_PH-200x200.png 200w, http:\/\/invisbu.gov.co\/contenido\/wp-content\/uploads\/2018\/10\/Inscripicion_jur_PH-300x300.png 300w, http:\/\/invisbu.gov.co\/contenido\/wp-content\/uploads\/2018\/10\/Inscripicion_jur_PH-400x400.png 400w, http:\/\/invisbu.gov.co\/contenido\/wp-content\/uploads\/2018\/10\/Inscripicion_jur_PH-600x600.png 600w, http:\/\/invisbu.gov.co\/contenido\/wp-content\/uploads\/2018\/10\/Inscripicion_jur_PH-768x768.png 768w, http:\/\/invisbu.gov.co\/contenido\/wp-content\/uploads\/2018\/10\/Inscripicion_jur_PH.png 800w\" sizes=\"(max-width: 800px) 100vw, 800px\" \/><\/p>\n<\/div><div class=\"fusion-clearfix\"><\/div><\/div><\/div><\/div><\/div><div class=\"fusion-fullwidth fullwidth-box fusion-builder-row-2 nonhundred-percent-fullwidth non-hundred-percent-height-scrolling\" style=\"--awb-border-radius-top-left:0px;--awb-border-radius-top-right:0px;--awb-border-radius-bottom-right:0px;--awb-border-radius-bottom-left:0px;--awb-padding-top:0px;--awb-padding-bottom:20px;--awb-flex-wrap:wrap;\" ><div class=\"fusion-builder-row fusion-row\"><div class=\"fusion-layout-column fusion_builder_column fusion-builder-column-2 fusion_builder_column_1_1 1_1 fusion-one-full fusion-column-first fusion-column-last\" style=\"--awb-bg-size:cover;\"><div class=\"fusion-column-wrapper fusion-flex-column-wrapper-legacy\"><div class=\"fusion-section-separator section-separator triangle fusion-section-separator-1\" style=\"--awb-border-bottom:1px solid #f6f6f6;--awb-spacer-height:1px;--awb-svg-margin-left:0;--awb-svg-margin-right:0;--awb-icon-color:#ffffff;\"><div class=\"fusion-section-separator-svg\"><div class=\"divider-candy-arrow bottom\" style=\"top:0px;border-top-color: #53c1f4;\"><\/div><div class=\"divider-candy bottom\" style=\"bottom:-21px;border-bottom:1px solid #f6f6f6;border-left:1px solid #f6f6f6;\"><\/div><\/div><div class=\"fusion-section-separator-spacer\"><div class=\"fusion-section-separator-spacer-height\"><\/div><\/div><\/div><div class=\"fusion-clearfix\"><\/div><\/div><\/div><\/div><\/div><\/p>\n","protected":false},"excerpt":{"rendered":"","protected":false},"author":1,"featured_media":0,"parent":0,"menu_order":0,"comment_status":"open","ping_status":"open","template":"100-width.php","meta":{"footnotes":""},"class_list":["post-1673","page","type-page","status-publish","hentry"],"_links":{"self":[{"href":"http:\/\/invisbu.gov.co\/contenido\/wp-json\/wp\/v2\/pages\/1673","targetHints":{"allow":["GET"]}}],"collection":[{"href":"http:\/\/invisbu.gov.co\/contenido\/wp-json\/wp\/v2\/pages"}],"about":[{"href":"http:\/\/invisbu.gov.co\/contenido\/wp-json\/wp\/v2\/types\/page"}],"author":[{"embeddable":true,"href":"http:\/\/invisbu.gov.co\/contenido\/wp-json\/wp\/v2\/users\/1"}],"replies":[{"embeddable":true,"href":"http:\/\/invisbu.gov.co\/contenido\/wp-json\/wp\/v2\/comments?post=1673"}],"version-history":[{"count":7,"href":"http:\/\/invisbu.gov.co\/contenido\/wp-json\/wp\/v2\/pages\/1673\/revisions"}],"predecessor-version":[{"id":2078,"href":"http:\/\/invisbu.gov.co\/contenido\/wp-json\/wp\/v2\/pages\/1673\/revisions\/2078"}],"wp:attachment":[{"href":"http:\/\/invisbu.gov.co\/contenido\/wp-json\/wp\/v2\/media?parent=1673"}],"curies":[{"name":"wp","href":"https:\/\/api.w.org\/{rel}","templated":true}]}}