{"id":1337,"date":"2018-01-11T15:38:20","date_gmt":"2018-01-11T15:38:20","guid":{"rendered":"http:\/\/invisbu.gov.co\/contenido\/?page_id=1337"},"modified":"2021-08-25T19:36:46","modified_gmt":"2021-08-25T19:36:46","slug":"resena-historica","status":"publish","type":"page","link":"http:\/\/invisbu.gov.co\/contenido\/resena-historica\/","title":{"rendered":"Rese\u00f1a Historica"},"content":{"rendered":"<p><div class=\"fusion-fullwidth fullwidth-box fusion-builder-row-1 nonhundred-percent-fullwidth non-hundred-percent-height-scrolling\" style=\"--awb-background-position:left top;--awb-border-radius-top-left:0px;--awb-border-radius-top-right:0px;--awb-border-radius-bottom-right:0px;--awb-border-radius-bottom-left:0px;--awb-padding-top:30px;--awb-padding-bottom:30px;--awb-background-color:#f5f5f5;--awb-border-sizes-top:0px;--awb-border-sizes-bottom:0px;--awb-flex-wrap:wrap;\" ><div class=\"fusion-builder-row fusion-row\"><div class=\"fusion-layout-column fusion_builder_column fusion-builder-column-0 fusion_builder_column_1_1 1_1 fusion-one-full fusion-column-first fusion-column-last fusion-column-no-min-height\" style=\"--awb-bg-size:cover;--awb-margin-bottom:0px;\"><div class=\"fusion-column-wrapper fusion-flex-column-wrapper-legacy\"><div class=\"fusion-sep-clear\"><\/div><div class=\"fusion-separator fusion-full-width-sep\" style=\"margin-left: auto;margin-right: auto;width:100%;\"><div class=\"fusion-separator-border sep-single sep-solid\" style=\"--awb-height:20px;--awb-amount:20px;--awb-sep-color:#55a098;border-color:#55a098;border-top-width:5px;\"><\/div><\/div><div class=\"fusion-sep-clear\"><\/div><div class=\"fusion-clearfix\"><\/div><\/div><\/div><div class=\"fusion-layout-column fusion_builder_column fusion-builder-column-1 fusion_builder_column_1_1 1_1 fusion-one-full fusion-column-first fusion-column-last green-border rounded-border\" style=\"--awb-padding-top:60px;--awb-padding-right:60px;--awb-padding-bottom:50px;--awb-padding-left:60px;--awb-bg-color:#ffffff;--awb-bg-color-hover:#ffffff;--awb-bg-size:cover;--awb-border-color:#e2e2e2;--awb-border-top:1px;--awb-border-right:1px;--awb-border-bottom:1px;--awb-border-left:1px;--awb-border-style:solid;\"><div class=\"fusion-column-wrapper fusion-flex-column-wrapper-legacy\"><div class=\"fusion-text fusion-text-1\"><p style=\"text-align: left;\"><img decoding=\"async\" class=\"wp-image-1338 alignleft\" style=\"margin-right: 60px;\" src=\"http:\/\/invisbu.gov.co\/contenido\/wp-content\/uploads\/2018\/01\/web_captura_big_ce_4.jpg\" alt=\"\" width=\"599\" height=\"400\" srcset=\"http:\/\/invisbu.gov.co\/contenido\/wp-content\/uploads\/2018\/01\/web_captura_big_ce_4-200x133.jpg 200w, http:\/\/invisbu.gov.co\/contenido\/wp-content\/uploads\/2018\/01\/web_captura_big_ce_4-300x200.jpg 300w, http:\/\/invisbu.gov.co\/contenido\/wp-content\/uploads\/2018\/01\/web_captura_big_ce_4-400x266.jpg 400w, http:\/\/invisbu.gov.co\/contenido\/wp-content\/uploads\/2018\/01\/web_captura_big_ce_4-600x400.jpg 600w, http:\/\/invisbu.gov.co\/contenido\/wp-content\/uploads\/2018\/01\/web_captura_big_ce_4.jpg 650w\" sizes=\"(max-width: 599px) 100vw, 599px\" \/><\/p>\n<h3 style=\"text-align: left; margin-top: -20px;\">26 A\u00d1OS CONSTRUYENDO CALIDAD DE VIDA<\/h3>\n<p style=\"text-align: justify;\">HACE 26 A\u00d1OS, el 25 de Agosto de 1995, mediante el acuerdo 048 el Concejo Municipal cre\u00f3 el Instituto de Vivienda de Inter\u00e9s Social y Reforma Urbana de Bucaramanga (INVISBU), con la finalidad de desarrollar pol\u00edticas de vivienda de inter\u00e9s social, en \u00e1reas urbana y rural, garantizando el derecho de tener una vivienda digna para los hogares en situaci\u00f3n de vulnerabilidad.<\/p>\n<p style=\"text-align: justify;\">En marzo de 1996, el Alcalde CARLOS IBA\u00d1EZ MU\u00d1OZ designo al ingeniero CARLOS ALBERTO MORALES, como el primer director del INVISBU, realiz\u00f3 proyecto de alcantarillado para 82 familias del barrio omaga II y a mediados del mismo a\u00f1o se iniciaron los primeros mejoramientos vivienda en los barrios Transici\u00f3n V etapa, La Gloria y Gait\u00e1n.<\/p>\n<p style=\"text-align: justify;\">En 2 de octubre del mismo a\u00f1o fue designado al ingeniero LIBARDO G\u00d3MEZ RUEDA como nuevo director del INVISBU, culminando las labores iniciadas por su antecesor.<\/p>\n<p style=\"text-align: justify;\">En enero de 1998, el Alcalde LUIS FERNANDO COTE PE\u00d1A designo como directora del INVISBU a la Ingeniera LUZ EMILIA JIM\u00c9NEZ, quien terminando el primer a\u00f1o de su gesti\u00f3n, entreg\u00f3 el proyecto Nueva Colombia con 100 casas que beneficiaron a familias vulnerables. As\u00ed mismo, se dio inicio al proyecto de vivienda Barrio Claveriano con la construcci\u00f3n por etapas de 194 viviendas y al proyecto Villa Alegr\u00eda con el prop\u00f3sito de reubicar las familias que habitaban en zonas de alto riesgo del barrio Mirador Norte.<\/p>\n<p style=\"text-align: justify;\">En Febrero de 2001, EL ALCALDE IVAN MORENO ROJAS, designa al arquitecto CARLOS ARTURO M\u00c9NDEZ, como nuevo Director del Instituto de Vivienda, continuando con el proyecto Claveriano y asumiendo el reto de realizar el primer proyecto de vivienda en Caf\u00e9 Madrid para solucionar la problem\u00e1tica de 618 familias que habitaban en el sector con mayor n\u00famero de desplazados en Colombia y el primero en la regi\u00f3n. Finalizando el a\u00f1o se entregaron las primeras 84 viviendas de Villa Alegr\u00eda Fase 1 y en el a\u00f1o 2002 se entregaron 20 viviendas construidas en sitio propio en el barrio El Cristal.<\/p>\n<p style=\"text-align: justify;\">En Febrero de 2003 se posesion\u00f3 la Arquitecta MAR\u00cdA ISABEL ACEVEDO Serrano, profesional que aporto a la entidad su experiencia como anterior Gerente de CAMACOL, dando inicio a la primera etapa del proyecto Paseo la Feria y entregando 296 viviendas del proyecto Ciudadela Caf\u00e9 Madrid.<\/p>\n<p style=\"text-align: justify;\">En febrero de 2004, bajo la administraci\u00f3n del ALCALDE HONORIO GALVIS AGUILAR se posesiono el Ingeniero y Administrador de Empresas LUIS ERNESTO RODR\u00cdGUEZ, quien entrego la primera etapa del proyecto Paseo la Feria con 96 viviendas, Ciudadela Caf\u00e9 Madrid con 69, Villa Alegr\u00eda en las Hamacas donde se terminar\u00edan 27 y 77 viviendas m\u00e1s en el barrio Claveriano.<\/p>\n<p style=\"text-align: justify;\">En noviembre de 2004 fue designada como directora la Arquitecta ALBA LILIANA PLATA P\u00c1EZ, quien ejecuto la construcci\u00f3n y entrega de 41 casas en ciudadela Caf\u00e9 Madrid, 176 viviendas en las Etapas 2 y 3 del Paseo la Feria y 15 viviendas en el barrio Claveriano.<\/p>\n<p style=\"text-align: justify;\">El 12 de febrero de 2005 se produjo la Ola Invernal en los Municipios de Bucaramanga y Gir\u00f3n, afectando a m\u00e1s de 3.000 hogares con cuantiosas p\u00e9rdidas humanas y econ\u00f3micas por el desbordamiento del r\u00edo de Oro. La tragedia natural ocasion\u00f3 deslizamientos de tierra, flujo de lodos, detritos y avalanchas.<\/p>\n<p style=\"text-align: justify;\">Tres meses despu\u00e9s, el 15 de mayo, el INVISBU presento los planos de lo que ser\u00eda el Programa de vivienda \u201cLa estaci\u00f3n del Caf\u00e9 Madrid\u201d, como soluci\u00f3n definitiva a las 650 familias alojadas en el Caf\u00e9 Madrid damnificados por la ola invernal. Este proyecto fue calificado por el Ministerio de Vivienda como el mejor del pa\u00eds.<\/p>\n<p style=\"text-align: justify;\">En el a\u00f1o 2006 se dio inicio a la construcci\u00f3n de las primeras 202 viviendas del proyecto Villas de San Ignacio, en el lote donado por Bavaria conocido como Ingeser y en el a\u00f1o 2007 se dio inicio a la construcci\u00f3n de las restantes viviendas de Villas de San Ignacio que dar\u00eda albergue a 1.865 familias damnificadas por la ola invernal de 2005.<\/p>\n<p style=\"text-align: justify;\">El Proyecto Villas de San Ignacio fue calificado por el Ministerio como uno de los tres mejores planes de vivienda de Inter\u00e9s social en el pa\u00eds.<\/p>\n<p style=\"text-align: justify;\">En el mes de enero de 2008, iniciando la administraci\u00f3n del Alcalde FERNANDO VARGAS MENDOZA, fue designada como directora del INVISBU, la ingeniera ISLEY RINC\u00d3N SU\u00c1REZ, continuando con las construcci\u00f3n de las obras de urbanismo y la terminaci\u00f3n de las viviendas del proyecto de Villas de San Ignacio, as\u00ed mismo inici\u00f3 el proceso de escrituraci\u00f3n de los apartamentos de la Estaci\u00f3n en el Caf\u00e9 Madrid y de las viviendas de Villas de San Ignacio.<\/p>\n<p style=\"text-align: justify;\">En agosto de 2008, tuve el honor de posesionarme como directora del INVISBU, con el reto de culminar la anhelada entrega de las casas y apartamentos a las familias damnificadas y desplazadas, que se encontraban viviendo provisionalmente en albergues.<\/p>\n<p style=\"text-align: justify;\">En el mes de octubre se entreg\u00f3 el proyecto La Estaci\u00f3n donde 256 familias desplazadas por la violencia, hicieron su sue\u00f1o realidad.<\/p>\n<p style=\"text-align: justify;\">En el a\u00f1o 2009 y 2010 se realiz\u00f3 la construcci\u00f3n de las obras de canalizaci\u00f3n de aguas lluvias y muros de contenci\u00f3n del proyecto Villas de San Ignacio y se dio inicio a la entrega de las viviendas, labor que culmino en el 2011.<\/p>\n<p style=\"text-align: justify;\">En ese a\u00f1o se construy\u00f3 el alcantarillado de sectores que ten\u00edan necesidad de saneamiento b\u00e1sico como El Pablon, Campestre Norte y Los Conquistadores, solucionando as\u00ed esta problem\u00e1tica a m\u00e1s de 1000 familias.<\/p>\n<p style=\"text-align: justify;\">En el mismo a\u00f1o 2011 el INVISBU compra el lote de los Abril Est\u00e9vez, lote contiguo a Villas de San Ignacio, en el cual se inici\u00f3 un nuevo proyecto llamado Altos de Betania, para beneficiar a 420 familias.<\/p>\n<p style=\"text-align: justify;\">Tambi\u00e9n se fimo convenio con el Ministerio para la elaboraci\u00f3n de estudios del Proyecto de Renovaci\u00f3n Urbana -Parque Comunero- hoy denominado Proyecto Ciudadela Santo Tomas.<\/p>\n<p style=\"text-align: justify;\">En el a\u00f1o 2012 cuando inicia la administraci\u00f3n del alcalde LUIS FRANCISCO BOH\u00d3RQUEZ, se inician las obras en Altos de Betania, como resultado del Convenio suscrito con la Fundaci\u00f3n Participar, la C\u00e1mara de Comercio y la Fundaci\u00f3n Alejandro Galvis dentro del programa \u201cDale la mano a Santander\u201d para beneficiar a 120 familias damnificadas por el Fen\u00f3meno de la Ni\u00f1a que se produjo en el a\u00f1o 2011.<\/p>\n<p style=\"text-align: justify;\">A los dos meses de haberse posesionado el alcalde de Bucaramanga, LUIS FRANCISCO BOH\u00d3RQUEZ, entreg\u00f3 92 viviendas para familias de la Feria y el Concejo Municipal mediante Acuerdo 003 cre\u00f3 el \u201cObservatorio Municipal de H\u00e1bitat Urbano\u201d, como centro de pensamiento y acci\u00f3n permanente en todo lo relacionado con los problemas y soluciones de vivienda urbana.<\/p>\n<p style=\"text-align: justify;\">El 4 de junio de 2.012 se incendian las antiguas bodegas de la estaci\u00f3n del Caf\u00e9 Madrid y quedan 248 familias sin vivienda, muchas de ellas desplazadas. Para evitar que las familias regresaran a ese sitio no apto para vivir, el Alcalde establece un subsidio de arriendo de 300 mil pesos mensuales.<\/p>\n<p style=\"text-align: justify;\">Para la misma \u00e9poca y ante la invasi\u00f3n de 348 familias en el Club Chimit\u00e1 el Alcalde otorga un subsidio de arriendo por 24 meses y se compromete a gestionar una vivienda dentro del Programa \u201c100mil viviendas gratuitas\u201d del Gobierno Nacional.<\/p>\n<p style=\"text-align: justify;\">El 07 de Diciembre DE 2.012 se firm\u00f3 el contrato por $54 mil millones entre el Gobierno Nacional y la firma constructora MARVAL para poner en marcha el proyecto de Vivienda de Inter\u00e9s Prioritario -VIP- denominado Campo Madrid en la Comuna Norte de Bucaramanga, para 1.348 familias.<\/p>\n<p style=\"text-align: justify;\">Durante los a\u00f1os 2012 al 2015 y gracias a la gesti\u00f3n del INVISBU, se\u00a0 logr\u00f3 reducir el d\u00e9ficit de vivienda en un 11.5%, lo que significo que\u00a0 4.180 familias se\u00a0 beneficiaran con los proyectos de vivienda nueva en el sector urbano y rural.<\/p>\n<p style=\"text-align: justify;\">Para lograr esta reducci\u00f3n del d\u00e9ficit fue imperativa la participaci\u00f3n del sector privado y de los subsidios del Gobierno Nacional. As\u00ed mismo se beneficiaron 1.827 familias en mejoramiento de vivienda y saneamiento b\u00e1sico y en titulaci\u00f3n de bienes fiscales 255 familias, es decir 6.262 familias se han beneficiado con los programas del INVISBU, con una inversi\u00f3n hist\u00f3rica en $186 mil millones, en el cuatrienio.<\/p>\n<p style=\"text-align: justify;\">Los proyectos m\u00e1s destacados son 120 apartamentos en la Urbanizaci\u00f3n Altos de Betania, para poblaci\u00f3n Damnificada por la ola invernal 2010- 2011; 208 viviendas en la Urbanizaci\u00f3n Paseo la Feria etapa IV y V para familias Ahorradoras, 2.458 viviendas gratuitas construidas por MARVAL de las cuales 1.348 son de Campo Madrid y 810 de La Inmaculada Fase l, y 300 apartamentos en Altos de Betania para poblaci\u00f3n v\u00edctima de la violencia.<\/p>\n<p style=\"text-align: justify;\">Adem\u00e1s se construyeron 1.050 apartamentos VIPA para familias ahorradoras: 240 viviendas en la urbanizaci\u00f3n Norte Club en uni\u00f3n temporal con COMFENALCO y 810 en la Inmaculada Fase ll en uni\u00f3n temporal con MARVAL.<\/p>\n<p style=\"text-align: left;\">El sector rural tambi\u00e9n ha sido prioridad para el INVISBU, actualmente 163 familias de las veredas de Bucaramanga se est\u00e1n beneficiando de los programas de vivienda.<\/p>\n<p style=\"text-align: justify;\">En Uni\u00f3n Temporal con COMFENALCO se lanz\u00f3 el proyecto denominado CONDOMINIO CASALES para beneficiar a 80 servidores p\u00fablicos del Municipio, que ser\u00e1 construido en el antiguo Taller Municipal, igualmente construiremos 101 viviendas en Villas de San Ignacio Etapa 13 para familias damnificadas del fen\u00f3meno de la ni\u00f1a 2011 con el Fondo de Adaptaci\u00f3n.<\/p>\n<p style=\"text-align: justify;\">Este a\u00f1o igualmente, mediante Acuerdo Municipal No.005 de Abril de 2.015 el Honorable Concejo Municipal \u201cAdopta la Pol\u00edtica P\u00fablica de Vivienda y H\u00e1bitat de Bucaramanga para superar el riesgo y construir una ciudad sostenible\u201d, pol\u00edtica que fue dise\u00f1ada por el INVISBU y el Programa de las Naciones Unidas para el Desarrollo a trav\u00e9s de un Convenio de Cooperaci\u00f3n Internacional.<\/p>\n<p style=\"text-align: justify;\">En el mes de Junio obtuvimos del ICONTEC la Certificaci\u00f3n del Sistema de Gesti\u00f3n de Calidad, hecho que nos llena de orgullo y satisfacci\u00f3n, raz\u00f3n que nos lleva a celebrar este reconocimiento dentro del marco de los 20 a\u00f1os del INVISBU.<\/p>\n<p style=\"text-align: justify;\">Hoy el gran reto es hacer realidad el Proyecto de Renovaci\u00f3n Urbana Ciudadela Santo Tomas, con la construcci\u00f3n de 4.000 apartamentos para familias de clase media de la ciudad.<\/p>\n<p style=\"text-align: justify;\">En conclusi\u00f3n podemos decir que gracias a la gesti\u00f3n realizada POR 6 ALCALDES MUNICIPALES Y 11 DIRECTORES, hay 7.811 viviendas nuevas en diferentes proyectos de la ciudad. Se han realizado m\u00e1s de 1.751 mejoramientos de vivienda en los diferentes barrios y corregimientos. As\u00ed mismo con la titulaci\u00f3n de bienes fiscales del Municipio se han suscrito 850 escrituras. Tambi\u00e9n hemos contribuido en el saneamiento b\u00e1sico con la construcci\u00f3n de alcantarillados a m\u00e1s de 2.500 familias.<\/p>\n<p style=\"text-align: left;\">En total son 65 mil personas beneficiadas con nuestros proyectos de vivienda durante estos 20 a\u00f1os de funcionamiento del INVISBU; se han generado empleos directos e indirectos, se ha mejorado la calidad de vida de los bumangueses gracias a la reactivaci\u00f3n de la construcci\u00f3n, se ha impulsado el desarrollo y la productividad de las empresas de la ciudad, siendo de gran importancia la vinculaci\u00f3n del sector privado y la gesti\u00f3n de recursos del nivel nacional, para apalancar estos proyectos de vivienda.<\/p>\n<p style=\"text-align: justify;\">Hoy podemos decir que el sue\u00f1o de tener casa propia se convirti\u00f3 en realidad para miles de bumangueses, ratificando as\u00ed que de la mano con la Administraci\u00f3n Municipal, el objeto para el cual se cre\u00f3 el INVISBU hace 20 a\u00f1os se ha cumplido a cabalidad.<\/p>\n<p style=\"text-align: justify;\">Esta tit\u00e1nica labor no hubiera sido posible sin el apoyo del Alcalde quien aprob\u00f3 todas las iniciativas presentadas por el INVISBU; del Concejo Municipal por haber aprobado recursos, la Modificaci\u00f3n del POT y la transferencia de los predios, de las Empresas de Servicios P\u00fablicos por haber dise\u00f1ado en tiempo record las redes para habilitar los terrenos, de los constructores e interventores, al Ministerio de Vivienda por su apoyo desde el Nivel Central y por supuesto a todo el equipo de INVISBU que con su diaria labor han contribuido al \u00e9xito de todos los proyectos.<\/p>\n<\/div><div class=\"fusion-clearfix\"><\/div><\/div><\/div><\/div><\/div><div class=\"fusion-fullwidth fullwidth-box fusion-builder-row-2 nonhundred-percent-fullwidth non-hundred-percent-height-scrolling\" style=\"--awb-border-radius-top-left:0px;--awb-border-radius-top-right:0px;--awb-border-radius-bottom-right:0px;--awb-border-radius-bottom-left:0px;--awb-padding-top:20px;--awb-padding-bottom:20px;--awb-flex-wrap:wrap;\" ><div class=\"fusion-builder-row fusion-row\"><div class=\"fusion-layout-column fusion_builder_column fusion-builder-column-2 fusion_builder_column_1_1 1_1 fusion-one-full fusion-column-first fusion-column-last\" style=\"--awb-bg-size:cover;\"><div class=\"fusion-column-wrapper fusion-flex-column-wrapper-legacy\"><div class=\"fusion-section-separator section-separator triangle fusion-section-separator-1\" style=\"--awb-border-bottom:1px solid #f6f6f6;--awb-spacer-height:1px;--awb-svg-margin-left:0;--awb-svg-margin-right:0;--awb-icon-color:#ffffff;\"><div class=\"fusion-section-separator-svg\"><div class=\"divider-candy-arrow bottom\" style=\"top:0px;border-top-color: #53c1f4;\"><\/div><div class=\"divider-candy bottom\" style=\"bottom:-21px;border-bottom:1px solid #f6f6f6;border-left:1px solid #f6f6f6;\"><\/div><\/div><div class=\"fusion-section-separator-spacer\"><div class=\"fusion-section-separator-spacer-height\"><\/div><\/div><\/div><div class=\"fusion-clearfix\"><\/div><\/div><\/div><\/div><\/div><\/p>\n","protected":false},"excerpt":{"rendered":"","protected":false},"author":1,"featured_media":0,"parent":0,"menu_order":0,"comment_status":"open","ping_status":"open","template":"100-width.php","meta":{"footnotes":""},"class_list":["post-1337","page","type-page","status-publish","hentry"],"_links":{"self":[{"href":"http:\/\/invisbu.gov.co\/contenido\/wp-json\/wp\/v2\/pages\/1337","targetHints":{"allow":["GET"]}}],"collection":[{"href":"http:\/\/invisbu.gov.co\/contenido\/wp-json\/wp\/v2\/pages"}],"about":[{"href":"http:\/\/invisbu.gov.co\/contenido\/wp-json\/wp\/v2\/types\/page"}],"author":[{"embeddable":true,"href":"http:\/\/invisbu.gov.co\/contenido\/wp-json\/wp\/v2\/users\/1"}],"replies":[{"embeddable":true,"href":"http:\/\/invisbu.gov.co\/contenido\/wp-json\/wp\/v2\/comments?post=1337"}],"version-history":[{"count":10,"href":"http:\/\/invisbu.gov.co\/contenido\/wp-json\/wp\/v2\/pages\/1337\/revisions"}],"predecessor-version":[{"id":2776,"href":"http:\/\/invisbu.gov.co\/contenido\/wp-json\/wp\/v2\/pages\/1337\/revisions\/2776"}],"wp:attachment":[{"href":"http:\/\/invisbu.gov.co\/contenido\/wp-json\/wp\/v2\/media?parent=1337"}],"curies":[{"name":"wp","href":"https:\/\/api.w.org\/{rel}","templated":true}]}}