{"id":12,"date":"2015-02-20T20:12:25","date_gmt":"2015-02-20T20:12:25","guid":{"rendered":"http:\/\/avada.theme-fusion.com_demos\/law\/?page_id=12"},"modified":"2020-05-21T19:07:40","modified_gmt":"2020-05-21T19:07:40","slug":"politicas-calidad","status":"publish","type":"page","link":"http:\/\/invisbu.gov.co\/contenido\/politicas-calidad\/","title":{"rendered":"Politicas de Calidad || INVISBU"},"content":{"rendered":"<p><div class=\"fusion-fullwidth fullwidth-box fusion-builder-row-1 nonhundred-percent-fullwidth non-hundred-percent-height-scrolling\" style=\"--awb-background-position:left top;--awb-border-radius-top-left:0px;--awb-border-radius-top-right:0px;--awb-border-radius-bottom-right:0px;--awb-border-radius-bottom-left:0px;--awb-padding-top:30px;--awb-padding-bottom:30px;--awb-background-color:#f5f5f5;--awb-border-sizes-top:0px;--awb-border-sizes-bottom:0px;--awb-flex-wrap:wrap;\" ><div class=\"fusion-builder-row fusion-row\"><div class=\"fusion-layout-column fusion_builder_column fusion-builder-column-0 fusion_builder_column_1_1 1_1 fusion-one-full fusion-column-first fusion-column-last fusion-column-no-min-height\" style=\"--awb-bg-size:cover;--awb-margin-bottom:0px;\"><div class=\"fusion-column-wrapper fusion-flex-column-wrapper-legacy\"><div class=\"fusion-sep-clear\"><\/div><div class=\"fusion-separator fusion-full-width-sep\" style=\"margin-left: auto;margin-right: auto;width:100%;\"><div class=\"fusion-separator-border sep-single sep-solid\" style=\"--awb-height:20px;--awb-amount:20px;--awb-sep-color:#55a098;border-color:#55a098;border-top-width:5px;\"><\/div><\/div><div class=\"fusion-sep-clear\"><\/div><div class=\"fusion-clearfix\"><\/div><\/div><\/div><div class=\"fusion-layout-column fusion_builder_column fusion-builder-column-1 fusion_builder_column_1_1 1_1 fusion-one-full fusion-column-first fusion-column-last green-border rounded-border\" style=\"--awb-padding-top:60px;--awb-padding-right:60px;--awb-padding-bottom:50px;--awb-padding-left:60px;--awb-bg-color:#ffffff;--awb-bg-color-hover:#ffffff;--awb-bg-size:cover;--awb-border-color:#e2e2e2;--awb-border-top:1px;--awb-border-right:1px;--awb-border-bottom:1px;--awb-border-left:1px;--awb-border-style:solid;\"><div class=\"fusion-column-wrapper fusion-flex-column-wrapper-legacy\"><div class=\"fusion-text fusion-text-1\"><p style=\"text-align: left;\"><img decoding=\"async\" class=\"alignleft wp-image-457 \" style=\"margin-right: 60px;\" src=\"http:\/\/invisbu.gov.co\/contenido\/wp-content\/uploads\/2015\/02\/shaking-hands.png\" alt=\"\" width=\"288\" height=\"215\" \/><\/p>\n<h3 style=\"text-align: left; margin-top: -20px;\">25 A\u00d1OS CONSTRUYENDO CALIDAD DE VIDA<\/h3>\n<p style=\"text-align: justify;\">El Instituto de Vivienda de Inter\u00e9s Social y Reforma Urbana del Municipio de Bucaramanga -INVISBU- se compromete a identificar las necesidades b\u00e1sicas de vivienda y las condiciones del entorno de los hogares de bajos recursos y poblaci\u00f3n en situaci\u00f3n de vulnerabilidad ubicados en el sector urbano y rural del municipio de Bucaramanga, liderando, orientando, coordinando y desarrollando la pol\u00edtica municipal de vivienda, las directrices del Plan de Desarrollo Municipal y el cumplimiento de la normatividad legal, mediante el Sistema Integrado de Gesti\u00f3n \u2013SIG-, en pro del mejoramiento continuo de sus procesos, promoci\u00f3n de capacitaciones y participaci\u00f3n de sus partes interesadas, a trav\u00e9s de la identificaci\u00f3n, evaluaci\u00f3n, prevenci\u00f3n y control de los riesgos y el mantenimiento de un ambiente de trabajo seguro.<\/p>\n<\/div><div class=\"fusion-sep-clear\"><\/div><div class=\"fusion-separator fusion-full-width-sep\" style=\"margin-left: auto;margin-right: auto;margin-top:1px;margin-bottom:1px;width:100%;\"><\/div><div class=\"fusion-sep-clear\"><\/div><div class=\"fusion-clearfix\"><\/div><\/div><\/div><\/div><\/div><div class=\"fusion-fullwidth fullwidth-box fusion-builder-row-2 nonhundred-percent-fullwidth non-hundred-percent-height-scrolling\" style=\"--awb-background-position:left top;--awb-background-repeat:repeat;--awb-border-radius-top-left:0px;--awb-border-radius-top-right:0px;--awb-border-radius-bottom-right:0px;--awb-border-radius-bottom-left:0px;--awb-padding-top:0px;--awb-padding-bottom:0px;--awb-background-color:rgba(255,255,255,0.5);--awb-border-sizes-top:0px;--awb-border-sizes-bottom:0px;--awb-flex-wrap:wrap;\" ><div class=\"fusion-builder-row fusion-row\"><div class=\"fusion-layout-column fusion_builder_column fusion-builder-column-2 fusion_builder_column_1_1 1_1 fusion-one-full fusion-column-first fusion-column-last fusion-column-no-min-height\" style=\"--awb-bg-size:cover;--awb-margin-bottom:0px;\"><div class=\"fusion-column-wrapper fusion-flex-column-wrapper-legacy\"><div class=\"fusion-text fusion-text-2\"><h2 style=\"text-align: center;\">DIRECTRICES DE LA POL\u00cdTICA DE CALIDAD<\/h2>\n<\/div><div class=\"fusion-sep-clear\"><\/div><div class=\"fusion-separator\" style=\"margin-left: auto;margin-right: auto;margin-top:15px;margin-bottom:50px;width:100%;max-width:170px;\"><div class=\"fusion-separator-border sep-single sep-solid\" style=\"--awb-height:20px;--awb-amount:20px;--awb-sep-color:#dfdddd;border-color:#dfdddd;border-top-width:1px;\"><\/div><\/div><div class=\"fusion-sep-clear\"><\/div><div class=\"fusion-clearfix\"><\/div><\/div><\/div><\/div><\/div><div class=\"fusion-fullwidth fullwidth-box fusion-builder-row-3 nonhundred-percent-fullwidth non-hundred-percent-height-scrolling fusion-equal-height-columns\" style=\"--awb-background-position:left top;--awb-background-repeat:repeat;--awb-border-radius-top-left:0px;--awb-border-radius-top-right:0px;--awb-border-radius-bottom-right:0px;--awb-border-radius-bottom-left:0px;--awb-padding-top:0px;--awb-padding-bottom:30px;--awb-background-color:rgba(255,255,255,0.5);--awb-border-sizes-top:0px;--awb-border-sizes-bottom:0px;--awb-flex-wrap:wrap;\" ><div class=\"fusion-builder-row fusion-row\"><div class=\"fusion-layout-column fusion_builder_column fusion-builder-column-3 fusion_builder_column_1_3 1_3 fusion-one-third fusion-column-first rounded-border\" style=\"--awb-padding-top:25px;--awb-padding-right:25px;--awb-padding-bottom:5px;--awb-padding-left:25px;--awb-bg-color:#edecec;--awb-bg-color-hover:#edecec;--awb-bg-size:cover;--awb-border-color:transparent;--awb-border-top:0px;--awb-border-right:0px;--awb-border-bottom:0px;--awb-border-left:0px;--awb-border-style:solid;width:30.6666%; margin-right: 4%;\"><div class=\"fusion-column-wrapper fusion-flex-column-wrapper-legacy\"><div class=\"fusion-text fusion-text-3\"><p style=\"text-align: center;\"><span style=\"line-height: 20px;\"><strong><img decoding=\"async\" class=\"alignleft wp-image-1053\" src=\"http:\/\/invisbu.gov.co\/contenido\/wp-content\/uploads\/2015\/07\/law_post_3-compressor.jpg\" alt=\"\" width=\"141\" height=\"93\" \/><\/strong><\/span><strong>Gesti\u00f3n de pol\u00edticas p\u00fablicas oportunas y efectivas\u00a0<\/strong><\/p>\n<p style=\"text-align: justify;\"><span style=\"line-height: 20px;\">Realizar labores enmarcadas con par\u00e1metros que lleven la gesti\u00f3n de la direcci\u00f3n al cumplimiento de metas de eficiencia, eficacia y efectividad.<\/span><\/p>\n<\/div><div class=\"fusion-clearfix\"><\/div><\/div><\/div><div class=\"fusion-layout-column fusion_builder_column fusion-builder-column-4 fusion_builder_column_1_3 1_3 fusion-one-third rounded-border\" style=\"--awb-padding-top:25px;--awb-padding-right:25px;--awb-padding-bottom:5px;--awb-padding-left:25px;--awb-bg-color:#edecec;--awb-bg-color-hover:#edecec;--awb-bg-size:cover;--awb-border-color:transparent;--awb-border-top:0px;--awb-border-right:0px;--awb-border-bottom:0px;--awb-border-left:0px;--awb-border-style:solid;width:30.6666%; margin-right: 4%;\"><div class=\"fusion-column-wrapper fusion-flex-column-wrapper-legacy\"><div class=\"fusion-text fusion-text-4\"><p style=\"text-align: center;\"><span style=\"line-height: 20px;\"><span style=\"font-weight: bold;\"><img decoding=\"async\" class=\"alignleft wp-image-963\" src=\"http:\/\/invisbu.gov.co\/contenido\/wp-content\/uploads\/2015\/07\/law_post_8-compressor.jpg\" alt=\"Law 8\" width=\"141\" height=\"93\" \/>Personal Competente:<\/span><\/span><\/p>\n<p style=\"text-align: justify;\">Lograr que el INVISBU, desarrolle mecanismos de competitividad logrando que su personal se l\u00edder en las actividades que desarrolla a diario.<\/p>\n<\/div><div class=\"fusion-clearfix\"><\/div><\/div><\/div><div class=\"fusion-layout-column fusion_builder_column fusion-builder-column-5 fusion_builder_column_1_3 1_3 fusion-one-third fusion-column-last rounded-border\" style=\"--awb-padding-top:25px;--awb-padding-right:25px;--awb-padding-bottom:5px;--awb-padding-left:25px;--awb-bg-color:#edecec;--awb-bg-color-hover:#edecec;--awb-bg-size:cover;--awb-border-color:transparent;--awb-border-top:0px;--awb-border-right:0px;--awb-border-bottom:0px;--awb-border-left:0px;--awb-border-style:solid;width:30.6666%;\"><div class=\"fusion-column-wrapper fusion-flex-column-wrapper-legacy\"><div class=\"fusion-text fusion-text-5\"><p style=\"text-align: center;\"><span style=\"line-height: 20px;\"><span style=\"font-weight: bold;\"><img decoding=\"async\" class=\"alignleft wp-image-964\" src=\"http:\/\/invisbu.gov.co\/contenido\/wp-content\/uploads\/2015\/07\/law_post_9-compressor.jpg\" alt=\"Law 9\" width=\"141\" height=\"93\" \/>Mejoramiento Continuo del SGC\u00a0<\/span><\/span><\/p>\n<p style=\"text-align: justify;\"><span style=\"margin-left: 20px;\">El Sistema de Gesti\u00f3n de Calidad del INVISBU genera informaci\u00f3n confiable, oportuna y de f\u00e1cil comprensi\u00f3n, con el prop\u00f3sito facilitar la participaci\u00f3n ciudadana en las diferentes actividades que realiza el Instituto.<\/span><\/p>\n<\/div><div class=\"fusion-clearfix\"><\/div><\/div><\/div><\/div><\/div><div class=\"fusion-fullwidth fullwidth-box fusion-builder-row-4 nonhundred-percent-fullwidth non-hundred-percent-height-scrolling\" style=\"--awb-background-position:left top;--awb-background-repeat:repeat;--awb-border-radius-top-left:0px;--awb-border-radius-top-right:0px;--awb-border-radius-bottom-right:0px;--awb-border-radius-bottom-left:0px;--awb-padding-top:30px;--awb-padding-bottom:30px;--awb-background-color:#ffffff;--awb-border-sizes-top:0px;--awb-border-sizes-bottom:0px;--awb-flex-wrap:wrap;\" ><div class=\"fusion-builder-row fusion-row\"><div class=\"fusion-layout-column fusion_builder_column fusion-builder-column-6 fusion_builder_column_1_1 1_1 fusion-one-full fusion-column-first fusion-column-last fusion-column-no-min-height\" style=\"--awb-bg-size:cover;--awb-margin-bottom:0px;\"><div class=\"fusion-column-wrapper fusion-flex-column-wrapper-legacy\"><div class=\"fusion-text fusion-text-6\"><h2 style=\"text-align: center;\">OBJETIVOS DE CALIDAD<\/h2>\n<\/div><div class=\"fusion-sep-clear\"><\/div><div class=\"fusion-separator\" style=\"margin-left: auto;margin-right: auto;margin-top:15px;margin-bottom:50px;width:100%;max-width:170px;\"><div class=\"fusion-separator-border sep-single sep-solid\" style=\"--awb-height:20px;--awb-amount:20px;--awb-sep-color:#dfdddd;border-color:#dfdddd;border-top-width:1px;\"><\/div><\/div><div class=\"fusion-sep-clear\"><\/div><div class=\"fusion-clearfix\"><\/div><\/div><\/div><div class=\"fusion-layout-column fusion_builder_column fusion-builder-column-7 fusion_builder_column_1_2 1_2 fusion-one-half fusion-column-first rounded-border\" style=\"--awb-padding-top:25px;--awb-padding-right:25px;--awb-padding-bottom:5px;--awb-padding-left:25px;--awb-bg-color:#edecec;--awb-bg-color-hover:#edecec;--awb-bg-size:cover;--awb-border-color:transparent;--awb-border-top:0px;--awb-border-right:0px;--awb-border-bottom:0px;--awb-border-left:0px;--awb-border-style:solid;width:48%; margin-right: 4%;\"><div class=\"fusion-column-wrapper fusion-flex-column-wrapper-legacy\"><div class=\"fusion-text fusion-text-7\"><p style=\"text-align: justify;\"><span style=\"line-height: 20px;\"><img decoding=\"async\" class=\"alignleft\" src=\"http:\/\/invisbu.gov.co\/contenido\/wp-content\/uploads\/2015\/07\/column2-image1.jpg\" alt=\"column2-image1\" width=\"115\" height=\"115\" \/><span style=\"font-weight: bold;\">Evaluar las pol\u00edticas p\u00fablicas gestionadas por el INVISBU.<\/span><\/span><\/p>\n<\/div><div class=\"fusion-clearfix\"><\/div><\/div><\/div><div class=\"fusion-layout-column fusion_builder_column fusion-builder-column-8 fusion_builder_column_1_2 1_2 fusion-one-half fusion-column-last rounded-border\" style=\"--awb-padding-top:25px;--awb-padding-right:25px;--awb-padding-bottom:5px;--awb-padding-left:25px;--awb-bg-color:#edecec;--awb-bg-color-hover:#edecec;--awb-bg-size:cover;--awb-border-color:transparent;--awb-border-top:0px;--awb-border-right:0px;--awb-border-bottom:0px;--awb-border-left:0px;--awb-border-style:solid;width:48%;\"><div class=\"fusion-column-wrapper fusion-flex-column-wrapper-legacy\"><div class=\"fusion-text fusion-text-8\"><p style=\"text-align: justify;\"><span style=\"line-height: 20px;\"><img decoding=\"async\" class=\"alignleft\" src=\"http:\/\/invisbu.gov.co\/contenido\/wp-content\/uploads\/2015\/07\/column3-image1.jpg\" alt=\"column2-image1\" width=\"115\" height=\"115\" \/><span style=\"font-weight: bold;\">Ampliar la cobertura de los clientes en la prestaci\u00f3n de servicios.<\/span><\/span><\/p>\n<\/div><div class=\"fusion-clearfix\"><\/div><\/div><\/div><div class=\"fusion-layout-column fusion_builder_column fusion-builder-column-9 fusion_builder_column_1_2 1_2 fusion-one-half fusion-column-first rounded-border\" style=\"--awb-padding-top:25px;--awb-padding-right:25px;--awb-padding-bottom:5px;--awb-padding-left:25px;--awb-bg-color:#edecec;--awb-bg-color-hover:#edecec;--awb-bg-size:cover;--awb-border-color:transparent;--awb-border-top:0px;--awb-border-right:0px;--awb-border-bottom:0px;--awb-border-left:0px;--awb-border-style:solid;width:48%; margin-right: 4%;\"><div class=\"fusion-column-wrapper fusion-flex-column-wrapper-legacy\"><div class=\"fusion-text fusion-text-9\"><p style=\"text-align: justify;\"><span style=\"line-height: 20px;\"><img decoding=\"async\" class=\"alignleft\" src=\"http:\/\/invisbu.gov.co\/contenido\/wp-content\/uploads\/2015\/07\/column2-image6.jpg\" alt=\"column2-image1\" width=\"115\" height=\"115\" \/><span style=\"font-weight: bold;\">Mejorar el grado de oportunidad en la prestaci\u00f3n de los servicios al cliente.<\/span><\/span><\/p>\n<\/div><div class=\"fusion-clearfix\"><\/div><\/div><\/div><div class=\"fusion-layout-column fusion_builder_column fusion-builder-column-10 fusion_builder_column_1_2 1_2 fusion-one-half fusion-column-last\" style=\"--awb-padding-top:25px;--awb-padding-right:25px;--awb-padding-bottom:5px;--awb-padding-left:25px;--awb-bg-color:#edecec;--awb-bg-color-hover:#edecec;--awb-bg-size:cover;--awb-border-color:transparent;--awb-border-top:0px;--awb-border-right:0px;--awb-border-bottom:0px;--awb-border-left:0px;--awb-border-style:solid;width:48%;\"><div class=\"fusion-column-wrapper fusion-flex-column-wrapper-legacy\"><div class=\"fusion-text fusion-text-10\"><p style=\"text-align: justify;\"><span style=\"line-height: 20px;\"><img decoding=\"async\" class=\"alignleft\" src=\"http:\/\/invisbu.gov.co\/contenido\/wp-content\/uploads\/2015\/07\/column2-image2.jpg\" alt=\"column2-image1\" width=\"115\" height=\"115\" \/><span style=\"font-weight: bold;\">Lograr realizar el mejoramiento continuo a todas las actividades que desarrollamos para satisfacer el cliente.<br \/>\n<\/span><\/span><\/p>\n<\/div><div class=\"fusion-clearfix\"><\/div><\/div><\/div><\/div><\/div><div class=\"fusion-fullwidth fullwidth-box fusion-builder-row-5 nonhundred-percent-fullwidth non-hundred-percent-height-scrolling\" style=\"--awb-border-radius-top-left:0px;--awb-border-radius-top-right:0px;--awb-border-radius-bottom-right:0px;--awb-border-radius-bottom-left:0px;--awb-padding-top:20px;--awb-padding-bottom:20px;--awb-flex-wrap:wrap;\" ><div class=\"fusion-builder-row fusion-row\"><div class=\"fusion-layout-column fusion_builder_column fusion-builder-column-11 fusion_builder_column_1_1 1_1 fusion-one-full fusion-column-first fusion-column-last\" style=\"--awb-bg-size:cover;\"><div class=\"fusion-column-wrapper fusion-flex-column-wrapper-legacy\"><div class=\"fusion-section-separator section-separator triangle fusion-section-separator-1\" style=\"--awb-border-bottom:1px solid #f6f6f6;--awb-spacer-height:1px;--awb-svg-margin-left:0;--awb-svg-margin-right:0;--awb-icon-color:#ffffff;\"><div class=\"fusion-section-separator-svg\"><div class=\"divider-candy-arrow bottom\" style=\"top:0px;border-top-color: #53c1f4;\"><\/div><div class=\"divider-candy bottom\" style=\"bottom:-21px;border-bottom:1px solid #f6f6f6;border-left:1px solid #f6f6f6;\"><\/div><\/div><div class=\"fusion-section-separator-spacer\"><div class=\"fusion-section-separator-spacer-height\"><\/div><\/div><\/div><div class=\"fusion-clearfix\"><\/div><\/div><\/div><\/div><\/div><\/p>\n","protected":false},"excerpt":{"rendered":"","protected":false},"author":1,"featured_media":0,"parent":0,"menu_order":0,"comment_status":"open","ping_status":"open","template":"100-width.php","meta":{"footnotes":""},"class_list":["post-12","page","type-page","status-publish","hentry"],"_links":{"self":[{"href":"http:\/\/invisbu.gov.co\/contenido\/wp-json\/wp\/v2\/pages\/12","targetHints":{"allow":["GET"]}}],"collection":[{"href":"http:\/\/invisbu.gov.co\/contenido\/wp-json\/wp\/v2\/pages"}],"about":[{"href":"http:\/\/invisbu.gov.co\/contenido\/wp-json\/wp\/v2\/types\/page"}],"author":[{"embeddable":true,"href":"http:\/\/invisbu.gov.co\/contenido\/wp-json\/wp\/v2\/users\/1"}],"replies":[{"embeddable":true,"href":"http:\/\/invisbu.gov.co\/contenido\/wp-json\/wp\/v2\/comments?post=12"}],"version-history":[{"count":60,"href":"http:\/\/invisbu.gov.co\/contenido\/wp-json\/wp\/v2\/pages\/12\/revisions"}],"predecessor-version":[{"id":2391,"href":"http:\/\/invisbu.gov.co\/contenido\/wp-json\/wp\/v2\/pages\/12\/revisions\/2391"}],"wp:attachment":[{"href":"http:\/\/invisbu.gov.co\/contenido\/wp-json\/wp\/v2\/media?parent=12"}],"curies":[{"name":"wp","href":"https:\/\/api.w.org\/{rel}","templated":true}]}}